{"id":558,"date":"2014-06-22T10:53:41","date_gmt":"2014-06-22T10:53:41","guid":{"rendered":"http:\/\/forever.sklep.pl\/?post_type=product&#038;p=558"},"modified":"2022-02-10T15:35:56","modified_gmt":"2022-02-10T15:35:56","slug":"aloe-lips-aloesowy-balsam-do-ust-43-g","status":"publish","type":"product","link":"http:\/\/forever.sklep.pl\/?product=aloe-lips-aloesowy-balsam-do-ust-43-g","title":{"rendered":"Aloe Lips &#8211; Aloesowy balsam do ust, 4,3 g"},"content":{"rendered":"<p><b>Aloe Lips &#8211; Aloesowy balsam do ust<\/b><\/p>\n<p>Nareszcie koniec z pierzchni\u0119ciem i p\u0119kaniem sk\u00f3ry na wargach! Koniec z uczuciem nadmiernej sucho\u015bci, kt\u00f3re zmusza wiele os\u00f3b do ci\u0105g\u0142ego zwil\u017cania ust j\u0119zykiem, co jeszcze bardziej pog\u0142\u0119bia k\u0142opoty zamiast im przeciwdzia\u0142a\u0107. A mo\u017ce gn\u0119bi\u0105 nas zajady lub zbyt cz\u0119sto atakuj\u0105ca opryszczka? Aloe Lips potrafi znacznie z\u0142agodzi\u0107 ich objawy! Zawarty w tym balsamie mi\u0105\u017csz aloesowy, olejek jojoba, w po\u0142\u0105czeniu z alantoin\u0105 i naturalnym woskiem pszczelim, z\u0142agodz\u0105 ka\u017cde podra\u017cnienie i ukoj\u0105 stan zapalny. Aloe Lips u\u017cyty jako podk\u0142ad pod szmink\u0119 nada ustom naturalny, \u015bwie\u017cy wygl\u0105d. Ochroni delikatn\u0105 sk\u00f3r\u0119 ust przed wysuszaj\u0105cym dzia\u0142aniem s\u0142o\u0144ca, wiatru lub mrozu.<\/p>\n<p><b>G\u0142\u00f3wne sk\u0142adniki:<\/b><\/p>\n<p>Mi\u0105\u017csz aloe barbadensis (stabilizowany mi\u0105\u017csz Aloe Vera 27,6 %), wazelina, olejek jojoba, wosk kandelila, wosk pszczeli, wosk karanuba, alantonina.<\/p>\n<p><b>Opakowanie:<\/b><\/p>\n<p>4,3 g<\/p>\n<p><b>Dzia\u0142anie \/ w\u0142a\u015bciwo\u015bci Aloesowego balsamu do ust:<\/b><\/p>\n<ul>\n<li>B\u0142yskawicznie zmi\u0119kcza spierzchniety nask\u00f3rek.<\/li>\n<li>Chroni sk\u00f3r\u0119 przed dra\u017cni\u0105cym dzia\u0142aniem s\u0142o\u0144ca, wiatru lub mrozu.<\/li>\n<li>Przyspiesza procesy gojenia.<\/li>\n<li>\u0141agodzi ka\u017cde podra\u017cnienie i koi stan zapalny.<\/li>\n<\/ul>\n<p><b>Wskazania:<\/b><\/p>\n<p>Jest ch\u0119tnie u\u017cywany jako &#8222;aloesowa pierwsza pomoc w przypadku drobnych skalecze\u0144, oparze\u0144 lub uk\u0105sze\u0144 owad\u00f3w. U\u017cywaj jako pok\u0142ad pod szmink\u0119 nadaje ustom naturalny, \u015bwie\u017cy wygl\u0105d.<\/p>\n<p><b>Zastosowanie:<\/b><\/p>\n<ul>\n<li>od\u017cywia i piel\u0119gnuje usta<\/li>\n<li>goi zajady i j\u0119czmienie na powiece<\/li>\n<li>leczy opryszczk\u0119<\/li>\n<li>na uk\u0105szenia owad\u00f3w<\/li>\n<li>na skaleczenia &#8211; hamuje krwawienie<\/li>\n<li>na hemoroidy &#8211; jako czopek<\/li>\n<\/ul>\n<p><strong>Kod produktu:\u00a022<\/strong><\/p>\n<p>&nbsp;<\/p>\n","protected":false},"excerpt":{"rendered":"<p>B\u0142yskawicznie zmi\u0119kcza spierzchni\u0119ty nask\u00f3rek, u\u017cyty jako podk\u0142ad pod szmink\u0119 nadaje ustom naturalny, \u015bwie\u017cy wygl\u0105d, chroni sk\u00f3r\u0119 przed dra\u017cni\u0105cym dzia\u0142aniem s\u0142o\u0144ca, wiatru lub mrozu, przyspiesza procesy gojenia, ch\u0119tnie u\u017cywany jako pierwsza pomoc w przypadku drobnych skalecze\u0144, oparze\u0144 lub uk\u0105sze\u0144 owad\u00f3w<\/p>\n<p>&nbsp;<\/p>\n","protected":false},"featured_media":1098,"comment_status":"open","ping_status":"closed","template":"","meta":[],"product_cat":[20],"product_tag":[],"_links":{"self":[{"href":"http:\/\/forever.sklep.pl\/index.php?rest_route=\/wp\/v2\/product\/558"}],"collection":[{"href":"http:\/\/forever.sklep.pl\/index.php?rest_route=\/wp\/v2\/product"}],"about":[{"href":"http:\/\/forever.sklep.pl\/index.php?rest_route=\/wp\/v2\/types\/product"}],"replies":[{"embeddable":true,"href":"http:\/\/forever.sklep.pl\/index.php?rest_route=%2Fwp%2Fv2%2Fcomments&post=558"}],"wp:featuredmedia":[{"embeddable":true,"href":"http:\/\/forever.sklep.pl\/index.php?rest_route=\/wp\/v2\/media\/1098"}],"wp:attachment":[{"href":"http:\/\/forever.sklep.pl\/index.php?rest_route=%2Fwp%2Fv2%2Fmedia&parent=558"}],"wp:term":[{"taxonomy":"product_cat","embeddable":true,"href":"http:\/\/forever.sklep.pl\/index.php?rest_route=%2Fwp%2Fv2%2Fproduct_cat&post=558"},{"taxonomy":"product_tag","embeddable":true,"href":"http:\/\/forever.sklep.pl\/index.php?rest_route=%2Fwp%2Fv2%2Fproduct_tag&post=558"}],"curies":[{"name":"wp","href":"https:\/\/api.w.org\/{rel}","templated":true}]}}