{"id":535,"date":"2014-06-22T10:14:42","date_gmt":"2014-06-22T10:14:42","guid":{"rendered":"http:\/\/forever.sklep.pl\/?post_type=product&#038;p=535"},"modified":"2022-02-15T14:11:02","modified_gmt":"2022-02-15T14:11:02","slug":"forever-royal-jelly-mleczko-pszczele-forever-60-tabletek","status":"publish","type":"product","link":"http:\/\/forever.sklep.pl\/?product=forever-royal-jelly-mleczko-pszczele-forever-60-tabletek","title":{"rendered":"Forever Royal Jelly &#8211; Mleczko Pszczele Forever, 60 tabletek"},"content":{"rendered":"<p><strong>Forever Royal Jelly &#8211; Mleczko pszczele forever<\/strong><br \/>\n<strong> Suplement diety<\/strong><\/p>\n<p>Mleczko pszczele jest jednym z najbardziej niezwyk\u0142ych twor\u00f3w przyrody i to nie tylko dlatego, \u017ce Natura przeznaczy\u0142a je na pokarm dla wybra\u0144c\u00f3w losu, czyli jedynie dla kr\u00f3lowej ula. Na szczeg\u00f3lny podziw zas\u0142uguje bogactwo sk\u0142adnik\u00f3w od\u017cywczych oraz proporcje pomi\u0119dzy nimi. W swoim czasie nadano mleczku pszczelemu miano \u201eeliksiru \u017cycia\u201c, gdy\u017c wykryto, \u017ce zawiera ponad dwadzie\u015bcia biopierwiastk\u00f3w (m.in. potas, wap\u0144, magnez, cynk, \u017celazo, mied\u017a i mangan), prawie wszystkie aminokwasy egzogenne i wi\u0119kszo\u015b\u0107 endogennych.<\/p>\n<p>Ponadto wolne kwasy t\u0142uszczowe, enzymy oraz niemal kompletny zestaw witamin, g\u0142\u00f3wnie z grupy B, w\u015br\u00f3d kt\u00f3rych na szczeg\u00f3ln\u0105 uwag\u0119 zas\u0142uguje kwas pantotenowy, obecny we wszystkich \u017cywych tkankach. Stwierdzono, \u017ce kwas ten wyst\u0119puje w mleczku pszczelim w niespotykanej w przyrodzie koncentracji, czym t\u0142umaczono fakt, \u017ce \u017cywiona nim kr\u00f3lowa ula do\u017cywa nawet siedmiu lat, podczas gdy pszczo\u0142a-robotnica \u017cyje zaledwie miesi\u0105c. Wykryte p\u00f3\u017aniej w mleczku pszczelim kwasy nukleinowe potwierdzi\u0142y t\u0119 teori\u0119, gdy\u017c jak wiadomo, one tak\u017ce wp\u0142ywaj\u0105 na przed\u0142u\u017cenie \u017cycia.<\/p>\n<p>U os\u00f3b regularnie korzystaj\u0105cych z tego wspania\u0142ego daru Natury poprawia si\u0119 stan og\u00f3lny, ro\u015bnie odporno\u015b\u0107 i powraca zdolno\u015b\u0107 do wysi\u0142ku fizycznego i intelektualnego. Nie do przecenienia jest r\u00f3wnie\u017c fakt, \u017ce po pewnym czasie za\u017cywania mleczka pszczelego ulega znacznemu polepszeniu odporno\u015b\u0107, a tak\u017ce wygl\u0105d, gdy\u017c zawarte w mleczku sk\u0142adniki dzia\u0142aj\u0105 na sk\u00f3r\u0119 regeneruj\u0105co niejako \u201eod podstaw\u201c. Aby uzyska\u0107 jeszcze lepsze efekty, dobrze jest popija\u0107 Mleczko Pszczele Forever naturalnie stabilizowanym Mi\u0105\u017cszem Aloe Vera, gdy\u017c w dzia\u0142aniu obie te naturalne substancje \u015bwietnie si\u0119 uzupe\u0142niaj\u0105, a czasami nawet pot\u0119guj\u0105 sw\u00f3j wp\u0142yw na organizm.<\/p>\n<p><b>G\u0142\u00f3wne sk\u0142adniki:<\/b><\/p>\n<p>Sproszkowany koncentrat mleczka pszczelego, sorbitol &#8211; substancja s\u0142odz\u0105ca, fruktoza, kwas cytrynowy.<\/p>\n<p><b>Zawarto\u015b\u0107 sk\u0142adnik\u00f3w od\u017cywczych:<\/b><\/p>\n<p>1 tabletka mleczko pszczele &#8211; 250 mg<\/p>\n<p>2 tabletki mleczko pszczele &#8211; 500 mg<\/p>\n<p>Nie nale\u017cy przekracza\u0107 zalecanej do spo\u017cycia porcji w ci\u0105gu dnia. Suplement diety nie mo\u017ce by\u0107 stosowany jako substytut zr\u00f3\u017cnicowanej diety.<\/p>\n<p><b>Opakowanie:<\/b><\/p>\n<p>60 tabletek<\/p>\n<p><b>Spos\u00f3b u\u017cycia:<\/b><\/p>\n<p>1-2 tabletki dziennie<\/p>\n<p><b>Kraj pochodzenia:<\/b><\/p>\n<p>USA. Importer: Forever Living Products Poland, Sp. z o.o. 00-807 Warszawa, Al. Jerozolimskie 92<\/p>\n<p><strong>Kod produktu:\u00a036<\/strong><\/p>\n","protected":false},"excerpt":{"rendered":"<p>&nbsp;<\/p>\n<p>U os\u00f3b regularnie korzystaj\u0105cych z tego wspania\u0142ego daru Natury poprawia si\u0119 stan og\u00f3lny i powraca zdolno\u015b\u0107 do wysi\u0142ku fizycznego i intelektualnego. Po pewnym czasie za\u017cywania mleczka pszczelego ulega znacznemu polepszeniu odporno\u015b\u0107 na infekcje.<\/p>\n","protected":false},"featured_media":2000,"comment_status":"open","ping_status":"closed","template":"","meta":[],"product_cat":[38,35,28,27],"product_tag":[],"_links":{"self":[{"href":"http:\/\/forever.sklep.pl\/index.php?rest_route=\/wp\/v2\/product\/535"}],"collection":[{"href":"http:\/\/forever.sklep.pl\/index.php?rest_route=\/wp\/v2\/product"}],"about":[{"href":"http:\/\/forever.sklep.pl\/index.php?rest_route=\/wp\/v2\/types\/product"}],"replies":[{"embeddable":true,"href":"http:\/\/forever.sklep.pl\/index.php?rest_route=%2Fwp%2Fv2%2Fcomments&post=535"}],"wp:featuredmedia":[{"embeddable":true,"href":"http:\/\/forever.sklep.pl\/index.php?rest_route=\/wp\/v2\/media\/2000"}],"wp:attachment":[{"href":"http:\/\/forever.sklep.pl\/index.php?rest_route=%2Fwp%2Fv2%2Fmedia&parent=535"}],"wp:term":[{"taxonomy":"product_cat","embeddable":true,"href":"http:\/\/forever.sklep.pl\/index.php?rest_route=%2Fwp%2Fv2%2Fproduct_cat&post=535"},{"taxonomy":"product_tag","embeddable":true,"href":"http:\/\/forever.sklep.pl\/index.php?rest_route=%2Fwp%2Fv2%2Fproduct_tag&post=535"}],"curies":[{"name":"wp","href":"https:\/\/api.w.org\/{rel}","templated":true}]}}