{"id":533,"date":"2014-06-22T10:12:45","date_gmt":"2014-06-22T10:12:45","guid":{"rendered":"http:\/\/forever.sklep.pl\/?post_type=product&#038;p=533"},"modified":"2022-02-10T15:42:39","modified_gmt":"2022-02-10T15:42:39","slug":"forever-bee-propolis-propolis-pszczeli-forever-60-tabletek","status":"publish","type":"product","link":"http:\/\/forever.sklep.pl\/?product=forever-bee-propolis-propolis-pszczeli-forever-60-tabletek","title":{"rendered":"Forever Bee Propolis &#8211; Propolis Pszczeli Forever, 60 tabletek"},"content":{"rendered":"<h2>Forever Bee Propolis &#8211; antybiotyk prosto z ula.<\/h2>\n<p><strong>Propolis<\/strong> to w substancja wykorzystywana przez pszczo\u0142y do uszczelniania ula. Jednocze\u015bnie jest to bariera ochronna kt\u00f3ra pozwala pszczo\u0142om zachowa\u0107 \u201e czysto\u015b\u0107 ula\u201d. Propolis pszczo\u0142y produkuj\u0105 z \u017cywic ro\u015blinnych zebranych mi\u0119dzy innymi z p\u0105czk\u00f3w i m\u0142odych p\u0119d\u00f3w drzew i kwiat\u00f3w. Propolis zawiera w sobie mn\u00f3stwo substancji bakterio i grzybob\u00f3jczych. To swego rodzaju naturalny lek chroni\u0105cy pszczo\u0142y przed chorobami.<br \/>\nPropolis wykorzystywano w medycynie ju\u017c w staro\u017cytnym Rzymie i Egipcie ponad 5 tysi\u0119cy lat temu. O produkowanej przez pszczo\u0142y \u017cywicowatej substancji, podobnej nieco do bursztynu, pisa\u0142 ju\u017c w I wieku naszej ery Dioskuryd Pedanios \u2013 nadworny lekarz cesarzy rzymskich, Nerona i Wespazjana \u2013 ten sam medyk, kt\u00f3ry znany jest z opisania wielu w\u0142a\u015bciwo\u015bci aloesu<\/p>\n<h4>Pszczeli antybiotyk<\/h4>\n<p><strong>Propolis ma bardzo szerokie spektrum dzia\u0142ania.<\/strong> Dzi\u0119ki swojemu bakterio i grzybob\u00f3jczemu dzia\u0142aniu skuteczny jest w leczeniu wi\u0119kszo\u015bci infekcji. Stosowany jest on powszechnie w dermatologii do leczenia ropnego zapalenia sk\u00f3ry, wszelakich grzybic, oparze\u0144 i odmro\u017ce\u0144.<br \/>\nSprawdza si\u0119 r\u00f3wnie\u017c jako \u015brodek \u0142agodz\u0105cy infekcje jamy ustnej, gard\u0142a i przewodu pokarmowego. Propolis stosuje si\u0119 te\u017c w leczeniu hemoroid\u00f3w.<br \/>\nJedn\u0105 z najbardziej warto\u015bciowych w\u0142a\u015bciwo\u015bci propolisu jest jego dzia\u0142anie na drobnoustroje chorobotw\u00f3rcze, szczeg\u00f3lnie na bakterie i grzyby chorobotw\u00f3rcze. Drobnoustroje wra\u017cliwe na wyci\u0105gi z propolisu nale\u017c\u0105 gronkowce, paciorkowce, grzyby oraz dermatofity. Skuteczne dzia\u0142anie wyci\u0105g\u00f3w z propolisu odnotowano tak\u017ce w przypadku wirus\u00f3w chorobotw\u00f3rczych dla cz\u0142owieka, takich jak wirusy grypy, opryszczki i innych.<\/p>\n<p>Dlatego propolis doskonale sprawdza si\u0119 jako suplement diety, warto w\u0142\u0105cza\u0107 go do swojego po\u017cywienia profilaktycznie, aby unikn\u0105\u0107 infekcji tak dokuczliwych w codziennym \u017cyciu.<\/p>\n<p><strong>Forever Living Products oferuje kit pszczeli (propolis) o wyj\u0105tkowej czysto\u015bci.<br \/>\n<\/strong>&#8211;<strong> W spos\u00f3b naturalny zwi\u0119ksza odporno\u015b\u0107<br \/>\n&#8211; Wzbogacony mleczkiem pszczelim<br \/>\n&#8211; Bez sztucznych barwnik\u00f3w i konserwant\u00f3w<br \/>\n&#8211; Ka\u017cda tabletka zawiera 500 mg propolisu<br \/>\n&#8211; 100% naturalny, nie zawiera sztucznych barwnik\u00f3w, czy konserwant\u00f3w<\/strong><\/p>\n<p><strong>KUPUJ Z RABATEM!<\/strong><\/p>\n<p><b>G\u0142\u00f3wne sk\u0142adniki:<\/b><\/p>\n<p>Sproszkowany propolis pszczeli (71%), mi\u00f3d, mleczko pszczele.<\/p>\n<p><b>Zawarto\u015b\u0107 sk\u0142adnik\u00f3w od\u017cywczych:<\/b><\/p>\n<p>1 tabletka propolis pszczeli &#8211; 500 mg<\/p>\n<p>2 tabletki propolis pszczeli &#8211; 1000 mg<\/p>\n<p><b>Opakowanie:<\/b><\/p>\n<p>60 tabletek<\/p>\n<p><b>Spos\u00f3b u\u017cycia:<\/b><\/p>\n<p>1-2 tabletki dziennie<\/p>\n<p><b>Przechowywanie:<\/b><\/p>\n<p>Przechowywa\u0107 w szczelnie zamkni\u0119tym opakowaniu, w ch\u0142odnym, suchym miejscu, niedost\u0119pnym dla ma\u0142ych dzieci. Nie nale\u017cy u\u017cywa\u0107, gdy uszkodzone jest zabezpieczenie pod nakr\u0119tk\u0105.<\/p>\n<p><b>Kraj pochodzenia:<\/b><\/p>\n<p>USA. Importer: Forever Living Products Poland, Sp. z o.o. 00-807 Warszawa, Al. Jerozolimskie 92<\/p>\n<p><strong>Kod produktu:\u00a027<\/strong><\/p>\n","protected":false},"excerpt":{"rendered":"<p>Wzbogacony mleczkiem pszczelim, Propolis Pszczeli, to doskona\u0142y spos\u00f3b na wsparcie naturalnych mechanizm\u00f3w obronnych organizmu.<\/p>\n","protected":false},"featured_media":958,"comment_status":"open","ping_status":"closed","template":"","meta":[],"product_cat":[35,28,27],"product_tag":[],"_links":{"self":[{"href":"http:\/\/forever.sklep.pl\/index.php?rest_route=\/wp\/v2\/product\/533"}],"collection":[{"href":"http:\/\/forever.sklep.pl\/index.php?rest_route=\/wp\/v2\/product"}],"about":[{"href":"http:\/\/forever.sklep.pl\/index.php?rest_route=\/wp\/v2\/types\/product"}],"replies":[{"embeddable":true,"href":"http:\/\/forever.sklep.pl\/index.php?rest_route=%2Fwp%2Fv2%2Fcomments&post=533"}],"wp:featuredmedia":[{"embeddable":true,"href":"http:\/\/forever.sklep.pl\/index.php?rest_route=\/wp\/v2\/media\/958"}],"wp:attachment":[{"href":"http:\/\/forever.sklep.pl\/index.php?rest_route=%2Fwp%2Fv2%2Fmedia&parent=533"}],"wp:term":[{"taxonomy":"product_cat","embeddable":true,"href":"http:\/\/forever.sklep.pl\/index.php?rest_route=%2Fwp%2Fv2%2Fproduct_cat&post=533"},{"taxonomy":"product_tag","embeddable":true,"href":"http:\/\/forever.sklep.pl\/index.php?rest_route=%2Fwp%2Fv2%2Fproduct_tag&post=533"}],"curies":[{"name":"wp","href":"https:\/\/api.w.org\/{rel}","templated":true}]}}