{"id":531,"date":"2014-06-22T10:10:59","date_gmt":"2014-06-22T10:10:59","guid":{"rendered":"http:\/\/forever.sklep.pl\/?post_type=product&#038;p=531"},"modified":"2022-02-15T14:05:14","modified_gmt":"2022-02-15T14:05:14","slug":"forever-bee-pollen-pylek-pszczeli-forever-100-tabletek","status":"publish","type":"product","link":"http:\/\/forever.sklep.pl\/?product=forever-bee-pollen-pylek-pszczeli-forever-100-tabletek","title":{"rendered":"Forever Bee Pollen &#8211; Py\u0142ek Pszczeli Forever, 100 tabletek"},"content":{"rendered":"<p><b>Forever Bee Pollen &#8211; Py\u0142ek Pszczeli Forever<br \/>\nSuplement diety<\/b><\/p>\n<p>Py\u0142ek pszczeli to po prostu py\u0142ek kwiatowy, zebrany i poddany odpowiedniej obr\u00f3bce przez pszczo\u0142y, kt\u00f3re nast\u0119pnie zanosz\u0105 go do ula i wykorzystuj\u0105 jako po\u017cywienie. <strong>Py\u0142ek pszczeli powszechnie uznawany jest za jeden z najdoskonalszych i najpe\u0142niejszych pokarm\u00f3w, jakie wyst\u0119puj\u0105 w naturze.<\/strong> Warto te\u017c pami\u0119ta\u0107, \u017ce pszczo\u0142y s\u0105 ?miernikami? czysto\u015bci otoczenia i wybieraj\u0105 z niego tylko to, co w nim najzdrowsze. To najlepsza gwarancja jako\u015bci produkt\u00f3w prosto z ula!<\/p>\n<p>Py\u0142ek pszczeli stanowi prawdziw\u0105 skarbnic\u0119 substancji od\u017cywczych i idealn\u0105 wr\u0119cz kompozycj\u0119 wielu wa\u017cnych sk\u0142adnik\u00f3w. Dzi\u0119ki temu wzmacnia zdrowie, a tak\u017ce wp\u0142ywa korzystnie na wygl\u0105d sk\u00f3ry. W jego sk\u0142adzie znajduj\u0105 si\u0119 wszystkie witaminy z grupy B, a tak\u017ce witaminy C, D, E, K i beta karoten (\u017ar\u00f3d\u0142o witaminy A) oraz liczne mikro- i makroelementy, enzymy i koenzymy, zwi\u0105zki flawonoidowe, nienasycone kwasy t\u0142uszczowe, bia\u0142ka i 22 aminokwasy ? w tym 8 podstawowych, kt\u00f3rych organizm cz\u0142owieka nie wytwarza.<\/p>\n<p>Py\u0142ek pszczeli zawiera r\u00f3wnie\u017c lecytyn\u0119, kt\u00f3ra jest obecna we wszystkich kom\u00f3rkach i bierze udzia\u0142 w metabolizmie t\u0142uszczy. Bardzo wa\u017cne jest to, \u017ce substancje od\u017cywcze zawarte w py\u0142ku s\u0105 \u0142atwo trawione i przyswajane przez ludzki organizm.<\/p>\n<p><b>G\u0142\u00f3wne sk\u0142adniki:<\/b><\/p>\n<p>Granulowany py\u0142ek pszczeli, mi\u00f3d, mleczko pszczele.<\/p>\n<p><b>Opakowanie:<\/b><\/p>\n<p>100 tabletek<\/p>\n<p><b>Spos\u00f3b u\u017cycia:<\/b><\/p>\n<p>1-2 tabletki dziennie<\/p>\n<p><b>Dzia\u0142anie \/ w\u0142a\u015bciwo\u015bci Py\u0142ku Pszczelego Forever<\/b><\/p>\n<ul>\n<li>\u015awietny suplement diety.<\/li>\n<li>Zawiera wiele witamin i sk\u0142adnik\u00f3w mineralnych.<\/li>\n<\/ul>\n<p><b>Kraj pochodzenia:<\/b><\/p>\n<p>USA. Importer: Forever Living Products Poland, Sp. z o.o. 00-807 Warszawa, Al. Jerozolimskie 92<\/p>\n<p><strong>Kod produktu:\u00a026<\/strong><\/p>\n","protected":false},"excerpt":{"rendered":"<p>W jego sk\u0142adzie znajduj\u0105 si\u0119 wszystkie witaminy z grupy B, a tak\u017ce witaminy C, D, E, K i beta karoten (\u017ar\u00f3d\u0142o witaminy A) oraz liczne mikro- i makroelementy, enzymy i koenzymy, zwi\u0105zki flawonoidowe, nienasycone kwasy t\u0142uszczowe, bia\u0142ka i 22 aminokwasy ? w tym 8 podstawowych, kt\u00f3rych organizm cz\u0142owieka nie wytwarza.<\/p>\n","protected":false},"featured_media":962,"comment_status":"open","ping_status":"closed","template":"","meta":[],"product_cat":[28,27],"product_tag":[],"_links":{"self":[{"href":"http:\/\/forever.sklep.pl\/index.php?rest_route=\/wp\/v2\/product\/531"}],"collection":[{"href":"http:\/\/forever.sklep.pl\/index.php?rest_route=\/wp\/v2\/product"}],"about":[{"href":"http:\/\/forever.sklep.pl\/index.php?rest_route=\/wp\/v2\/types\/product"}],"replies":[{"embeddable":true,"href":"http:\/\/forever.sklep.pl\/index.php?rest_route=%2Fwp%2Fv2%2Fcomments&post=531"}],"wp:featuredmedia":[{"embeddable":true,"href":"http:\/\/forever.sklep.pl\/index.php?rest_route=\/wp\/v2\/media\/962"}],"wp:attachment":[{"href":"http:\/\/forever.sklep.pl\/index.php?rest_route=%2Fwp%2Fv2%2Fmedia&parent=531"}],"wp:term":[{"taxonomy":"product_cat","embeddable":true,"href":"http:\/\/forever.sklep.pl\/index.php?rest_route=%2Fwp%2Fv2%2Fproduct_cat&post=531"},{"taxonomy":"product_tag","embeddable":true,"href":"http:\/\/forever.sklep.pl\/index.php?rest_route=%2Fwp%2Fv2%2Fproduct_tag&post=531"}],"curies":[{"name":"wp","href":"https:\/\/api.w.org\/{rel}","templated":true}]}}