{"id":521,"date":"2014-06-22T09:57:57","date_gmt":"2014-06-22T09:57:57","guid":{"rendered":"http:\/\/forever.sklep.pl\/?post_type=product&#038;p=521"},"modified":"2022-02-10T15:54:41","modified_gmt":"2022-02-10T15:54:41","slug":"forever-immublendtm-suplement-wspierajacy-odpornosc-60-tabletek","status":"publish","type":"product","link":"http:\/\/forever.sklep.pl\/?product=forever-immublendtm-suplement-wspierajacy-odpornosc-60-tabletek","title":{"rendered":"Forever ImmuBlendTM &#8211; suplement wspieraj\u0105cy odpornos\u0107, 60 tabletek"},"content":{"rendered":"<p><b>Forever ImmuBlend &#8211;\u00a0Suplement diety<\/b><\/p>\n<p>Forever ImmuBlend\u2122 zosta\u0142 stworzony, by wspiera\u0107 funkcjonowanie uk\u0142adu immunologicznego w ka\u017cdym aspekcie odporno\u015bci \u2013 od pierwszej do ostatniej linii obrony. Ka\u017cdy sk\u0142adnik naszej unikalnej mieszanki zosta\u0142 wybrany ze wzgl\u0119du na rol\u0119, jak\u0105 odgrywa we wspieraniu funkcjonowania naszego uk\u0142adu immunologicznego. Wszystkie one pomagaj\u0105 zachowa\u0107 optymaln\u0105 odporno\u015b\u0107, by tw\u00f3j dzie\u0144 mija\u0142 bez trosk.<\/p>\n<p>W naszej wspieraj\u0105cej odporno\u015b\u0107 mieszance substancji od\u017cywczych znajdziesz laktoferyn\u0119, grzyby maitake i shitake, a tak\u017ce witaminy C i D oraz cynk. Ka\u017cdy z tych sk\u0142adnik\u00f3w przyczynia si\u0119 do dobrej kondycji twojego organizmu:<\/p>\n<ul>\n<li>Witamina D \u2013 wspiera prawid\u0142owe funkcjonowanie uk\u0142adu odporno\u015bciowego i przyczynia si\u0119 do prawid\u0142owego przebiegu odpowiedzi zapalnej<\/li>\n<li>Witamina C \u2013 wspiera prawid\u0142owe funkcjonowanie uk\u0142adu odporno\u015bciowego, walczy z wolnymi rodnikami i przyczynia si\u0119 do ochrony sk\u0142adnik\u00f3w kom\u00f3rki przed uszkodzeniem oksydacyjnym<\/li>\n<li>Cynk \u2013 wspiera produkcj\u0119 kom\u00f3rek odporno\u015bciowych i przyczynia si\u0119 do ochrony sk\u0142adnik\u00f3w kom\u00f3rki przed uszkodzeniem oksydacyjnym<\/li>\n<li>Fruktooligosacharydy \u2013 wspieraj\u0105 odpowiedni poziom bakterii pro biotycznych w uk\u0142adzie trawiennym<\/li>\n<li>Laktoferyna\u00a0 \u2013 wspiera produkcj\u0119 kom\u00f3rek odporno\u015bciowych i pomaga zachowa\u0107 optymalny poziom korzystnych bakterii w jelitach<\/li>\n<li>Grzyby maitake i shitake \u2013 wspieraj\u0105 produkcj\u0119 kom\u00f3rek odporno\u015bciowych oraz funkcje uk\u0142adu kr\u0105\u017cenia<\/li>\n<\/ul>\n<p>Ta unikalna receptura odnosi si\u0119 do wszystkich aspekt\u00f3w funkcjonowania uk\u0142adu odporno\u015bciowego, dostarczaj\u0105c zar\u00f3wno fundamentalnych sk\u0142adnik\u00f3w od\u017cywczych nieodzownych dla zdrowia uk\u0142adu immunologicznego, jak i naturalnych substancji ro\u015blinnych, kt\u00f3re dzia\u0142aj\u0105 synergicznie, by wspiera\u0107 funkcje odporno\u015bciowe.<\/p>\n<p><b>G\u0142\u00f3wne sk\u0142adniki:<\/b><\/p>\n<p>celuloza mikrokrystaliczna &#8211; substancja wype\u0142niaj\u0105ca, fruktooligosacharydy, hydroksypropylometyloceluloza &#8211; substancja zag\u0119szczaj\u0105ca, glukonian cynku, kwas L-askorbinowy, laktoferyna z mleka, kwas stearynowy &#8211; stabilizator, sproszkowane grzyby Maitake (Grifola Frondosa), stearynian magnezu &#8211; emulgator, s\u00f3l sodowa karboksymetylocelulozy usieciowana &#8211; no\u015bnik, sproszkowane grzyby Shitake (Lentinula edodes), ekstrakt z grzyb\u00f3w Maitake (Grifola frondosa(, dwutlenek krzemu &#8211; substancja przeciwzbrylaj\u0105ca, cholekalcyferol, s\u00f3l sodowa karboksymetylocelulozy &#8211; substancja glazuruj\u0105ca, dekstryny, dekstroza, lecytyna sojowa &#8211; emulgator, cytrynian trisodowy &#8211; substancja do stosowania na powierzchni\u0119.<\/p>\n<p><b>Zawarto\u015b\u0107 sk\u0142adnik\u00f3w od\u017cywczych:<\/b><\/p>\n<p>2 tabletki<\/p>\n<ul>\n<li>witamina C &#8211; 90 mg (112%*)<\/li>\n<li>witamina D &#8211; 10 \u03bcg (200%*)<\/li>\n<li>cynk &#8211; 15 mg (150%*)<\/li>\n<li>fruktooligosacharydy &#8211; 240 mg<\/li>\n<li>laktoferyna &#8211; 66 mg<\/li>\n<li>sproszkowane grzyby Maitake &#8211; 25 mg<\/li>\n<li>sproszkowane grzyby Shitakie &#8211; 17 mg<\/li>\n<li>ekstrakt z grzyb\u00f3w Maitake &#8211; 7 mg<\/li>\n<\/ul>\n<p>* % zalecanego dziennego zapotrzebowania<\/p>\n<p>Nie nale\u017cy przekracza\u0107 zalecanej do spo\u017cycia porcji w ci\u0105gu dnia. Suplement diety nie mo\u017ce by\u0107 stosowany jako substytut zr\u00f3\u017cnicowanej diety.<\/p>\n<p><b>Spos\u00f3b u\u017cycia:<\/b><\/p>\n<p>doro\u015bli 2 tabletki dziennie<\/p>\n<p><b>Opakowanie:<\/b><\/p>\n<p>60 tabletek<\/p>\n<p><b>Przechowywanie:<\/b><\/p>\n<p>Przechowywa\u0107 w szczelnie zamkni\u0119tym opakowaniu, w ch\u0142odnym, suchym miejscu, niedost\u0119pnym dla ma\u0142ych dzieci. Nie nale\u017cy u\u017cywa\u0107, gdy uszkodzone jest zabezpieczenie pod nakr\u0119tk\u0105.<\/p>\n<p><b>Kraj pochodzenia:<\/b><\/p>\n<p>USA. Importer: Forever Living Products Poland, Sp. z o.o. 00-807 Warszawa, Al. Jerozolimskie 92<\/p>\n<p><strong>Kod produktu:\u00a0355<\/strong><\/p>\n","protected":false},"excerpt":{"rendered":"<p>Forever ImmuBlend &#8211;\u00a0Suplement diety Forever ImmuBlend\u2122 zosta\u0142 stworzony, by wspiera\u0107 funkcjonowanie uk\u0142adu immunologicznego w ka\u017cdym aspekcie odporno\u015bci \u2013 od pierwszej do ostatniej linii obrony. Ka\u017cdy sk\u0142adnik naszej unikalnej mieszanki zosta\u0142 wybrany ze wzgl\u0119du na rol\u0119, jak\u0105 odgrywa we wspieraniu funkcjonowania&hellip; <\/p>\n","protected":false},"featured_media":522,"comment_status":"closed","ping_status":"closed","template":"","meta":[],"product_cat":[28],"product_tag":[],"_links":{"self":[{"href":"http:\/\/forever.sklep.pl\/index.php?rest_route=\/wp\/v2\/product\/521"}],"collection":[{"href":"http:\/\/forever.sklep.pl\/index.php?rest_route=\/wp\/v2\/product"}],"about":[{"href":"http:\/\/forever.sklep.pl\/index.php?rest_route=\/wp\/v2\/types\/product"}],"replies":[{"embeddable":true,"href":"http:\/\/forever.sklep.pl\/index.php?rest_route=%2Fwp%2Fv2%2Fcomments&post=521"}],"wp:featuredmedia":[{"embeddable":true,"href":"http:\/\/forever.sklep.pl\/index.php?rest_route=\/wp\/v2\/media\/522"}],"wp:attachment":[{"href":"http:\/\/forever.sklep.pl\/index.php?rest_route=%2Fwp%2Fv2%2Fmedia&parent=521"}],"wp:term":[{"taxonomy":"product_cat","embeddable":true,"href":"http:\/\/forever.sklep.pl\/index.php?rest_route=%2Fwp%2Fv2%2Fproduct_cat&post=521"},{"taxonomy":"product_tag","embeddable":true,"href":"http:\/\/forever.sklep.pl\/index.php?rest_route=%2Fwp%2Fv2%2Fproduct_tag&post=521"}],"curies":[{"name":"wp","href":"https:\/\/api.w.org\/{rel}","templated":true}]}}