{"id":519,"date":"2014-06-22T09:56:12","date_gmt":"2014-06-22T09:56:12","guid":{"rendered":"http:\/\/forever.sklep.pl\/?post_type=product&#038;p=519"},"modified":"2022-02-10T15:55:51","modified_gmt":"2022-02-10T15:55:51","slug":"forever-calcium-90-tabletek","status":"publish","type":"product","link":"http:\/\/forever.sklep.pl\/?product=forever-calcium-90-tabletek","title":{"rendered":"Forever Calcium, 90 tabletek"},"content":{"rendered":"<p><b>Forever Calcium &#8211;\u00a0Suplement diety<\/b><\/p>\n<p>Wap\u0144 jest jednym z najwa\u017cniejszych minera\u0142\u00f3w buduj\u0105cych nasz organizm. Stanowi oko\u0142o 2% masy cia\u0142a! Najwi\u0119cej, bo prawie 99% tego pierwiastka buduje ludzki uk\u0142ad kostny (w tym r\u00f3wnie\u017c z\u0119by), a pozosta\u0142a ilo\u015b\u0107 gwarantuje prawid\u0142owe funkcjonowanie kom\u00f3rek nerwowych, krwi oraz innych tkanek. Opr\u00f3cz k\u0142opot\u00f3w z tworzeniem i regeneracj\u0105 ko\u015b\u0107ca niedob\u00f3r wapnia powoduje zaburzenia przewodzenia impuls\u00f3w nerwowych, krzepliwo\u015bci krwi, pracy mi\u0119\u015bni i wydzielania niekt\u00f3rych hormon\u00f3w, np. insuliny. Badania wykazuj\u0105, \u017ce ponad 75% \u017cyj\u0105cych wsp\u00f3\u0142cze\u015bnie ludzi spo\u017cywa za ma\u0142o wapnia w swojej dziennej diecie.<br \/>\nEfektywne uzupe\u0142nianie niedobor\u00f3w tego pierwiastka to takie, w czasie kt\u00f3rego wap\u0144 wprowadzany jest do organizmu razem z innymi substancjami (zw\u0142aszcza witamin\u0105 D3 i magnezem), kt\u00f3re umo\u017cliwiaj\u0105 jego przyswajanie i biologiczne wykorzystanie.<br \/>\nForever Calcium\u00ae jest takim w\u0142a\u015bnie produktem, w kt\u00f3rym po\u0142\u0105czono wap\u0144 z magnezem i witamin\u0105 D3 w doskona\u0142ych proporcjach. Maksymalne wch\u0142anianie wapnia jest tak\u017ce zapewnione przez jego nie organiczno &#8211; organiczne po\u0142\u0105czenie (cytrynian wapnia).<br \/>\nCodzienne za\u017cywanie Forever Calcium zapewnia mocne, ko\u015bci, zdrowe z\u0119by, lepsze funkcjonowanie przemiany materii i uk\u0142adu nerwowego.<\/p>\n<p><b>G\u0142\u00f3wne sk\u0142adniki:<\/b><\/p>\n<p>Cytrynian wapnia, tlenek magnezu, cholekalcyferol (witamina D), stearynian magnezu, ekstrakt z soi, aromat naturalny.<\/p>\n<p><b>Zawarto\u015b\u0107 sk\u0142adnik\u00f3w od\u017cywczych:<\/b><\/p>\n<p>2 tabletki<\/p>\n<ul>\n<li>wap\u0144 &#8211; 500 mg (63%*)<\/li>\n<li>magnez &#8211; 200 mg (53%*)<\/li>\n<li>witamina D &#8211; 5 \u03bcg (100%*)<\/li>\n<\/ul>\n<p>&nbsp;<\/p>\n<p>* % zalecanego dziennego spo\u017cycia<\/p>\n<p>Nie nale\u017cy przekracza\u0107 zalecanej do spo\u017cycia porcji w ci\u0105gu dnia. Suplement diety nie mo\u017ce by\u0107 stosowany jako substytut zr\u00f3\u017cnicowanej diety.<\/p>\n<p><b>Opakowanie:<\/b><\/p>\n<p>90 tabletek<\/p>\n<p><b>Spos\u00f3b u\u017cycia:<\/b><\/p>\n<p>doro\u015bli 2 tabletki dziennie<\/p>\n<p><b>Przechowywanie:<\/b><\/p>\n<p>Przechowywa\u0107 w szczelnie zamkni\u0119tym opakowaniu, w ch\u0142odnym, suchym miejscu, niedost\u0119pnym dla ma\u0142ych dzieci. Nie nale\u017cy u\u017cywa\u0107, gdy uszkodzone jest zabezpieczenie pod nakr\u0119tk\u0105.<\/p>\n<p><b>Kraj pochodzenia:<\/b><\/p>\n<p>USA. Importer: Forever Living Products Poland, Sp. z o.o. 00-807 Warszawa, Al. Jerozolimskie 92<\/p>\n<p><strong>Kod produktu:\u00a0206<\/strong><\/p>\n","protected":false},"excerpt":{"rendered":"<p>Forever Calcium &#8211;\u00a0Suplement diety Wap\u0144 jest jednym z najwa\u017cniejszych minera\u0142\u00f3w buduj\u0105cych nasz organizm. Stanowi oko\u0142o 2% masy cia\u0142a! Najwi\u0119cej, bo prawie 99% tego pierwiastka buduje ludzki uk\u0142ad kostny (w tym r\u00f3wnie\u017c z\u0119by), a pozosta\u0142a ilo\u015b\u0107 gwarantuje prawid\u0142owe funkcjonowanie kom\u00f3rek nerwowych,&hellip; <\/p>\n","protected":false},"featured_media":520,"comment_status":"closed","ping_status":"closed","template":"","meta":[],"product_cat":[28],"product_tag":[],"_links":{"self":[{"href":"http:\/\/forever.sklep.pl\/index.php?rest_route=\/wp\/v2\/product\/519"}],"collection":[{"href":"http:\/\/forever.sklep.pl\/index.php?rest_route=\/wp\/v2\/product"}],"about":[{"href":"http:\/\/forever.sklep.pl\/index.php?rest_route=\/wp\/v2\/types\/product"}],"replies":[{"embeddable":true,"href":"http:\/\/forever.sklep.pl\/index.php?rest_route=%2Fwp%2Fv2%2Fcomments&post=519"}],"wp:featuredmedia":[{"embeddable":true,"href":"http:\/\/forever.sklep.pl\/index.php?rest_route=\/wp\/v2\/media\/520"}],"wp:attachment":[{"href":"http:\/\/forever.sklep.pl\/index.php?rest_route=%2Fwp%2Fv2%2Fmedia&parent=519"}],"wp:term":[{"taxonomy":"product_cat","embeddable":true,"href":"http:\/\/forever.sklep.pl\/index.php?rest_route=%2Fwp%2Fv2%2Fproduct_cat&post=519"},{"taxonomy":"product_tag","embeddable":true,"href":"http:\/\/forever.sklep.pl\/index.php?rest_route=%2Fwp%2Fv2%2Fproduct_tag&post=519"}],"curies":[{"name":"wp","href":"https:\/\/api.w.org\/{rel}","templated":true}]}}