{"id":511,"date":"2014-06-22T09:48:07","date_gmt":"2014-06-22T09:48:07","guid":{"rendered":"http:\/\/forever.sklep.pl\/?post_type=product&#038;p=511"},"modified":"2022-02-10T16:06:44","modified_gmt":"2022-02-10T16:06:44","slug":"forever-lycium-plus-tabletki-wzmacniajace-i-regenerujace-organizm-100-tabletek","status":"publish","type":"product","link":"http:\/\/forever.sklep.pl\/?product=forever-lycium-plus-tabletki-wzmacniajace-i-regenerujace-organizm-100-tabletek","title":{"rendered":"Forever Lycium Plus &#8211; Tabletki wzmacniaj\u0105ce i regeneruj\u0105ce organizm, 100 tabletek"},"content":{"rendered":"<p><b>Forever Lycium Plus &#8211; Tabletki wzmacniaj\u0105ce i regeneruj\u0105ce organizm<br \/>\nSuplement diety<\/b><\/p>\n<p>Pod t\u0105 ekscytuj\u0105co egzotyczn\u0105 nazw\u0105 kryje si\u0119 niezwyk\u0142y produkt, b\u0119d\u0105cy po\u0142\u0105czeniem koncentratu z owoc\u00f3w kolcowoju chi\u0144skiego (Lycium chinense) z wyci\u0105giem bioflawonoidowym z korzenia lukrecji. Obydwie te ro\u015bliny maj\u0105 z pewno\u015bci\u0105 jedn\u0105 wsp\u00f3ln\u0105 cech\u0119: historia ich u\u017cywania si\u0119ga a\u017c czas\u00f3w staro\u017cytnych Chin.<\/p>\n<p>Okazuje si\u0119, \u017ce ju\u017c przesz\u0142o 2000 lat temu zar\u00f3wno korze\u0144 lukrecji, jak i jagody kolcowoju by\u0142y niezwykle szeroko stosowane w naturalnej medycynie dalekowschodniej, kt\u00f3rej najwa\u017cniejsza zasada to dba\u0142o\u015b\u0107 o utrzymanie harmonii i r\u00f3wnowagi zdrowotnej ca\u0142ego organizmu. Wyci\u0105gowi z owoc\u00f3w kolcowoju (\u201elycium\u201d) przypisywano ju\u017c od wiek\u00f3w w\u0142a\u015bciwo\u015bci wzmacniaj\u0105ce i regeneracyjne. Wierzono g\u0142\u0119boko, \u017ce dzia\u0142a na cz\u0142owieka og\u00f3lnie odm\u0142adzaj\u0105co, przywraca si\u0142y witalne, poprawia widzenie, dodaje blasku sk\u00f3rze oraz uelastycznia stawy i wi\u0119zad\u0142a.<\/p>\n<p>Wsp\u00f3\u0142czesne badania potwierdzi\u0142y nieocenione w\u0142a\u015bciwo\u015bci koncentratu z jag\u00f3d kolcowoju. Drugi ze sk\u0142adnik\u00f3w Forever Lycium Plus to bioflawonoidowy ekstrakt z korzenia lukrecji. Sk\u0142ad i proporcje zawartych w nim bioflawonoid\u00f3w sprawiaj\u0105, \u017ce jest to jeden z najsilniej dzia\u0142aj\u0105cych naturalnych antyutleniaczy. Skuteczno\u015bci\u0105 swojego dzia\u0142ania przeciwko wolnym rodnikom przewy\u017csza wielokrotnie nawet znan\u0105 ze swoich antyutleniaj\u0105cych w\u0142a\u015bciwo\u015bci witamin\u0119 C!<\/p>\n<p><b>G\u0142\u00f3wne sk\u0142adniki:<\/b><\/p>\n<p>Ekstrakt z owoc\u00f3w kolcowoju chi\u0144skiego, ekstrakt z korzeni lukrecji.<\/p>\n<p><b>Zawarto\u015b\u0107 sk\u0142adnik\u00f3w od\u017cywczych:<\/b><\/p>\n<p>1 tabletka<\/p>\n<ul>\n<li>ekstrakt z owoc\u00f3w kolcowoju chi\u0144skiego &#8211; 315 mg<\/li>\n<li>ekstrakt z korzenia lukrecji &#8211; 38 mg<\/li>\n<\/ul>\n<p>2 tabletki<\/p>\n<ul>\n<li>ekstrakt z owoc\u00f3w kolcowoju chi\u0144skiego &#8211; 630 mg<\/li>\n<li>ekstrakt z korzenia lukrecji &#8211; 76 mg<\/li>\n<\/ul>\n<p>&nbsp;<\/p>\n<p>Nie nale\u017cy przekracza\u0107 zalecanej do spo\u017cycia porcji w ci\u0105gu dnia. Suplement diety nie mo\u017ce by\u0107 stosowany jako substytut zr\u00f3\u017cnicowanej diety.<\/p>\n<p><b>Opakowanie:<\/b><\/p>\n<p>100 tabletek<\/p>\n<p><b>Spos\u00f3b u\u017cycia:<\/b><\/p>\n<p>doro\u015bli jedna tabletka 1-2 razy dziennie<\/p>\n<p><b>Przechowywanie:<\/b><\/p>\n<p>Przechowywa\u0107 w szczelnie zamkni\u0119tym opakowaniu, w ch\u0142odnym, suchym miejscu, niedost\u0119pnym dla ma\u0142ych dzieci. Nie nale\u017cy u\u017cywa\u0107, gdy uszkodzone jest zabezpieczenie pod nakr\u0119tk\u0105.<\/p>\n<p><b>Kraj pochodzenia:<\/b><\/p>\n<p>USA. Importer: Forever Living Products Poland, Sp. z o.o. 00-807 Warszawa, Al. Jerozolimskie 92<\/p>\n<p><b>Kod produktu:\u00a0<\/b><b>72<\/b><\/p>\n","protected":false},"excerpt":{"rendered":"<p>Forever Lycium Plus &#8211; Tabletki wzmacniaj\u0105ce i regeneruj\u0105ce organizm Suplement diety Pod t\u0105 ekscytuj\u0105co egzotyczn\u0105 nazw\u0105 kryje si\u0119 niezwyk\u0142y produkt, b\u0119d\u0105cy po\u0142\u0105czeniem koncentratu z owoc\u00f3w kolcowoju chi\u0144skiego (Lycium chinense) z wyci\u0105giem bioflawonoidowym z korzenia lukrecji. Obydwie te ro\u015bliny maj\u0105 z&hellip; <\/p>\n","protected":false},"featured_media":512,"comment_status":"closed","ping_status":"closed","template":"","meta":[],"product_cat":[28],"product_tag":[],"_links":{"self":[{"href":"http:\/\/forever.sklep.pl\/index.php?rest_route=\/wp\/v2\/product\/511"}],"collection":[{"href":"http:\/\/forever.sklep.pl\/index.php?rest_route=\/wp\/v2\/product"}],"about":[{"href":"http:\/\/forever.sklep.pl\/index.php?rest_route=\/wp\/v2\/types\/product"}],"replies":[{"embeddable":true,"href":"http:\/\/forever.sklep.pl\/index.php?rest_route=%2Fwp%2Fv2%2Fcomments&post=511"}],"wp:featuredmedia":[{"embeddable":true,"href":"http:\/\/forever.sklep.pl\/index.php?rest_route=\/wp\/v2\/media\/512"}],"wp:attachment":[{"href":"http:\/\/forever.sklep.pl\/index.php?rest_route=%2Fwp%2Fv2%2Fmedia&parent=511"}],"wp:term":[{"taxonomy":"product_cat","embeddable":true,"href":"http:\/\/forever.sklep.pl\/index.php?rest_route=%2Fwp%2Fv2%2Fproduct_cat&post=511"},{"taxonomy":"product_tag","embeddable":true,"href":"http:\/\/forever.sklep.pl\/index.php?rest_route=%2Fwp%2Fv2%2Fproduct_tag&post=511"}],"curies":[{"name":"wp","href":"https:\/\/api.w.org\/{rel}","templated":true}]}}