{"id":509,"date":"2014-06-22T09:46:12","date_gmt":"2014-06-22T09:46:12","guid":{"rendered":"http:\/\/forever.sklep.pl\/?post_type=product&#038;p=509"},"modified":"2022-02-10T16:07:59","modified_gmt":"2022-02-10T16:07:59","slug":"pola-zieleni-80-tabletek","status":"publish","type":"product","link":"http:\/\/forever.sklep.pl\/?product=pola-zieleni-80-tabletek","title":{"rendered":"Fields Of Greens &#8211; Pola Zieleni,80 tabletek"},"content":{"rendered":"<h2><strong>Forever Fields Of Greens &#8211; Pola Zieleni<\/strong><\/h2>\n<p>W naszej diecie jest o wiele za ma\u0142o ciemnozielonych warzyw li\u015bciastych. Dlatego spotykaj\u0105 nas rozmaite dolegliwo\u015bci \u2013 <strong>od k\u0142opot\u00f3w z przewodem trawiennym do uporczywej niedokrwisto\u015bci.<\/strong> Aby temu zapobiec Forever stworzy\u0142 produkt kt\u00f3rego celem jest dostarczenie Twojemu organizmowi niezb\u0119dnych witamin i sk\u0142adnik\u00f3w od\u017cywczych, kt\u00f3rych z braku czasu, lub przez lekkomy\u015blno\u015b\u0107 nie czerpiemy w dostatecznej ilo\u015bci wprost z natury.<br \/>\n<strong>Fields of Greens<\/strong> zawiera ciemnozielone warzywa li\u015bciaste kt\u00f3re skutecznie dostarczaja do organizmu beta-karoten \u2013 procentowo wi\u0119cej jest go w zielonych listkach ni\u017c nawet w marchwi i dyni ; chlorofil, b\u0142onnik, \u017celazo, kwas foliowy i naturaln\u0105 witamin\u0119 K. !<br \/>\nForever Living Products w swoim produkcie \u2013 <strong>Pola Zieleni \u2013 Fields of Greens<\/strong> proponuje wszystkim bardzo warto\u015bciowe pod wzgl\u0119dem od\u017cywczym zielone \u017ad\u017ab\u0142a m\u0142odych zb\u00f3\u017c: pszenicy i j\u0119czmienia oraz lucern\u0119, zebrane w momencie, gdy stanowi\u0105 prawdziw\u0105 skarbnic\u0119 tych sk\u0142adnik\u00f3w. <strong>Lucerna \u2013 to absolutna rekordzistka w\u015br\u00f3d zielonych listk\u00f3w, pod wzgl\u0119dem zawarto\u015bci \u0142atwo przyswajalnego \u017celaza \u2013 godna jest uwagi ze wzgl\u0119du na to, \u017ce u\u017cywa si\u0119 jej od dawna w medycynie ludowej wielu kraj\u00f3w jako \u015brodka na dobr\u0105 krew.<\/strong><br \/>\nDo zielonych pastylek P\u00f3l Zieleni dodano odrobin\u0119 pikolinianu chromowego, czyli chromu w najbardziej przyjaznej dla naszego organizmu postaci. W obecno\u015bci sk\u0142adnik\u00f3w z m\u0142odej zielonej runi wch\u0142ania si\u0119 on niezwykle \u0142atwo. Pomaga to uzupe\u0142ni\u0107 niedobory tego wa\u017cnego pierwiastka, kt\u00f3ry \u2013 cho\u0107 potrzebny nam w raczej niewielkich ilo\u015bciach \u2013 jest absolutnie niezb\u0119dnym warunkiem prawid\u0142owej gospodarki cukrem we krwi. W tej postaci nasza zielenina w tabletce zyskuje jeszcze jedn\u0105, bardzo wa\u017cn\u0105 cech\u0119 \u2013 wspomaga zdrowe odchudzanie.<br \/>\nDla lepszego przyswajania wszystkich naturalnych substancji zawartych w <strong>Polach Zieleni<\/strong>, dobrze jest popija\u0107 te zielone tabletki czystym, naturalnie stabilizowanym Mi\u0105\u017cszem Aloe Vera<br \/>\nZielone \u017ad\u017ab\u0142a zb\u00f3\u017c: pszenicy i j\u0119czmienia, lucerna oraz pieprz Cayenna. Skarbnica beta karotenu, chlorofilu, b\u0142onnika, \u017celaza, krzemu, witaminy K, a wszystko wzbogacone pikolianem chromu naturalnego pochodzenia i miodem Forever. Forever <strong>Fields of Greens<\/strong> jest zalecany w okresie rekonwalescencji po z\u0142amaniach (du\u017ce zapotrzebowanie na krzem), oraz dla os\u00f3b maj\u0105cych problemy z przyswajalno\u015bci\u0105 \u017celaza, a dla nas wszystkich w okresie jesienno \u2013 zimowym.<\/p>\n<p>\u2022<strong> Dzia\u0142aj\u0105 wzmacniaj\u0105co, zw\u0142aszcza w tych porach roku, gdy jeste\u015bmy os\u0142abieni i nara\u017ceni na infekcje<br \/>\n\u2022 Wp\u0142ywaj\u0105 dobroczynnie na prac\u0119 przewodu pokarmowego<br \/>\n\u2022 Zawieraj\u0105 chlorofil<\/strong><\/p>\n<p>Opakowanie: 80 tabletek<\/p>\n<p><strong>Przeznaczenie Fields of Greens:<\/strong><br \/>\nProdukt absolutnie niezb\u0119dny dla tych wszystkich, kt\u00f3rzy maj\u0105 na sumieniu zbyt ma\u0142\u0105 ilo\u015b\u0107 ciemnozielonych warzyw li\u015bciastych w codziennej diecie. Jest ca\u0142kowicie naturalnym, bogatym \u017ar\u00f3d\u0142em beta-karotenu, \u017celaza, kwasu foliowego, b\u0142onnika, witaminy K, wapnia, magnezu i potasu. Produkowany w postaci zielonych tabletek o bardzo charakterystycznym smaku, stanowi znakomite przypomnienie o tym, \u017ce nasze codzienne po\u017cywienie zawiera o wiele za ma\u0142o ciemnej zieleniny i warto, cho\u0107by w celu unikni\u0119cia rozmaitych k\u0142opot\u00f3w ze zdrowiem, wprowadzi\u0107 j\u0105 do naszych posi\u0142k\u00f3w w znacznie wi\u0119kszej ilo\u015bci!<br \/>\n<strong>G\u0142\u00f3wne sk\u0142adniki:<\/strong><br \/>\nM\u0142ody zielony j\u0119czmie\u0144, mi\u00f3d, zielona pszenica, lucerna, kwas stearynowy, pieprz Cayenne, pikolian chromowy.<\/p>\n<p><b>Kraj pochodzenia:<\/b><\/p>\n<p>USA. Importer: Forever Living Products Poland, Sp. z o.o. 00-807 Warszawa, Al. Jerozolimskie 92<\/p>\n<p><strong>Kod produktu:\u00a068<\/strong><\/p>\n","protected":false},"excerpt":{"rendered":"<p>\u0179r\u00f3d\u0142o ciemnozielonych warzyw li\u015bciastych. Pola zieleni zawieraj\u0105 m\u0142od\u0105 ru\u0144 zbo\u017cow\u0105 pszenicy, j\u0119czmienia i lucerny, kt\u00f3re stanowi\u0105 cenne \u017ar\u00f3d\u0142o substancji od\u017cywczych.<\/p>\n","protected":false},"featured_media":510,"comment_status":"open","ping_status":"closed","template":"","meta":[],"product_cat":[28],"product_tag":[],"_links":{"self":[{"href":"http:\/\/forever.sklep.pl\/index.php?rest_route=\/wp\/v2\/product\/509"}],"collection":[{"href":"http:\/\/forever.sklep.pl\/index.php?rest_route=\/wp\/v2\/product"}],"about":[{"href":"http:\/\/forever.sklep.pl\/index.php?rest_route=\/wp\/v2\/types\/product"}],"replies":[{"embeddable":true,"href":"http:\/\/forever.sklep.pl\/index.php?rest_route=%2Fwp%2Fv2%2Fcomments&post=509"}],"wp:featuredmedia":[{"embeddable":true,"href":"http:\/\/forever.sklep.pl\/index.php?rest_route=\/wp\/v2\/media\/510"}],"wp:attachment":[{"href":"http:\/\/forever.sklep.pl\/index.php?rest_route=%2Fwp%2Fv2%2Fmedia&parent=509"}],"wp:term":[{"taxonomy":"product_cat","embeddable":true,"href":"http:\/\/forever.sklep.pl\/index.php?rest_route=%2Fwp%2Fv2%2Fproduct_cat&post=509"},{"taxonomy":"product_tag","embeddable":true,"href":"http:\/\/forever.sklep.pl\/index.php?rest_route=%2Fwp%2Fv2%2Fproduct_tag&post=509"}],"curies":[{"name":"wp","href":"https:\/\/api.w.org\/{rel}","templated":true}]}}