{"id":505,"date":"2014-06-22T09:42:21","date_gmt":"2014-06-22T09:42:21","guid":{"rendered":"http:\/\/forever.sklep.pl\/?post_type=product&#038;p=505"},"modified":"2022-02-10T16:11:40","modified_gmt":"2022-02-10T16:11:40","slug":"forever-arctic-sea-120-kapsulek-kwasy-tluszczowe-omega-3","status":"publish","type":"product","link":"http:\/\/forever.sklep.pl\/?product=forever-arctic-sea-120-kapsulek-kwasy-tluszczowe-omega-3","title":{"rendered":"Forever Arctic Sea, 120 kapsu\u0142ek &#8211; Kwasy t\u0142uszczowe Omega-3"},"content":{"rendered":"<p><b>Forever Arctic Sea &#8211; kwasy t\u0142uszczowe Omega-3 z olej\u00f3w z ryb i kalmar\u00f3w oraz oliwa z oliwek<br \/>\nSuplement diety<\/b><\/p>\n<p>Nowe, ulepszone Forever Arctic Sea zawiera unikaln\u0105 mieszank\u0119 bogatego w kwas DHA oleju z kalmar\u00f3w, oleju rybiego Omega-3 i oliwy z oliwek o wysokiej zawarto\u015bci kwasu oleinowego. Jest to unikalna, ekskluzywna mieszanka Forever Living, kt\u00f3ra nie tylko dostarcza 33% wi\u0119cej DHA dziennie, ale tworzy r\u00f3wnowag\u0119 mi\u0119dzy kwasami DHA i EPA, dla optymalnego zdrowia i samopoczucia.<\/p>\n<p><b>Kluczowa r\u00f3wnowaga Omega-3:Omega-6<\/b><b><\/b><\/p>\n<p>Je\u015bli chodzi o kwasy t\u0142uszczowe Omega, ogromne znaczenie ma ich odpowiednia r\u00f3wnowaga, z czego wiele os\u00f3b nie zdaje sobie sprawy. Niegdy\u015b, zr\u00f3wnowa\u017cone od\u017cywczo diety zapewnia\u0142y stosunek od 1:1 do 1:4 mi\u0119dzy DHA a EPA. Niestety, wiele diet zawiera niezdrowe poziomy kwas\u00f3w Omega-6, kt\u00f3re najcz\u0119\u015bciej obecne s\u0105 w \u017cywno\u015bci suszonej, olejach ro\u015blinnych, wyrobach mas\u0142opodobnych, t\u0142uszczach zwierz\u0105t karmionych paszami i innej \u017cywno\u015bci przetworzonej. Co wi\u0119cej, wiele diet jest ubogich w ryby i Omega-3, co powoduje, \u017ce stosunek kwas\u00f3w Omega-6 do Omega-3 si\u0119ga 30:1!<\/p>\n<p>Kluczem do przywr\u00f3cenia prawid\u0142owej r\u00f3wnowagi DHA:EPA jest zwi\u0119kszenie ilo\u015bci spo\u017cywanych kwas\u00f3w Omega-3 i zmniejszenie konsumpcji Omega-6. Forever Arctic Sea zosta\u0142o tak udoskonalone, by nie tylko zwi\u0119kszy\u0107 zawarto\u015b\u0107 Omega-3 w jednej porcji, ale r\u00f3wnie\u017c, by wi\u0119ksza by\u0142a ilo\u015b\u0107 DHA.<\/p>\n<p>Kwas DHA Omega-3 jest naturalnie obecny w organizmie &#8211; w najwi\u0119kszych ilo\u015bciach w m\u00f3zgu, oczach i sercu. Tak jak wap\u0144 jest niezb\u0119dny dla silnych ko\u015bci, DHA przyczynia si\u0119 do tego, \u017ce kom\u00f3rki m\u00f3zgu, siatk\u00f3wce, sercu i innych cz\u0119\u015bciach uk\u0142adu nerwowego rozwijaj\u0105 si\u0119 i funkcjonuj\u0105 prawid\u0142owo na ka\u017cdym etapie \u017cycia. Co wi\u0119cej spo\u017cywanie DHA \u0142\u0105czy si\u0119 ze zmniejszonym ryzykiem starczej demencji. Takiego zwi\u0105zku nie wykazano w stosunku do \u017cadnego innego kwasu t\u0142uszczowego.<\/p>\n<p><b>G\u0142\u00f3wne sk\u0142adniki:<\/b><\/p>\n<p>Olej rybi, olej z kalmar\u00f3w, \u017celatyna, oliwa z oliwek, glicerol &#8211; stabilizator, woda, naturalny aromat cytrynowy, naturalny aromat z limetki, alfa-tokoferol &#8211; przeciwutleniacz.<\/p>\n<p><b>Zawarto\u015b\u0107 sk\u0142adnik\u00f3w od\u017cywczych<\/b><\/p>\n<p><b>2 kapsu\u0142ki<\/b><\/p>\n<ul>\n<li>kwas eikozapentaenowy (EPA) &#8211; 200 mg<\/li>\n<li>kwas dokozaheksaenowy (DHA) &#8211; 200 mg<\/li>\n<li>kwas oleinowy &#8211; 100 mg<\/li>\n<\/ul>\n<p>3 kapsu\u0142ki<\/p>\n<ul>\n<li>kwas eikozapentaenowy (EPA) &#8211; 300 mg<\/li>\n<li>kwas dokozaheksaenowy (DHA) &#8211; 300 mg<\/li>\n<li>kwas oleinowy &#8211; 150 mg<\/li>\n<\/ul>\n<p>Nie nale\u017cy przekracza\u0107 zalecanej do spo\u017cycia porcji w ci\u0105gu dnia. Suplement diety nie mo\u017ce by\u0107 stosowany jako substytut zr\u00f3\u017cnicowanej diety.<\/p>\n<p><b>Spos\u00f3b u\u017cycia:<\/b><\/p>\n<p>2-3 kapsu\u0142ki dziennie w czasie posi\u0142ku.<\/p>\n<p><b>Opakowanie:<\/b><\/p>\n<p>120 kapsu\u0142ek<\/p>\n<p><b>Przechowywanie:<\/b><\/p>\n<p>Przechowywa\u0107 w szczelnie zamkni\u0119tym opakowaniu, w ch\u0142odnym, suchym miejscu, niedost\u0119pnym dla ma\u0142ych dzieci. Nie nale\u017cy u\u017cywa\u0107, gdy uszkodzone jest zabezpieczenie pod nakr\u0119tk\u0105.<\/p>\n<p><b>Kraj pochodzenia:<\/b><\/p>\n<p>USA. Importer: Forever Living Products Poland, Sp. z o.o. 00-807 Warszawa, Al. Jerozolimskie 92<\/p>\n<p><strong>Kod produktu:\u00a0376<\/strong><\/p>\n","protected":false},"excerpt":{"rendered":"<p>Forever Arctic Sea &#8211; kwasy t\u0142uszczowe Omega-3 z olej\u00f3w z ryb i kalmar\u00f3w oraz oliwa z oliwek Suplement diety Nowe, ulepszone Forever Arctic Sea zawiera unikaln\u0105 mieszank\u0119 bogatego w kwas DHA oleju z kalmar\u00f3w, oleju rybiego Omega-3 i oliwy z&hellip; <\/p>\n","protected":false},"featured_media":506,"comment_status":"closed","ping_status":"closed","template":"","meta":[],"product_cat":[28],"product_tag":[],"_links":{"self":[{"href":"http:\/\/forever.sklep.pl\/index.php?rest_route=\/wp\/v2\/product\/505"}],"collection":[{"href":"http:\/\/forever.sklep.pl\/index.php?rest_route=\/wp\/v2\/product"}],"about":[{"href":"http:\/\/forever.sklep.pl\/index.php?rest_route=\/wp\/v2\/types\/product"}],"replies":[{"embeddable":true,"href":"http:\/\/forever.sklep.pl\/index.php?rest_route=%2Fwp%2Fv2%2Fcomments&post=505"}],"wp:featuredmedia":[{"embeddable":true,"href":"http:\/\/forever.sklep.pl\/index.php?rest_route=\/wp\/v2\/media\/506"}],"wp:attachment":[{"href":"http:\/\/forever.sklep.pl\/index.php?rest_route=%2Fwp%2Fv2%2Fmedia&parent=505"}],"wp:term":[{"taxonomy":"product_cat","embeddable":true,"href":"http:\/\/forever.sklep.pl\/index.php?rest_route=%2Fwp%2Fv2%2Fproduct_cat&post=505"},{"taxonomy":"product_tag","embeddable":true,"href":"http:\/\/forever.sklep.pl\/index.php?rest_route=%2Fwp%2Fv2%2Fproduct_tag&post=505"}],"curies":[{"name":"wp","href":"https:\/\/api.w.org\/{rel}","templated":true}]}}