{"id":503,"date":"2014-06-22T09:40:41","date_gmt":"2014-06-22T09:40:41","guid":{"rendered":"http:\/\/forever.sklep.pl\/?post_type=product&#038;p=503"},"modified":"2022-02-15T13:33:26","modified_gmt":"2022-02-15T13:33:26","slug":"vitolize-men-suplement-dla-meskiej-witalnosci-60-kapsulek","status":"publish","type":"product","link":"http:\/\/forever.sklep.pl\/?product=vitolize-men-suplement-dla-meskiej-witalnosci-60-kapsulek","title":{"rendered":"VITOLIZE Men &#8211; Suplement dla m\u0119skiej witalno\u015bci, 60 kapsu\u0142ek"},"content":{"rendered":"<p><b>VITOLIZE Men &#8211; Suplement dla m\u0119skiej witalno\u015bci<br \/>\nSuplement diety<\/b><\/p>\n<p>Cho\u0107 nie dla ka\u017cdego w tym samym wieku, w ko\u0144cu zdrowie prostaty staje si\u0119 wa\u017cn\u0105 kwesti\u0105 dla ka\u017cdego m\u0119\u017cczyzny. Vitolize, suplement dla m\u0119skiej witalno\u015bci, niesie w sobie pot\u0119g\u0119 Forever Pro6, ale zawiera wi\u0119cej substancji od\u017cywczych.<\/p>\n<p>Vitolize, w po\u0142\u0105czeniu ze zdrow\u0105 diet\u0105 i gimnastyk\u0105, oferuje naturalne rozwi\u0105zanie wspieraj\u0105ce zdrowie prostaty. Ta unikalna, kompleksowa receptura zawiera sk\u0142adniki ro\u015blinne, witaminy, minera\u0142y i antyutleniacze, kt\u00f3re pomagaj\u0105 w zachowaniu w zdrowiu uk\u0142adu moczowego oraz wspieraj\u0105 prawid\u0142owe funkcjonowanie j\u0105der i gruczo\u0142u krokowego.<\/p>\n<p>Vitolize Men zawiera wiele dobroczynnych dla prawid\u0142owego funkcjonowania prostaty sk\u0142adnik\u00f3w. S\u0105 w\u015br\u00f3d nich pestki dyni &#8211; od wiek\u00f3w u\u017cywane, by wspiera\u0107 zdrowie prostaty oraz witaminy C, D, E, B6. Do nich dodali\u015bmy minera\u0142y &#8211; selen, kt\u00f3ry przyczynia si\u0119 do prawid\u0142owego przebiegu spermatogenezy i cynk, kt\u00f3ry pomaga utrzyma\u0107 prawid\u0142owy poziom testosteronu we krwi. Likopen uzupe\u0142nia sk\u0142ad tej znakomitej receptury, tworz\u0105cej kompletny suplement dla m\u0119skiej witalno\u015bci.<\/p>\n<p><b>G\u0142\u00f3wne sk\u0142adniki:<\/b><\/p>\n<p>Oliwa z oliwek, olej z nasion dyni, \u017celatyna, ekstrakt z granatu, glicerol &#8211; substancja utrzymuj\u0105ca wilgo\u0107, kwas L-askorbinowy, glukonian cynku, wosk pszczeli &#8211; substancja zag\u0119szczaj\u0105ca, lecytyna sojowa &#8211; emulgator, likopen, woda, dro\u017cd\u017ce wzbogacone w selen, D-alfa-tokoferol, m\u0105czka chleba \u015bwi\u0119toja\u0144skiego &#8211; substancja wype\u0142niaj\u0105ca, cholekalcyferol, cholrowodorek pirydoksyny.<\/p>\n<p><b>Spos\u00f3b u\u017cycia:<\/b><\/p>\n<p>2 kapsu\u0142ki dziennie<\/p>\n<p><b>Zawarto\u015b\u0107 sk\u0142adnik\u00f3w od\u017cywczych:<\/b><\/p>\n<p>2 kapsu\u0142ki<\/p>\n<ul>\n<li>witamina C &#8211; 80 mg (100%*)<\/li>\n<li>witamina E &#8211; 12 mg (100%*)<\/li>\n<li>witamina D &#8211; 5 \u03bcg (100%*)<\/li>\n<li>witamina B6 &#8211; 1,4 mg (100%*)<\/li>\n<li>cynk &#8211; 10 mg (100%*)<\/li>\n<li>selen &#8211; 55 \u03bcg (100%*)<\/li>\n<li>oliwa z oliwek &#8211; 490 mg<\/li>\n<li>olej z nasion dyni &#8211; 250 mg<\/li>\n<li>ekstrakt z granatu &#8211; 150 mg<\/li>\n<li>likopen &#8211; 2,5 mg<\/li>\n<\/ul>\n<p>* % zalecanego dziennego zapotrzebowania<\/p>\n<p>Nie nale\u017cy przekracza\u0107 zalecanej do spo\u017cycia porcji w ci\u0105gu dnia. Suplement diety nie mo\u017ce by\u0107 stosowany jako substytut zr\u00f3\u017cnicowanej diety.<\/p>\n<p><b>Opakowanie:<\/b><\/p>\n<p>60 kapsu\u0142ek<\/p>\n<p><b>Przechowywanie:<\/b><\/p>\n<p>Przechowywa\u0107 w szczelnie zamkni\u0119tym opakowaniu, w ch\u0142odnym, suchym miejscu, niedost\u0119pnym dla ma\u0142ych dzieci. Nie nale\u017cy u\u017cywa\u0107, gdy uszkodzone jest zabezpieczenie pod nakr\u0119tk\u0105.<\/p>\n<p><b>Kraj pochodzenia:<\/b><\/p>\n<p>USA. Importer: Forever Living Products Poland, Sp. z o.o. 00-807 Warszawa, Al. Jerozolimskie 92<\/p>\n<p><strong>Kod produktu:\u00a0374<\/strong><\/p>\n","protected":false},"excerpt":{"rendered":"<p>VITOLIZE Men &#8211; Suplement dla m\u0119skiej witalno\u015bci Suplement diety Cho\u0107 nie dla ka\u017cdego w tym samym wieku, w ko\u0144cu zdrowie prostaty staje si\u0119 wa\u017cn\u0105 kwesti\u0105 dla ka\u017cdego m\u0119\u017cczyzny. Vitolize, suplement dla m\u0119skiej witalno\u015bci, niesie w sobie pot\u0119g\u0119 Forever Pro6, ale&hellip; <\/p>\n","protected":false},"featured_media":504,"comment_status":"closed","ping_status":"closed","template":"","meta":[],"product_cat":[28],"product_tag":[],"_links":{"self":[{"href":"http:\/\/forever.sklep.pl\/index.php?rest_route=\/wp\/v2\/product\/503"}],"collection":[{"href":"http:\/\/forever.sklep.pl\/index.php?rest_route=\/wp\/v2\/product"}],"about":[{"href":"http:\/\/forever.sklep.pl\/index.php?rest_route=\/wp\/v2\/types\/product"}],"replies":[{"embeddable":true,"href":"http:\/\/forever.sklep.pl\/index.php?rest_route=%2Fwp%2Fv2%2Fcomments&post=503"}],"wp:featuredmedia":[{"embeddable":true,"href":"http:\/\/forever.sklep.pl\/index.php?rest_route=\/wp\/v2\/media\/504"}],"wp:attachment":[{"href":"http:\/\/forever.sklep.pl\/index.php?rest_route=%2Fwp%2Fv2%2Fmedia&parent=503"}],"wp:term":[{"taxonomy":"product_cat","embeddable":true,"href":"http:\/\/forever.sklep.pl\/index.php?rest_route=%2Fwp%2Fv2%2Fproduct_cat&post=503"},{"taxonomy":"product_tag","embeddable":true,"href":"http:\/\/forever.sklep.pl\/index.php?rest_route=%2Fwp%2Fv2%2Fproduct_tag&post=503"}],"curies":[{"name":"wp","href":"https:\/\/api.w.org\/{rel}","templated":true}]}}