{"id":501,"date":"2014-06-22T09:39:03","date_gmt":"2014-06-22T09:39:03","guid":{"rendered":"http:\/\/forever.sklep.pl\/?post_type=product&#038;p=501"},"modified":"2022-02-15T13:33:57","modified_gmt":"2022-02-15T13:33:57","slug":"vitolize-women-suplement-dla-kobiecej-witalnosci-120-tabletek","status":"publish","type":"product","link":"http:\/\/forever.sklep.pl\/?product=vitolize-women-suplement-dla-kobiecej-witalnosci-120-tabletek","title":{"rendered":"VITOLIZE Women &#8211; Suplement dla kobiecej witalno\u015bci, 120 tabletek"},"content":{"rendered":"<p><b>VITOLIZE Women &#8211; Suplement dla kobiecej witalno\u015bci Suplement diety<\/b><\/p>\n<p>Dyskomfort zwi\u0105zany PMS lub menopauz\u0105 mo\u017ce by\u0107 powodowany zmianami hormonalnymi, kt\u00f3re w tym czasie zachodz\u0105 w organizmie kobiety. Aby z\u0142agodzi\u0107 skutki tych zmian zaleca si\u0119 wzbogaci\u0107 diet\u0119 w wybrane sk\u0142adniki. Z my\u015bl\u0105 o kobiecych potrzebach stworzyli\u015bmy Vit\u2640lize\u2122, kt\u00f3ry jest mieszank\u0105 bogat\u0105 w antyutleniaj\u0105ce witaminy i minera\u0142y oraz sk\u0142adniki pochodz\u0105ce z owoc\u00f3w i zi\u00f3\u0142.<\/p>\n<p>Wyj\u0105tkowa mieszanka sk\u0142adnik\u00f3w ro\u015blinnych W sk\u0142ad Vit\u2640lize\u2122 wchodz\u0105 sproszkowane jab\u0142ka, passiflora i jagody cytry\u0144ca. Cytryniec chi\u0144ski (Schizandra chinensis) od wiek\u00f3w u\u017cywany jest dla zachowania r\u00f3wnowagi hormonalnej oraz wspierania og\u00f3lnego zdrowia i dobrego samopoczucia. Poza tym jest on adaptogenem i antyutleniaczem. Te sk\u0142adniki ro\u015blinne wzbogacili\u015bmy sproszkowan\u0105 \u017curawin\u0105. Opatentowana technologia sprawia, \u017ce \u017curawiny chronione s\u0105 przed zniszczeniem przez kwasy w \u017co\u0142\u0105dku.<\/p>\n<p>Ekskluzywna mieszanka substancji od\u017cywczych Vit\u2640lize\u2122 zawiera tak\u017ce mieszank\u0119 substancji od\u017cywczych opracowan\u0105 specjalnie dla wspierania r\u00f3wnowagi hormonalnej oraz og\u00f3lnego samopoczucia kobiet. Stres i popularne leki, w tym \u015brodki antykoncepcyjne i stosowane w hormonalnej terapii zast\u0119pczej mog\u0105 zachwia\u0107 r\u00f3wnowag\u0119 hormonaln\u0105 w organizmie. Obecna w produkcie witamina B6 przyczynia si\u0119 do regulacji aktywno\u015bci hormonalnej, a witamina C zwi\u0119ksza wch\u0142anianie tak bardzo potrzebnego ka\u017cdej kobiecie \u017celaza. Witamina D natomiast wspomaga przyswajanie wa\u017cnych dla zachowania zdrowych ko\u015bci wapnia i fosforu. Witaminy zosta\u0142y po\u0142\u0105czone z opatentowan\u0105 form\u0105 \u017celaza \u2013 minera\u0142em istotnym dla funkcjonowania uk\u0142adu krwiono\u015bnego. U\u017cyto ich w takich proporcjach, by zapewni\u0107 optymalne wsparcie.<\/p>\n<p><b>G\u0142\u00f3wne sk\u0142adniki:<\/b><\/p>\n<p>Substancja wype\u0142niaj\u0105ca \u2013 celuloza mikrokrystaliczna, diglicynian magnezu, sproszkowana \u017curawina, algi (Algas calcareas), substancja wype\u0142niaj\u0105ca \u2013 hydroksypropylometyloceluloza, substancja przeciwzbrylaj\u0105ca \u2013 kwas stearynowy, kwas L-askorbinowy, substancja przeciwzbrylaj\u0105ca \u2013 dwutlenek krzemu, octan D-alfa-tokoferylu, diglicynian \u017celaza (II), sproszkowane jab\u0142ka (0,8%), proszkowane owoce m\u0119czennicy. Passiflora incarnata (0,8%), sproszkowane owoce cytry\u0144ca chi\u0144skiego Schisandra chinensis (0,8%), emulgator \u2013 stearynian magnezu, substancja glazuruj\u0105ca \u2013 s\u00f3l sodowa karboksymetylocelulozy, cholekalcyferol, dekstryny, chlorowodorek pirydoksyny, dekstroza, \u015brednio \u0142a\u0144cuchowe kwasy t\u0142uszczowe, cyjanokobalamina, substancja glazuruj\u0105ca \u2013 cytrynian trisodowy, kwas pteroilomonoglutaminowy.<\/p>\n<p><b>Spos\u00f3b u\u017cycia:<\/b><\/p>\n<p>2 tabletki dziennie<\/p>\n<p><b>Zawarto\u015b\u0107 sk\u0142adnik\u00f3w od\u017cywczych:<\/b><\/p>\n<p>2 tabletki<\/p>\n<ul>\n<li>witamina C &#8211;\u00a040 mg (50%*)<\/li>\n<li>witamina E &#8211; 11 mg (92%*)<\/li>\n<li>witamina D &#8211; 5 \u00b5 g (100%*)<\/li>\n<li>witamina B &#8211;\u00a06 0,7 mg (50%*)<\/li>\n<li>witamina B &#8211; 12 1,2 \u00b5 g (48%*)<\/li>\n<li>kwas foliowy &#8211; 100 \u00b5 g (50%*)<\/li>\n<li>\u017celazo &#8211; 2,5 mg (18%*)<\/li>\n<li>sproszkowana \u017curawina &#8211; 250 mg<\/li>\n<li>sproszkowane jab\u0142ko &#8211; 12 mg<\/li>\n<li>sproszkowane owoce m\u0119czennicy &#8211; 12 mg<\/li>\n<li>sproszkowane owoce cytry\u0144ca chi\u0144skiego &#8211; 12 mg<\/li>\n<\/ul>\n<p>* % zalecanego dziennego spo\u017cycia<\/p>\n<p>Nie nale\u017cy przekracza\u0107 zalecanej do spo\u017cycia porcji w ci\u0105gu dnia. Suplement diety nie mo\u017ce by\u0107 stosowany jako substytut zr\u00f3\u017cnicowanej diety.<\/p>\n<p>Opakowanie:<\/p>\n<p>120 tabletek<\/p>\n<p><b>Przechowywanie:<\/b><\/p>\n<p>Przechowywa\u0107 w szczelnie zamkni\u0119tym opakowaniu, w ch\u0142odnym, suchym miejscu, niedost\u0119pnym dla ma\u0142ych dzieci.<\/p>\n<p><b>Kraj pochodzenia:<\/b><\/p>\n<p>USA. Importer: Forever Living Products Poland, Sp. z o.o. 00-807 Warszawa, Al. Jerozolimskie 92<\/p>\n<p><strong>Kod produktu:\u00a0375<\/strong><\/p>\n","protected":false},"excerpt":{"rendered":"<p>VITOLIZE Women &#8211; Suplement dla kobiecej witalno\u015bci Suplement diety Dyskomfort zwi\u0105zany PMS lub menopauz\u0105 mo\u017ce by\u0107 powodowany zmianami hormonalnymi, kt\u00f3re w tym czasie zachodz\u0105 w organizmie kobiety. Aby z\u0142agodzi\u0107 skutki tych zmian zaleca si\u0119 wzbogaci\u0107 diet\u0119 w wybrane sk\u0142adniki. Z&hellip; <\/p>\n","protected":false},"featured_media":502,"comment_status":"closed","ping_status":"closed","template":"","meta":[],"product_cat":[28],"product_tag":[],"_links":{"self":[{"href":"http:\/\/forever.sklep.pl\/index.php?rest_route=\/wp\/v2\/product\/501"}],"collection":[{"href":"http:\/\/forever.sklep.pl\/index.php?rest_route=\/wp\/v2\/product"}],"about":[{"href":"http:\/\/forever.sklep.pl\/index.php?rest_route=\/wp\/v2\/types\/product"}],"replies":[{"embeddable":true,"href":"http:\/\/forever.sklep.pl\/index.php?rest_route=%2Fwp%2Fv2%2Fcomments&post=501"}],"wp:featuredmedia":[{"embeddable":true,"href":"http:\/\/forever.sklep.pl\/index.php?rest_route=\/wp\/v2\/media\/502"}],"wp:attachment":[{"href":"http:\/\/forever.sklep.pl\/index.php?rest_route=%2Fwp%2Fv2%2Fmedia&parent=501"}],"wp:term":[{"taxonomy":"product_cat","embeddable":true,"href":"http:\/\/forever.sklep.pl\/index.php?rest_route=%2Fwp%2Fv2%2Fproduct_cat&post=501"},{"taxonomy":"product_tag","embeddable":true,"href":"http:\/\/forever.sklep.pl\/index.php?rest_route=%2Fwp%2Fv2%2Fproduct_tag&post=501"}],"curies":[{"name":"wp","href":"https:\/\/api.w.org\/{rel}","templated":true}]}}