{"id":489,"date":"2014-06-22T09:22:13","date_gmt":"2014-06-22T09:22:13","guid":{"rendered":"http:\/\/forever.sklep.pl\/?post_type=product&#038;p=489"},"modified":"2022-02-10T16:28:10","modified_gmt":"2022-02-10T16:28:10","slug":"forever-lite-ultra-545-g-21-porcji-koktajl-czekoladowy","status":"publish","type":"product","link":"http:\/\/forever.sklep.pl\/?product=forever-lite-ultra-545-g-21-porcji-koktajl-czekoladowy","title":{"rendered":"Forever Lite Ultra, 390 g  &#8211; Koktajl czekoladowy"},"content":{"rendered":"<p><b>Forever Lite Ultra &#8211; koktajl czekoladowy<\/b><\/p>\n<p>Koktajl Forever Lite UltraTM to idealny dodatek do twojego zdrowego stylu \u017cycia Forever. Forever Lite UltraTM \u0142\u0105czy w sobie nowoczesny styl my\u015blenia z nowoczesnymi zdobyczami technologicznymi, by pom\u00f3c ci prowadzi\u0107 zdrowy tryb \u017cycia, kt\u00f3rego elementem b\u0119dzie prawid\u0142owa dieta.<\/p>\n<p>Dwie porcje Forever Lite UltraTM przygotowane zgodnie z instrukcj\u0105 z chudym mlekiem, dostarczaj\u0105 cennych witamin i minera\u0142\u00f3w, w ilo\u015bciach wskazanych w tabelkach na etykiecie. Forever Lite UltraTM dostarcza r\u00f3wnie\u017c 18 wa\u017cnych aminokwas\u00f3w, zar\u00f3wno endo-, jak i egzogennych. Forever Lite UltraTM mo\u017ce ci\u0119 tak\u017ce wesprze\u0107 w d\u0105\u017ceniu do uzyskania i utrzymania harmonijnej sylwetki.<\/p>\n<p><b>G\u0142\u00f3wne sk\u0142adniki:<\/b><\/p>\n<p>Izolat bia\u0142ek sojowych, olej s\u0142onecznikowy, maltodekstryny, fruktoza, naturalny aromat czekoladowy, fosforan potasu, kakao, fruktooligosacharydy, fosforan sodu, guma guar \u2013 stabilizator, tlenek magnezu, enzymy proteolityczne, lecytyna sojowa \u2013 emulgator, sukraloza \u2013 substancja s\u0142odz\u0105ca, w\u0119glan wapnia, kwas L-askorbinowy, fumaran \u017celazawy, octan D-alfatokoferylu, amid kwasu nikotynowego, jodek potasu, tlenek cynku, siarczan manganu, D-biotyna, D-pantotenian wapnia, palmitynian retinylu, siarczan miedzi, dro\u017cd\u017ce browarnicze, chlorowodorek pirydoksyny, chlorowodorek tiaminy, cholekalcyferol, ryboflawina, kwas pteroilomonoglutaminowy, selenin sodu, cyjanokobalamina.<\/p>\n<p><b>Warto\u015b\u0107 od\u017cywcza:<\/b><\/p>\n<p><b>Sk\u0142adnik od\u017cywczy <\/b>(w porcji 26g produktu &#8211; 1 miarka)<\/p>\n<ul>\n<li>warto\u015b\u0107 energetyczna &#8211; 410kJ\/98kcal<\/li>\n<li>bia\u0142ko &#8211; 13 g<\/li>\n<li>w\u0119glowodany (w tym cukry) &#8211; 6 g (2 g)<\/li>\n<li>t\u0142uszcz (w tym kwasy t\u0142uszczowe nasycone) &#8211; 3 g (0 g)<\/li>\n<li>b\u0142onnik pokarmowy &#8211; 1 g<\/li>\n<li>s\u00f3d &#8211; 0,26 g<\/li>\n<\/ul>\n<p>&nbsp;<\/p>\n<p><b>Witaminy <\/b>(w porcji 26g produktu &#8211; 1 miarka)<\/p>\n<ul>\n<li>witamina A &#8211; 223\u03bcg &#8211; 28%*<\/li>\n<li>witamina C &#8211; 40 mg &#8211; 50%*<\/li>\n<li>witamina D &#8211; 0,75\u03bcg &#8211; 15%*<\/li>\n<li>witamina E &#8211; 6 mg &#8211; 50%*<\/li>\n<li>tiamina (wit. B1) &#8211; 0,5 mg &#8211; 45%*<\/li>\n<li>niacyna &#8211; 7,7 mg &#8211; 48%*<\/li>\n<li>witamina B6 &#8211; 0,6 mg &#8211; 43%*<\/li>\n<li>kwas foliowy &#8211; 85 \u03bcg &#8211; 43%*<\/li>\n<li>witamina B12 &#8211; 0,4 \u03bcg &#8211; 16%*<\/li>\n<li>biotyna &#8211; 25 \u03bcg &#8211; 50%*<\/li>\n<li>kwas pantotenowy 1,9 mg &#8211; 32%*<\/li>\n<\/ul>\n<p>&nbsp;<\/p>\n<p><b>Sk\u0142adniki mineralne <\/b>(w porcji 26g produktu &#8211; 1 miarka)<\/p>\n<ul>\n<li>potas &#8211; 542 mg &#8211; 27%*<\/li>\n<li>fosfor &#8211; 200 mg &#8211; 28%*<\/li>\n<li>magnez &#8211; 153 mg &#8211; 41%*<\/li>\n<li>\u017celazo &#8211; 6,9 mg &#8211; 49%*<\/li>\n<li>cynk &#8211; 3,7 mg &#8211; 37%*<\/li>\n<li>mied\u017a &#8211; 0,5 mg &#8211; 50%*<\/li>\n<li>mangan &#8211; 1 mg &#8211; 50%*<\/li>\n<li>jod &#8211; 75 \u03bcg &#8211; 50%*<\/li>\n<li>selen &#8211; 17,4 \u03bcg &#8211; 32%*<\/li>\n<\/ul>\n<p>&nbsp;<\/p>\n<p><b>Aminokwasy<\/b> (w porcji 26g produktu &#8211; 1 miarka)<\/p>\n<ul>\n<li>L-leucyna &#8211; 1034 mg<\/li>\n<li>L-izoleucyna &#8211; 618 mg<\/li>\n<li>L-lizyna &#8211; 790 mg<\/li>\n<li>L-walina &#8211; 632 mg<\/li>\n<li>L-metionina &#8211; 172 mg<\/li>\n<li>L-treonina &#8211; 474 mg<\/li>\n<li>L-fenyloalanina &#8211; 661 mg<\/li>\n<li>L-tryptofan &#8211; 172 mg<\/li>\n<li>L-arginina 943 mg<\/li>\n<li>L-alanina &#8211; 546 mg<\/li>\n<li>kwas L-asparaginowy &#8211; 1466 mg<\/li>\n<li>L-cysteina &#8211; 158 mg<\/li>\n<li>L-kwas glutaminowy &#8211; 2414 mg<\/li>\n<li>glicyna &#8211; 532 mg<\/li>\n<li>L-histydyna &#8211; 330 mg<\/li>\n<li>L-prolina &#8211; 647 mg<\/li>\n<li>L-seryna &#8211; 661 mg<\/li>\n<li>L-tyrozyna &#8211; 474 mg<\/li>\n<\/ul>\n<p>*% zalecanego dziennego spo\u017cycia<\/p>\n<p><b>Spos\u00f3b u\u017cycia:<\/b><\/p>\n<p>Porcj\u0119 produktu (1 miarka) rozmiesza\u0107, najlepiej w mikserze, w 300 ml odt\u0142uszczonego mleka (0,5% t\u0142uszczu). Mo\u017cna po\u0142\u0105czy\u0107 z owocami lub kostkami lodu. Stosowa\u0107 1-2 porcje dziennie.<\/p>\n<p><b>Opakowanie:<\/b><\/p>\n<p>390 g &#8211; oko\u0142o 25 porcji<\/p>\n<p><b>Przechowywanie:<\/b><\/p>\n<p>Przechowywa\u0107 w ch\u0142odnym, suchym miejscu, niedost\u0119pnym dla ma\u0142ych dzieci. Nie nale\u017cy u\u017cywa\u0107, gdy uszkodzone jest zabezpieczenie pod nakr\u0119tk\u0105.<\/p>\n<p><b>Kraj pochodzenia:<\/b><\/p>\n<p>USA. Importer: Forever Living Products Poland, Sp. z o.o. 00-807 Warszawa, Al. Jerozolimskie 92<\/p>\n<p><strong>Kod produktu: 471<\/strong><\/p>\n","protected":false},"excerpt":{"rendered":"<p>Forever Lite Ultra &#8211; koktajl czekoladowy Koktajl Forever Lite UltraTM to idealny dodatek do twojego zdrowego stylu \u017cycia Forever. Forever Lite UltraTM \u0142\u0105czy w sobie nowoczesny styl my\u015blenia z nowoczesnymi zdobyczami technologicznymi, by pom\u00f3c ci prowadzi\u0107 zdrowy tryb \u017cycia, kt\u00f3rego&hellip; <\/p>\n","protected":false},"featured_media":1968,"comment_status":"closed","ping_status":"closed","template":"","meta":[],"product_cat":[28],"product_tag":[],"_links":{"self":[{"href":"http:\/\/forever.sklep.pl\/index.php?rest_route=\/wp\/v2\/product\/489"}],"collection":[{"href":"http:\/\/forever.sklep.pl\/index.php?rest_route=\/wp\/v2\/product"}],"about":[{"href":"http:\/\/forever.sklep.pl\/index.php?rest_route=\/wp\/v2\/types\/product"}],"replies":[{"embeddable":true,"href":"http:\/\/forever.sklep.pl\/index.php?rest_route=%2Fwp%2Fv2%2Fcomments&post=489"}],"wp:featuredmedia":[{"embeddable":true,"href":"http:\/\/forever.sklep.pl\/index.php?rest_route=\/wp\/v2\/media\/1968"}],"wp:attachment":[{"href":"http:\/\/forever.sklep.pl\/index.php?rest_route=%2Fwp%2Fv2%2Fmedia&parent=489"}],"wp:term":[{"taxonomy":"product_cat","embeddable":true,"href":"http:\/\/forever.sklep.pl\/index.php?rest_route=%2Fwp%2Fv2%2Fproduct_cat&post=489"},{"taxonomy":"product_tag","embeddable":true,"href":"http:\/\/forever.sklep.pl\/index.php?rest_route=%2Fwp%2Fv2%2Fproduct_tag&post=489"}],"curies":[{"name":"wp","href":"https:\/\/api.w.org\/{rel}","templated":true}]}}