{"id":484,"date":"2014-06-22T09:17:10","date_gmt":"2014-06-22T09:17:10","guid":{"rendered":"http:\/\/forever.sklep.pl\/?post_type=product&#038;p=484"},"modified":"2022-02-10T16:37:11","modified_gmt":"2022-02-10T16:37:11","slug":"forever-lean-kontrola-wagi-120-kapsulek","status":"publish","type":"product","link":"http:\/\/forever.sklep.pl\/?product=forever-lean-kontrola-wagi-120-kapsulek","title":{"rendered":"Forever Lean &#8211; Kontrola wagi, 120 kapsu\u0142ek"},"content":{"rendered":"<p><b>Forever Lean &#8211;\u00a0Suplement diety<\/b><\/p>\n<p>Forever Lean\u2122 dostarcza dwa rewolucyjne sk\u0142adniki, kt\u00f3re mog\u0105 pom\u00f3c w zmniejszeniu absorpcji kalorii z t\u0142uszczy i w\u0119glowodan\u00f3w. Pierwszy z tych sk\u0142adnik\u00f3w to unikalny, absorbuj\u0105cy t\u0142uszcz b\u0142onnik, uzyskiwany z kaktusa Opuntia ficus-indica, znanego jako opuncja figowa, opuncja figa indyjska lub nopal.Badania wykaza\u0142y, \u017ce w por\u00f3wnaniu z innymi ro\u015blinami ten wyj\u0105tkowy b\u0142onnik ma bardzo wysok\u0105 zdolno\u015b\u0107 wi\u0105zania t\u0142uszcz\u00f3w.<\/p>\n<p>Kolejnym unikalnym sk\u0142adnikiem Forever Lean jest bia\u0142ko pozyskiwane z nasion Phaseolus vulgaris, czyli fasoli zwyczajnej. Bia\u0142ko to spowalnia przyswajanie cukr\u00f3w w jelicie cienkim, czasowo hamuj\u0105c dzia\u0142anie enzym\u00f3w odpowiedzialnych za przemian\u0119 skrobi w cukier. Razem te dwa rewolucyjne, nowe sk\u0142adniki mog\u0105 pom\u00f3c ci odnie\u015b\u0107 sukces w d\u0105\u017ceniu do idealnej wagi, przyczyniaj\u0105c si\u0119 do ograniczenia przyswajania kalorii ze spo\u017cywanych przez ciebie t\u0142uszczy i w\u0119glowodan\u00f3w.<\/p>\n<p>Trzecim najskuteczniejszym sk\u0142adnikiem w Forever Lean jest tr\u00f3jchlorek chromu. Chrom to wa\u017cny mikroelement, kt\u00f3ry wspiera naturaln\u0105 zdolno\u015b\u0107 organizmu do regulowania poziomu cukru we krwi, b\u0119d\u0105c elementem czynnika tolerancji glukozy (GTF). Jest to szczeg\u00f3lnie wa\u017cne dla zachowania prawid\u0142owej przemiany materii. W celu uzyskania najwi\u0119kszej skuteczno\u015bci suplementu, wa\u017cne jest stosowanie na co dzie\u0144 zdrowej diety oraz regularne uprawianie gimnastyki. Dzi\u0119ki temu tw\u00f3j og\u00f3lny system kontroli wagi b\u0119dzie kompletny, a tobie \u0142atwiej b\u0119dzie utrzyma\u0107 po\u017c\u0105dan\u0105 wag\u0119.<\/p>\n<p><b>G\u0142\u00f3wne sk\u0142adniki:<\/b><\/p>\n<p>Sproszkowany ekstrakt z opuncji figowej, sproszkowany ekstrakt z fasoli zwyk\u0142ej.<\/p>\n<p><b>Zawarto\u015b\u0107 sk\u0142adnik\u00f3w od\u017cywczych:<\/b><\/p>\n<p>1 kapsu\u0142ka<\/p>\n<ul>\n<li>ekstrakt z opuncji figowej &#8211; 262 mg<\/li>\n<li>ekstrakt z fasoli zwyk\u0142ej &#8211; 111 mg<br \/>\nw tym: b\u0142onnik z opuncji figowej i fasoli zwyk\u0142ej &#8211; 250 mg<\/li>\n<li>chrom &#8211; 30 \u03bcg (75%*)<\/li>\n<\/ul>\n<p>4 kapsu\u0142ki<\/p>\n<ul>\n<li>ekstrakt z opuncji figowej &#8211; 1048 mg<\/li>\n<li>ekstrakt z fasoli zwyk\u0142ej &#8211; 444 mg<br \/>\nw tym: b\u0142onnik z opuncji figowej i fasoli zwyk\u0142ej &#8211; 1000 mg<\/li>\n<li>chrom &#8211; 120 \u03bcg (300%*)<\/li>\n<\/ul>\n<p>* % dziennego zapotrzebowania w oparciu o diet\u0119 2000 kcal<\/p>\n<p>Nie nale\u017cy przekracza\u0107 zalecanej do spo\u017cycia porcji w ci\u0105gu dnia. Suplement diety nie mo\u017ce by\u0107 stosowany jako substytut zr\u00f3\u017cnicowanej diety.<\/p>\n<p><b>Opakowanie:<\/b><\/p>\n<p>120 kapsu\u0142ek<\/p>\n<p><b>Spos\u00f3b u\u017cycia:<\/b><\/p>\n<p>Jedna kapsu\u0142ka bezpo\u015brednio przed posi\u0142kiem lub przek\u0105sk\u0105 &#8211; popi\u0107 wod\u0105, do czterech kapsu\u0142ek dziennie.<\/p>\n<p><b>Przechowywanie:<\/b><\/p>\n<p>Przechowywa\u0107 w szczelnie zamkni\u0119tym opakowaniu, w ch\u0142odnym, suchym miejscu, niedost\u0119pnym dla ma\u0142ych dzieci. Nie nale\u017cy u\u017cywa\u0107, gdy uszkodzone jest zabezpieczenie pod nakr\u0119tk\u0105.<\/p>\n<p><b>Kraj pochodzenia:<\/b><\/p>\n<p>USA. Importer: Forever Living Products Poland, Sp. z o.o. 00-807 Warszawa, Al. Jerozolimskie 92<\/p>\n<p><strong>Kod produktu:\u00a0289<\/strong><\/p>\n","protected":false},"excerpt":{"rendered":"<p>Forever Lean &#8211;\u00a0Suplement diety Forever Lean\u2122 dostarcza dwa rewolucyjne sk\u0142adniki, kt\u00f3re mog\u0105 pom\u00f3c w zmniejszeniu absorpcji kalorii z t\u0142uszczy i w\u0119glowodan\u00f3w. Pierwszy z tych sk\u0142adnik\u00f3w to unikalny, absorbuj\u0105cy t\u0142uszcz b\u0142onnik, uzyskiwany z kaktusa Opuntia ficus-indica, znanego jako opuncja figowa, opuncja&hellip; <\/p>\n","protected":false},"featured_media":1970,"comment_status":"closed","ping_status":"closed","template":"","meta":[],"product_cat":[39,28],"product_tag":[],"_links":{"self":[{"href":"http:\/\/forever.sklep.pl\/index.php?rest_route=\/wp\/v2\/product\/484"}],"collection":[{"href":"http:\/\/forever.sklep.pl\/index.php?rest_route=\/wp\/v2\/product"}],"about":[{"href":"http:\/\/forever.sklep.pl\/index.php?rest_route=\/wp\/v2\/types\/product"}],"replies":[{"embeddable":true,"href":"http:\/\/forever.sklep.pl\/index.php?rest_route=%2Fwp%2Fv2%2Fcomments&post=484"}],"wp:featuredmedia":[{"embeddable":true,"href":"http:\/\/forever.sklep.pl\/index.php?rest_route=\/wp\/v2\/media\/1970"}],"wp:attachment":[{"href":"http:\/\/forever.sklep.pl\/index.php?rest_route=%2Fwp%2Fv2%2Fmedia&parent=484"}],"wp:term":[{"taxonomy":"product_cat","embeddable":true,"href":"http:\/\/forever.sklep.pl\/index.php?rest_route=%2Fwp%2Fv2%2Fproduct_cat&post=484"},{"taxonomy":"product_tag","embeddable":true,"href":"http:\/\/forever.sklep.pl\/index.php?rest_route=%2Fwp%2Fv2%2Fproduct_tag&post=484"}],"curies":[{"name":"wp","href":"https:\/\/api.w.org\/{rel}","templated":true}]}}