{"id":375,"date":"2014-06-19T15:14:15","date_gmt":"2014-06-19T15:14:15","guid":{"rendered":"http:\/\/forever.sklep.pl\/?post_type=product&#038;p=375"},"modified":"2022-02-11T11:20:28","modified_gmt":"2022-02-11T11:20:28","slug":"aloe-first-sok-aloesowy-z-ekstraktami-z-ziol-473-ml","status":"publish","type":"product","link":"http:\/\/forever.sklep.pl\/?product=aloe-first-sok-aloesowy-z-ekstraktami-z-ziol-473-ml","title":{"rendered":"Aloe First &#8211; Sok aloesowy z ekstraktami z zi\u00f3\u0142, 473 ml"},"content":{"rendered":"<p><b>Aloe First &#8211; Sok aloesowy z ekstraktami z zi\u00f3\u0142<\/b><\/p>\n<p>Nazw\u0119 tego niezwykle uniwersalnego w zastosowaniu produktu aloesowego mo\u017cna t\u0142umaczy\u0107 z j\u0119zyka angielskiego w r\u00f3\u017cny spos\u00f3b, i ka\u017cdy z nich w pe\u0142ni oddaje jego przeznaczenie. \u201eAloe First\u201d oznacza\u0107 mo\u017ce \u201ealoes przede wszystkim\u201d lub \u201e&#8230;na pierwszym miejscu\u201d\u00a0 i jest to zgodne z prawd\u0105, gdy\u017c ponad 3\/4 tego produktu stanowi czysty, naturalny mi\u0105\u017csz aloesowy. Istnieje jednak i inne t\u0142umaczenie tej nazwy, o czym dobrze wiadomo w coraz liczniejszych domach, gdzie Aloe First stawia si\u0119 na pierwszym miejscu po\u015br\u00f3d innych preparat\u00f3w\u00a0 piel\u0119gnacyjnych, s\u0142u\u017c\u0105cych zdrowiu oraz urodzie sk\u00f3ry.<\/p>\n<p>Dzi\u0119ki skojarzonemu dzia\u0142aniu mi\u0105\u017cszu aloesowego z jedenastoma zio\u0142ami leczniczymi, alantoin\u0105 i propolisem Aloe First bywa r\u00f3wnie ch\u0119tnie u\u017cywany do piel\u0119gnacji cery, sk\u00f3ry ca\u0142ego cia\u0142a, w\u0142os\u00f3w, jak i jako preparat pierwszej pomocy. Zawsze pod r\u0119k\u0105, zawsze niezawodny, got\u00f3w do dzia\u0142ania \u2013 niezale\u017cnie od tego, czy b\u0119dzie to drobne oparzenie w kuchni, zaci\u0119cie si\u0119 przy goleniu czy te\u017c jaka\u015b drobna dzieci\u0119ca kontuzja przyniesiona w\u015br\u00f3d \u0142ez z podw\u00f3rka.<\/p>\n<p>Warto go zabra\u0107 na wakacje, gdy\u017c jego \u0142agodz\u0105ce dzia\u0142anie przyda si\u0119 na pewno po zbyt s\u0142onecznym dniu albo kiedy pok\u0142uj\u0105 nas komary.<\/p>\n<p><b>G\u0142\u00f3wne sk\u0142adniki:<\/b><\/p>\n<p>Aloe Barbadensis Gel\u00a0(Stabilizowany Mi\u0105\u017csz Aloe Vera),\u00a0alantoina, roztw\u00f3r kitu pszczelego, ekstrakty z og\u00f3recznika, rumianku, eukaliptusa, imbiru, passiflory, sza\u0142wi, tymianku, krwawnika pospolitego, nagietka, mniszka lekarskiego i drewna sanda\u0142owego.<\/p>\n<p><b>Opakowanie:<\/b><\/p>\n<p>473 ml, z pompk\u0105 i obrotow\u0105 g\u0142owic\u0105<\/p>\n<p><b>Dzia\u0142anie \/ w\u0142a\u015bciwo\u015bci Aloe First:<\/b><\/p>\n<ul>\n<li>Wspaniale \u0142agodzi, koi i nawil\u017ca sk\u00f3r\u0119.<\/li>\n<li>B\u0142yskawicznie likwiduje pieczenie i \u015bwi\u0105d.<\/li>\n<li>Wspomaga regeneracj\u0119 sk\u00f3ry oraz procesy gojenia.<\/li>\n<li>Dzia\u0142a bakteriostatycznie i\u00a0przeciwgrzybiczo.<\/li>\n<li>Znakomity, naturalny p\u0142yn na porost w\u0142os\u00f3w.<\/li>\n<\/ul>\n<p><b>Zastosowanie:<\/b><\/p>\n<ul>\n<li>na rany i oparzenia<\/li>\n<li>przy anginie na gard\u0142o<\/li>\n<li>na trudno goj\u0105ce si\u0119 owrzodzenia \u017cylak\u00f3w<\/li>\n<li>przy \u0142uszczycy<\/li>\n<li>przy alergiach sk\u00f3rnych<\/li>\n<li>na stany zapalne sk\u00f3ry<\/li>\n<\/ul>\n<p><b>Kod produktu: 40<\/b><b><br \/>\n<\/b><\/p>\n<p>&nbsp;<\/p>\n","protected":false},"excerpt":{"rendered":"<p>Aloe First &#8211; Sok aloesowy z ekstraktami z zi\u00f3\u0142 Nazw\u0119 tego niezwykle uniwersalnego w zastosowaniu produktu aloesowego mo\u017cna t\u0142umaczy\u0107 z j\u0119zyka angielskiego w r\u00f3\u017cny spos\u00f3b, i ka\u017cdy z nich w pe\u0142ni oddaje jego przeznaczenie. \u201eAloe First\u201d oznacza\u0107 mo\u017ce \u201ealoes przede&hellip; <\/p>\n","protected":false},"featured_media":376,"comment_status":"closed","ping_status":"closed","template":"","meta":[],"product_cat":[23],"product_tag":[],"_links":{"self":[{"href":"http:\/\/forever.sklep.pl\/index.php?rest_route=\/wp\/v2\/product\/375"}],"collection":[{"href":"http:\/\/forever.sklep.pl\/index.php?rest_route=\/wp\/v2\/product"}],"about":[{"href":"http:\/\/forever.sklep.pl\/index.php?rest_route=\/wp\/v2\/types\/product"}],"replies":[{"embeddable":true,"href":"http:\/\/forever.sklep.pl\/index.php?rest_route=%2Fwp%2Fv2%2Fcomments&post=375"}],"wp:featuredmedia":[{"embeddable":true,"href":"http:\/\/forever.sklep.pl\/index.php?rest_route=\/wp\/v2\/media\/376"}],"wp:attachment":[{"href":"http:\/\/forever.sklep.pl\/index.php?rest_route=%2Fwp%2Fv2%2Fmedia&parent=375"}],"wp:term":[{"taxonomy":"product_cat","embeddable":true,"href":"http:\/\/forever.sklep.pl\/index.php?rest_route=%2Fwp%2Fv2%2Fproduct_cat&post=375"},{"taxonomy":"product_tag","embeddable":true,"href":"http:\/\/forever.sklep.pl\/index.php?rest_route=%2Fwp%2Fv2%2Fproduct_tag&post=375"}],"curies":[{"name":"wp","href":"https:\/\/api.w.org\/{rel}","templated":true}]}}