{"id":371,"date":"2014-06-19T15:08:47","date_gmt":"2014-06-19T15:08:47","guid":{"rendered":"http:\/\/forever.sklep.pl\/?post_type=product&#038;p=371"},"modified":"2022-02-15T15:28:33","modified_gmt":"2022-02-15T15:28:33","slug":"aloe-propolis-creme-krem-aloesowo-propolisowy-113-g","status":"publish","type":"product","link":"http:\/\/forever.sklep.pl\/?product=aloe-propolis-creme-krem-aloesowo-propolisowy-113-g","title":{"rendered":"Aloe Propolis Creme &#8211; Krem aloesowo-propolisowy, 113 g"},"content":{"rendered":"<p><b>Krem aloesowo-propolisowy<\/b><\/p>\n<p>Zestawienie czystego mi\u0105\u017cszu aloesowego z propolisem pszczelim \u2013 to zadziwiaj\u0105co uniwersalna sp\u00f3\u0142ka. Zdumiewaj\u0105ca by\u0142a intuicja tego, kto pierwszy odkry\u0142, jak wiele mo\u017cna zyska\u0107, \u0142\u0105cz\u0105c ze sob\u0105 oba te wspania\u0142e dary Natury. Ca\u0142a tajemnica polega na tym, \u017ce zar\u00f3wno mi\u0105\u017csz aloesowy, jak i propolis o wiele lepiej dzia\u0142aj\u0105 na sk\u00f3r\u0119 w po\u0142\u0105czeniu ze sob\u0105, ni\u017c gdyby\u015bmy u\u017cyli ka\u017cdego z nich osobno. Efekt ten jest zauwa\u017calny tak dalece, \u017ce mo\u017cna pokusi\u0107 si\u0119 nawet o stwierdzenie, i\u017c obydwie te substancje dzia\u0142aj\u0105 na siebie jak biokatalizatory, stymuluj\u0105c swoj\u0105 aktywno\u015b\u0107.<\/p>\n<p>Forever Living Products proponuje niezwyk\u0142y produkt do piel\u0119gnacji sk\u00f3ry, w kt\u00f3rym opr\u00f3cz znakomitej sp\u00f3\u0142ki aloesu z propolisem znajduj\u0105 si\u0119 wyci\u0105gi z \u017cywokostu i rumianku oraz witamina A i E. Wszystkie te sk\u0142adniki razem przynosz\u0105 sk\u00f3rze efekt niezwykle skutecznej regeneracji oraz d\u0142ugotrwa\u0142ego nawil\u017cenia.<\/p>\n<p>Krem Aloesowo- Propolisowy to wydarta Naturze tajemnica wiecznej m\u0142odo\u015bci sk\u00f3ry, przywr\u00f3cenie jej m\u0142odzie\u0144czego wigoru przez usprawnienie regeneracji, to eliksir \u017cycia dla ka\u017cdej zm\u0119czonej cery. Czysty mi\u0105\u017csz Aloe vera wesp\u00f3\u0142 z propolisem przyspiesza tak\u017ce gojenie uszkodze\u0144 tkanki sk\u00f3rnej, stanowi\u0105c jednocze\u015bnie naturaln\u0105 ochron\u0119 przed infekcjami bakteryjnymi i grzybiczymi.<\/p>\n<p><b>G\u0142\u00f3wne sk\u0142adniki:<\/b><\/p>\n<p>Mi\u0105\u017csz Aloe barbadensis, lanolina, alantoina, kit pszczeli, tokoferol (naturalna witamina E), beta-karoten (prowitamina A), wyci\u0105g z \u017cywokostu i rumianku, kwas askorbinowy (witamina C).<\/p>\n<p><b>Opakowanie:<\/b><\/p>\n<p>113 g<\/p>\n<p><b>Dzia\u0142anie \/ w\u0142a\u015bciwo\u015bci Kremu aloesowo-propolisowego:<\/b><\/p>\n<ul>\n<li>Dzia\u0142a antybakteryjnie i przeciwgrzybiczo.<\/li>\n<li>Redukuje \u0142ojotok sk\u00f3rny i\u00a0zapobiega k\u0142opotom z tr\u0105dzikiem m\u0142odzie\u0144czym.<\/li>\n<li>Dzia\u0142a \u015bci\u0105gaj\u0105co i koj\u0105co, zw\u0142aszcza na sk\u00f3r\u0119 wra\u017cliw\u0105.<\/li>\n<li>Regeneruje nask\u00f3rek, ogranicza jego nadmierne rogowacenie.<\/li>\n<li>Usprawnia procesy gojenia, zapobiega zaka\u017ceniom.<\/li>\n<\/ul>\n<p><b>Kod produktu: 51<\/b><b><br \/>\n<\/b><\/p>\n<p>&nbsp;<\/p>\n","protected":false},"excerpt":{"rendered":"<p>Krem aloesowo-propolisowy Zestawienie czystego mi\u0105\u017cszu aloesowego z propolisem pszczelim \u2013 to zadziwiaj\u0105co uniwersalna sp\u00f3\u0142ka. Zdumiewaj\u0105ca by\u0142a intuicja tego, kto pierwszy odkry\u0142, jak wiele mo\u017cna zyska\u0107, \u0142\u0105cz\u0105c ze sob\u0105 oba te wspania\u0142e dary Natury. Ca\u0142a tajemnica polega na tym, \u017ce zar\u00f3wno&hellip; <\/p>\n","protected":false},"featured_media":2007,"comment_status":"closed","ping_status":"closed","template":"","meta":[],"product_cat":[23],"product_tag":[],"_links":{"self":[{"href":"http:\/\/forever.sklep.pl\/index.php?rest_route=\/wp\/v2\/product\/371"}],"collection":[{"href":"http:\/\/forever.sklep.pl\/index.php?rest_route=\/wp\/v2\/product"}],"about":[{"href":"http:\/\/forever.sklep.pl\/index.php?rest_route=\/wp\/v2\/types\/product"}],"replies":[{"embeddable":true,"href":"http:\/\/forever.sklep.pl\/index.php?rest_route=%2Fwp%2Fv2%2Fcomments&post=371"}],"wp:featuredmedia":[{"embeddable":true,"href":"http:\/\/forever.sklep.pl\/index.php?rest_route=\/wp\/v2\/media\/2007"}],"wp:attachment":[{"href":"http:\/\/forever.sklep.pl\/index.php?rest_route=%2Fwp%2Fv2%2Fmedia&parent=371"}],"wp:term":[{"taxonomy":"product_cat","embeddable":true,"href":"http:\/\/forever.sklep.pl\/index.php?rest_route=%2Fwp%2Fv2%2Fproduct_cat&post=371"},{"taxonomy":"product_tag","embeddable":true,"href":"http:\/\/forever.sklep.pl\/index.php?rest_route=%2Fwp%2Fv2%2Fproduct_tag&post=371"}],"curies":[{"name":"wp","href":"https:\/\/api.w.org\/{rel}","templated":true}]}}