{"id":369,"date":"2014-06-19T15:06:06","date_gmt":"2014-06-19T15:06:06","guid":{"rendered":"http:\/\/forever.sklep.pl\/?post_type=product&#038;p=369"},"modified":"2022-02-11T11:24:02","modified_gmt":"2022-02-11T11:24:02","slug":"aloe-moisturizing-lotion-aloesowa-emulsja-nawilzajaca-118-ml","status":"publish","type":"product","link":"http:\/\/forever.sklep.pl\/?product=aloe-moisturizing-lotion-aloesowa-emulsja-nawilzajaca-118-ml","title":{"rendered":"Aloe Moisturizing Lotion &#8211; Aloesowa emulsja nawil\u017caj\u0105ca, 118 ml"},"content":{"rendered":"<p><b>Aloe Moisturizing Lotion &#8211; Aloesowa emulsja nawil\u017caj\u0105ca<\/b><\/p>\n<p>Sp\u00f3jrzmy prawdzie w oczy &#8211; proces starzenia si\u0119 sk\u00f3ry polega g\u0142\u00f3wnie na jej wysychaniu, a raczej na sk\u0142onno\u015bci do utraty wody z tkanek. Wiadomo na przyk\u0142ad, jak bardzo jest szkodliwe dla sk\u00f3ry nadmierne opalanie si\u0119. Dlaczego jednak jego op\u0142akane skutki widoczne s\u0105 najbardziej na cerach dojrza\u0142ych ludzi?<\/p>\n<p>Im d\u0142u\u017cej \u017cyjemy, tym bardziej musimy si\u0119 stara\u0107, aby za wszelk\u0105 cen\u0119 zapobiec utracie wody z tkanek. Powinni\u015bmy walczy\u0107 o ka\u017cd\u0105 jej kropl\u0119 jak bezcenny skarb. Aloes, jako ro\u015blina pustynna, doskonale sobie z tym radzi i gdyby\u015bmy tylko chcieli, sporo mogliby\u015bmy si\u0119 od niego nauczy\u0107. Albo skorzysta\u0107 z ju\u017c gotowych rozwi\u0105za\u0144 w postaci Emulsji, kt\u00f3ra dzi\u0119ki wysokiej zawarto\u015bci mi\u0105\u017cszu aloesowego dzia\u0142a na sk\u00f3r\u0119 jako najdoskonalszy nawil\u017cacz \u015bwiata. Najdoskonalszy &#8211; bo naturalny!<\/p>\n<p>Wielocukry zawarte z mi\u0105\u017cszu Aloe Vera trzymaj\u0105 wod\u0119 naprawd\u0119 mocno i d\u0142ugo, na szcz\u0119\u015bcie dla nas potrafi\u0105 t\u0119 cech\u0119 wykorzysta\u0107 dla dobra sk\u00f3ry. Wchodz\u0105cy dodatkowo\u00a0w sk\u0142ad Aloesowej Emulsji Nawil\u017caj\u0105cej rozpuszczalny kolagen i hydrolizowna elastyna bardzo efektywnie wspomagaj\u0105 proces d\u0142ugotrwa\u0142ego nawil\u017cenia. Ta emulsja, kt\u00f3rej g\u0142\u00f3wnym sk\u0142adnikiem jest czysty mi\u0105\u017csz Aloe Vera, potrafi bardzo skutecznie wspom\u00f3c system autonawil\u017cania sk\u00f3ry. Najlepszym dowodem niech b\u0119dzie fakt, \u017ce sk\u00f3ra, na kt\u00f3r\u0105 naniesiono odrobin\u0119 Aloesowej Emulsji Nawil\u017caj\u0105cej, jeszcze d\u0142ugo potem przypomina w dotyku sk\u00f3r\u0119 ma\u0142ego dziecka. Zupe\u0142nie jakby powr\u00f3ci\u0142a do czas\u00f3w swojej m\u0142odo\u015bci, kiedy nie by\u0142a zagrozona nadmiernym wysychaniem.<\/p>\n<p><b>G\u0142\u00f3wne sk\u0142adniki:<\/b><\/p>\n<p>Aloe Barbadensis Gel (Stabilized Aloe Vera Gel), Water, Glyceryl Stearate, Prunus Armeniaca (Apricot) Kernel Oil, Soluble Collagen, Simmondsia Chinensis (Jojoba) Seed Oil, Tocopherol (Vitamina E\u00a0Natural).<\/p>\n<p><b>Opakowanie:<\/b><\/p>\n<p>118 ml<\/p>\n<p><b>Dzia\u0142anie \/ w\u0142a\u015bciwo\u015bci Aloesowej emulsji nawil\u017caj\u0105cej:<\/b><\/p>\n<ul>\n<li>Hamuje procesy starzenia si\u0119 sk\u00f3ry.<\/li>\n<li>Dzia\u0142a przeciwzmarszczkowo i regeneruj\u0105co.<\/li>\n<li>Jest tak lekka, \u017ce znakomicie s\u0142u\u017cy r\u00f3wnie\u017c m\u0142odej cerze.<\/li>\n<li>Szybko si\u0119 wch\u0142ania.<\/li>\n<li>G\u0142\u0119boko od\u017cywia.<\/li>\n<li>Wi\u0105\u017ce wod\u0119 z atmosfery (dzia\u0142anie odm\u0142adzaj\u0105ce).<\/li>\n<li>Przyspiesza proces regeneracji kom\u00f3rek sk\u00f3rnych.<\/li>\n<li>Doskona\u0142y podk\u0142ad pod makija\u017c.<\/li>\n<li>Krem do ka\u017cdego typu cery.<\/li>\n<\/ul>\n<p><b>Wskazania:<\/b><\/p>\n<ul>\n<li>Stanowi doskona\u0142y, oddychaj\u0105cy podk\u0142ad pod makija\u017c.<\/li>\n<li>Mo\u017cna j\u0105 nak\u0142ada\u0107 w ci\u0105gu dnia dowoln\u0105 ilo\u015b\u0107 razy.<\/li>\n<\/ul>\n<p><b>Kod produktu: 63<\/b><b><br \/>\n<\/b><\/p>\n<p>&nbsp;<\/p>\n","protected":false},"excerpt":{"rendered":"<p>Aloe Moisturizing Lotion &#8211; Aloesowa emulsja nawil\u017caj\u0105ca Sp\u00f3jrzmy prawdzie w oczy &#8211; proces starzenia si\u0119 sk\u00f3ry polega g\u0142\u00f3wnie na jej wysychaniu, a raczej na sk\u0142onno\u015bci do utraty wody z tkanek. Wiadomo na przyk\u0142ad, jak bardzo jest szkodliwe dla sk\u00f3ry nadmierne&hellip; <\/p>\n","protected":false},"featured_media":370,"comment_status":"closed","ping_status":"closed","template":"","meta":[],"product_cat":[23],"product_tag":[],"_links":{"self":[{"href":"http:\/\/forever.sklep.pl\/index.php?rest_route=\/wp\/v2\/product\/369"}],"collection":[{"href":"http:\/\/forever.sklep.pl\/index.php?rest_route=\/wp\/v2\/product"}],"about":[{"href":"http:\/\/forever.sklep.pl\/index.php?rest_route=\/wp\/v2\/types\/product"}],"replies":[{"embeddable":true,"href":"http:\/\/forever.sklep.pl\/index.php?rest_route=%2Fwp%2Fv2%2Fcomments&post=369"}],"wp:featuredmedia":[{"embeddable":true,"href":"http:\/\/forever.sklep.pl\/index.php?rest_route=\/wp\/v2\/media\/370"}],"wp:attachment":[{"href":"http:\/\/forever.sklep.pl\/index.php?rest_route=%2Fwp%2Fv2%2Fmedia&parent=369"}],"wp:term":[{"taxonomy":"product_cat","embeddable":true,"href":"http:\/\/forever.sklep.pl\/index.php?rest_route=%2Fwp%2Fv2%2Fproduct_cat&post=369"},{"taxonomy":"product_tag","embeddable":true,"href":"http:\/\/forever.sklep.pl\/index.php?rest_route=%2Fwp%2Fv2%2Fproduct_tag&post=369"}],"curies":[{"name":"wp","href":"https:\/\/api.w.org\/{rel}","templated":true}]}}