{"id":2004,"date":"2022-02-15T15:20:00","date_gmt":"2022-02-15T15:20:00","guid":{"rendered":"http:\/\/forever.sklep.pl\/?post_type=product&#038;p=2004"},"modified":"2022-02-15T15:20:00","modified_gmt":"2022-02-15T15:20:00","slug":"forever-aloe-body-lotion-nowosc-236ml-duza-tuba","status":"publish","type":"product","link":"http:\/\/forever.sklep.pl\/?product=forever-aloe-body-lotion-nowosc-236ml-duza-tuba","title":{"rendered":"Forever Aloe Body Lotion NOWO\u015a\u0106 236ml Du\u017ca Tuba"},"content":{"rendered":"<p><strong>ALOE BODY LOTION<\/strong> od Forever to \u015bwietny balsam nawil\u017caj\u0105cy do codzinnego u\u017cytku, kt\u00f3ry zmi\u0119kcza, wyg\u0142adza i nawadnia sk\u00f3r\u0119. Dzi\u0119ki lekkiej recepturze szybko si\u0119 wch\u0142ania, by dostarczy\u0107 sk\u00f3rze dobrodziejstwa czystego aloesu i innych substancji nawil\u017caj\u0105cych niemal natychmiast.<\/p>\n<p>Czysty mi\u0105\u017csz z wn\u0119trza li\u015bci alo vera po\u0142\u0105czyli\u015bmy z olejkami i innymi sk\u0142adnikami ro\u015blinnymi, by w naturalny spos\u00f3b wesprze\u0107 zdrowy wygl\u0105d twojej sk\u00f3ry. Ze wzgl\u0119du na swoje w\u0142a\u015bciwo\u015bci nawil\u017caj\u0105ce i odm\u0142adzaj\u0105ce, aloes stanowi doskona\u0142\u0105 baz\u0119 receptury Aloe Body Lotion. Olejek arganowy zawiera witamin\u0119 E oraz kwasy t\u0142uszczowe, nadaj\u0105c sk\u00f3rze g\u0142adko\u015b\u0107. Natomiast hydrolizowane estry jojoby wspieraj\u0105 jej j\u0119drnos\u0107 i elastyczno\u015b\u0107.<\/p>\n<p>Dodatek olejku z orzeszk\u00f3w makadamia o wysokiej zawarto\u015bci kwasu palmitooleinowego, kt\u00f3ry wspiera zdrowy wygl\u0105d sk\u00f3ry, sprawia, ze balsam idealnie sprawdza si\u0119 w piel\u0119gnacji sk\u00f3ry dojrza\u0142ej. Jednak nie tylko takiej sk\u00f3rze przyniesie on korzy\u015bci. Receptura jest wolna od silikon\u00f3w, a sk\u0142adniki takie jak hialuronian sodu wspieraj\u0105 barier\u0119 ochronn\u0105 sk\u00f3ry, pomagaj\u0105c jej zachowa\u0107 nawil\u017cenie, dzi\u0119ki czemu Aloe Body Lotion jest odpowiedni dla r\u00f3\u017cnych rodzaj\u00f3w sk\u00f3ry. Balsam ma uniwersalny, delikatnie kwiatowy aromat.<\/p>\n","protected":false},"excerpt":{"rendered":"<p>ALOE BODY LOTION od Forever to \u015bwietny balsam nawil\u017caj\u0105cy do codzinnego u\u017cytku, kt\u00f3ry zmi\u0119kcza, wyg\u0142adza i nawadnia sk\u00f3r\u0119. Dzi\u0119ki lekkiej recepturze szybko si\u0119 wch\u0142ania, by dostarczy\u0107 sk\u00f3rze dobrodziejstwa czystego aloesu i innych substancji nawil\u017caj\u0105cych niemal natychmiast. Czysty mi\u0105\u017csz z wn\u0119trza&hellip; <\/p>\n","protected":false},"featured_media":2005,"comment_status":"closed","ping_status":"closed","template":"","meta":[],"product_cat":[23],"product_tag":[],"_links":{"self":[{"href":"http:\/\/forever.sklep.pl\/index.php?rest_route=\/wp\/v2\/product\/2004"}],"collection":[{"href":"http:\/\/forever.sklep.pl\/index.php?rest_route=\/wp\/v2\/product"}],"about":[{"href":"http:\/\/forever.sklep.pl\/index.php?rest_route=\/wp\/v2\/types\/product"}],"replies":[{"embeddable":true,"href":"http:\/\/forever.sklep.pl\/index.php?rest_route=%2Fwp%2Fv2%2Fcomments&post=2004"}],"wp:featuredmedia":[{"embeddable":true,"href":"http:\/\/forever.sklep.pl\/index.php?rest_route=\/wp\/v2\/media\/2005"}],"wp:attachment":[{"href":"http:\/\/forever.sklep.pl\/index.php?rest_route=%2Fwp%2Fv2%2Fmedia&parent=2004"}],"wp:term":[{"taxonomy":"product_cat","embeddable":true,"href":"http:\/\/forever.sklep.pl\/index.php?rest_route=%2Fwp%2Fv2%2Fproduct_cat&post=2004"},{"taxonomy":"product_tag","embeddable":true,"href":"http:\/\/forever.sklep.pl\/index.php?rest_route=%2Fwp%2Fv2%2Fproduct_tag&post=2004"}],"curies":[{"name":"wp","href":"https:\/\/api.w.org\/{rel}","templated":true}]}}