{"id":2001,"date":"2022-02-15T14:25:25","date_gmt":"2022-02-15T14:25:25","guid":{"rendered":"http:\/\/forever.sklep.pl\/?post_type=product&#038;p=2001"},"modified":"2022-02-15T14:26:29","modified_gmt":"2022-02-15T14:26:29","slug":"forever-aloe-hand-soap-aloes-mydlo-w-plynie-473-ml","status":"publish","type":"product","link":"http:\/\/forever.sklep.pl\/?product=forever-aloe-hand-soap-aloes-mydlo-w-plynie-473-ml","title":{"rendered":"Forever Aloe Hand Soap aloes myd\u0142o w p\u0142ynie 473 ml"},"content":{"rendered":"<p>Odkryj najnowsze osi\u0105gni\u0119cie Forever w dziedzinie oczyszczania i wszechstronnej piel\u0119gnacji sk\u00f3ry! Je\u015bli kochasz otacza\u0107 si\u0119 tym, co niebanalne, a jednocze\u015bnie chcesz zapewni\u0107 sobie i swojej rodzinie perfekcyjn\u0105 opiek\u0119 nad sk\u00f3r\u0105 &#8211; dedykujemy Ci Aloe Liquid Soap.<\/p>\n<p>Receptura tego prze\u0142omowego myd\u0142a w p\u0142ynie jest natyle silna, by skutecznie oczyszcza\u0107 i od\u015bwie\u017ca\u0107 sk\u00f3r\u0119 ca\u0142ego cia\u0142a, a jednocze\u015bnie na tyle \u0142agodna, by zapewni\u0107 jej odpowiedni poziom nawil\u017cenia. Aloe Liquid Soap znakomicie sprawdzi si\u0119 pod prysznicem do codziennej piel\u0119gnacji sk\u00f3ry ca\u0142ej rodziny, jak i do cz\u0119stego mycia r\u0105k.<\/p>\n<p>Baz\u0119 Aloe Liquid Soap stanowi czysty aloes z upraw Forever, wzbogacony p\u0142ynnym z\u0142otem Maroka, czyli olejkiem arganowym, a tak\u017ce olejkiem jojoba, olejkiem z og\u00f3rka i innymi sk\u0142adnikami naturalnego pochodzenia<\/p>\n<p>&nbsp;<\/p>\n<p>&nbsp;<\/p>\n","protected":false},"excerpt":{"rendered":"<p>Odkryj najnowsze osi\u0105gni\u0119cie Forever w dziedzinie oczyszczania i wszechstronnej piel\u0119gnacji sk\u00f3ry! Je\u015bli kochasz otacza\u0107 si\u0119 tym, co niebanalne, a jednocze\u015bnie chcesz zapewni\u0107 sobie i swojej rodzinie perfekcyjn\u0105 opiek\u0119 nad sk\u00f3r\u0105 &#8211; dedykujemy Ci Aloe Liquid Soap. Receptura tego prze\u0142omowego myd\u0142a&hellip; <\/p>\n","protected":false},"featured_media":2002,"comment_status":"closed","ping_status":"closed","template":"","meta":[],"product_cat":[23],"product_tag":[],"_links":{"self":[{"href":"http:\/\/forever.sklep.pl\/index.php?rest_route=\/wp\/v2\/product\/2001"}],"collection":[{"href":"http:\/\/forever.sklep.pl\/index.php?rest_route=\/wp\/v2\/product"}],"about":[{"href":"http:\/\/forever.sklep.pl\/index.php?rest_route=\/wp\/v2\/types\/product"}],"replies":[{"embeddable":true,"href":"http:\/\/forever.sklep.pl\/index.php?rest_route=%2Fwp%2Fv2%2Fcomments&post=2001"}],"wp:featuredmedia":[{"embeddable":true,"href":"http:\/\/forever.sklep.pl\/index.php?rest_route=\/wp\/v2\/media\/2002"}],"wp:attachment":[{"href":"http:\/\/forever.sklep.pl\/index.php?rest_route=%2Fwp%2Fv2%2Fmedia&parent=2001"}],"wp:term":[{"taxonomy":"product_cat","embeddable":true,"href":"http:\/\/forever.sklep.pl\/index.php?rest_route=%2Fwp%2Fv2%2Fproduct_cat&post=2001"},{"taxonomy":"product_tag","embeddable":true,"href":"http:\/\/forever.sklep.pl\/index.php?rest_route=%2Fwp%2Fv2%2Fproduct_tag&post=2001"}],"curies":[{"name":"wp","href":"https:\/\/api.w.org\/{rel}","templated":true}]}}