{"id":1997,"date":"2022-02-15T13:46:31","date_gmt":"2022-02-15T13:46:31","guid":{"rendered":"http:\/\/forever.sklep.pl\/?post_type=product&#038;p=1997"},"modified":"2022-02-15T13:46:31","modified_gmt":"2022-02-15T13:46:31","slug":"forever-fast-break-energetyczny-baton-czekoladowy","status":"publish","type":"product","link":"http:\/\/forever.sklep.pl\/?product=forever-fast-break-energetyczny-baton-czekoladowy","title":{"rendered":"Forever Fast Break energetyczny baton czekoladowy"},"content":{"rendered":"<p>Ten pyszny baton czekoladowo-orzechowy wspiera Tw\u00f3j metabolizm, dzi\u0119ki solidnej porcji bia\u0142ka i b\u0142onnika!<\/p>\n<ul>\n<li>Pyszny baton o smaku mas\u0142a orzechowego<\/li>\n<li>11 gram\u00f3w bia\u0142ka<\/li>\n<li>Witaminy z grupy B i sk\u0142adniki mineralne<\/li>\n<\/ul>\n<p>Je\u017celi chcesz, by twoje kubki smakowe zakosztowa\u0142y s\u0142odyczy batona, a tw\u00f3j metabolizm solidnej porcji bia\u0142ka i b\u0142onnika, rozpakuj Forever Fast Break! Bia\u0142ko przyczynia si\u0119 do wzrostu oraz utrzymaniu masy mi\u0119\u015bniowej. Wspiera te\u017c zdrowie ko\u015bci. Forever FastBreak jest te\u017c \u017ar\u00f3d\u0142em witamin z grupy B (kwasu pantotenowego, foliowego, biotyny, niacyny, witamin B2, B6, B12) i sk\u0142adnik\u00f3w mineralnych (m.in. magnezu i \u017celaza), kt\u00f3re przyczyniaj\u0105 si\u0119 do usuwania uczucia zm\u0119czenia i znu\u017cenia. Kwas pantotenowy pomaga r\u00f3wnie\u017c w utrzymaniu sprawno\u015bci umys\u0142owej. Baton zawiera te\u017c witamin\u0119 C wspieraj\u0105c\u0105 w utrzymaniu prawid\u0142owego funkcjonowania uk\u0142adu odporno\u015bciowego i ochronie kom\u00f3rek przed stresem oksydacyjnym.<\/p>\n<p>1 baton dziennie. Nie przekracza\u0107 porcji zalecanej do spo\u017cycia.<\/p>\n<p>&nbsp;<\/p>\n<p><span style=\"color: #ff0000;\"><strong>Mo\u017cliwo\u015b\u0107 zakupu batonu w zestawie 12 szt w okazyjnej cenie 200 z\u0142<\/strong><\/span><\/p>\n","protected":false},"excerpt":{"rendered":"<p>Ten pyszny baton czekoladowo-orzechowy wspiera Tw\u00f3j metabolizm, dzi\u0119ki solidnej porcji bia\u0142ka i b\u0142onnika! Pyszny baton o smaku mas\u0142a orzechowego 11 gram\u00f3w bia\u0142ka Witaminy z grupy B i sk\u0142adniki mineralne Je\u017celi chcesz, by twoje kubki smakowe zakosztowa\u0142y s\u0142odyczy batona, a tw\u00f3j&hellip; <\/p>\n","protected":false},"featured_media":1998,"comment_status":"closed","ping_status":"closed","template":"","meta":[],"product_cat":[39,18,28,29],"product_tag":[],"_links":{"self":[{"href":"http:\/\/forever.sklep.pl\/index.php?rest_route=\/wp\/v2\/product\/1997"}],"collection":[{"href":"http:\/\/forever.sklep.pl\/index.php?rest_route=\/wp\/v2\/product"}],"about":[{"href":"http:\/\/forever.sklep.pl\/index.php?rest_route=\/wp\/v2\/types\/product"}],"replies":[{"embeddable":true,"href":"http:\/\/forever.sklep.pl\/index.php?rest_route=%2Fwp%2Fv2%2Fcomments&post=1997"}],"wp:featuredmedia":[{"embeddable":true,"href":"http:\/\/forever.sklep.pl\/index.php?rest_route=\/wp\/v2\/media\/1998"}],"wp:attachment":[{"href":"http:\/\/forever.sklep.pl\/index.php?rest_route=%2Fwp%2Fv2%2Fmedia&parent=1997"}],"wp:term":[{"taxonomy":"product_cat","embeddable":true,"href":"http:\/\/forever.sklep.pl\/index.php?rest_route=%2Fwp%2Fv2%2Fproduct_cat&post=1997"},{"taxonomy":"product_tag","embeddable":true,"href":"http:\/\/forever.sklep.pl\/index.php?rest_route=%2Fwp%2Fv2%2Fproduct_tag&post=1997"}],"curies":[{"name":"wp","href":"https:\/\/api.w.org\/{rel}","templated":true}]}}