{"id":1995,"date":"2022-02-15T13:30:00","date_gmt":"2022-02-15T13:30:00","guid":{"rendered":"http:\/\/forever.sklep.pl\/?post_type=product&#038;p=1995"},"modified":"2022-02-15T13:30:00","modified_gmt":"2022-02-15T13:30:00","slug":"forever-living-multi-maca-60tabl","status":"publish","type":"product","link":"http:\/\/forever.sklep.pl\/?product=forever-living-multi-maca-60tabl","title":{"rendered":"Forever Living Multi-Maca 60tabl."},"content":{"rendered":"<p><b>Multi-Maca firmy Forever<\/b>\u00a0to suplement diety stworzony z naturalnych sk\u0142adnik\u00f3w, a wiod\u0105cym jest\u00a0<b>korze\u0144 Maca<\/b>, zwany r\u00f3wnie\u017c &#8222;peruwia\u0144skim \u017ce\u0144-szeniem&#8221;. Ro\u015blina ta\u00a0<b>zwi\u0119ksza poziom energii<\/b>, jednocze\u015bnie\u00a0<b>niweluj\u0105c uczucie zm\u0119czenia i senno\u015bci<\/b>. Dlatego te\u017c suplement diety Multi-Maca szczeg\u00f3lnie\u00a0<b>sprawdzi si\u0119 w okresie przesilenia wiosennego oraz jesiennego<\/b>, jak r\u00f3wnie\u017c w okresie wzmo\u017conego wysi\u0142ku fizycznego. Dodatkowo korze\u0144 Maca\u00a0<b>pozytywnie wp\u0142ywa na gospodark\u0119 hormonaln\u0105<\/b>, zar\u00f3wno u kobiet jak i m\u0119\u017cczyzn, a tak\u017ce\u00a0<b>\u0142agodzi przykre objawy miesi\u0105czki czy menopauzy.<\/b><\/p>\n<p>&nbsp;<\/p>\n<ul>\n<li><b>Korzystnie wp\u0142ywa na sprawno\u015b\u0107 umys\u0142ow\u0105<\/b><\/li>\n<li>Wspomaga wydolno\u015b\u0107 psychofizyczn\u0105 organizmu<\/li>\n<li><b>Wspiera prac\u0119 uk\u0142adu hormonalnego<\/b><\/li>\n<li><b>Pomaga w utrzymaniu sprawno\u015bci seksualnej<\/b>\u00a0kobiet i m\u0119\u017cczyzn<\/li>\n<li><b>Korzystnie wp\u0142ywa na funkcje rozrodcze<\/b><\/li>\n<li>Wspiera funkcje uk\u0142adu moczowego<\/li>\n<li><b>Stymuluje wigor, wytrzyma\u0142o\u015b\u0107 i odporno\u015b\u0107 na stres<\/b><\/li>\n<li>\u0141agodzi dokuczliwe objawy menopauzy i miesi\u0105czki<\/li>\n<li><b>Pozwala w pe\u0142ni cieszy\u0107 si\u0119 \u017cyciem<\/b><\/li>\n<\/ul>\n","protected":false},"excerpt":{"rendered":"<p>Multi-Maca firmy Forever\u00a0to suplement diety stworzony z naturalnych sk\u0142adnik\u00f3w, a wiod\u0105cym jest\u00a0korze\u0144 Maca, zwany r\u00f3wnie\u017c &#8222;peruwia\u0144skim \u017ce\u0144-szeniem&#8221;. Ro\u015blina ta\u00a0zwi\u0119ksza poziom energii, jednocze\u015bnie\u00a0niweluj\u0105c uczucie zm\u0119czenia i senno\u015bci. Dlatego te\u017c suplement diety Multi-Maca szczeg\u00f3lnie\u00a0sprawdzi si\u0119 w okresie przesilenia wiosennego oraz jesiennego, jak&hellip; <\/p>\n","protected":false},"featured_media":1996,"comment_status":"closed","ping_status":"closed","template":"","meta":[],"product_cat":[38,39,23,29],"product_tag":[],"_links":{"self":[{"href":"http:\/\/forever.sklep.pl\/index.php?rest_route=\/wp\/v2\/product\/1995"}],"collection":[{"href":"http:\/\/forever.sklep.pl\/index.php?rest_route=\/wp\/v2\/product"}],"about":[{"href":"http:\/\/forever.sklep.pl\/index.php?rest_route=\/wp\/v2\/types\/product"}],"replies":[{"embeddable":true,"href":"http:\/\/forever.sklep.pl\/index.php?rest_route=%2Fwp%2Fv2%2Fcomments&post=1995"}],"wp:featuredmedia":[{"embeddable":true,"href":"http:\/\/forever.sklep.pl\/index.php?rest_route=\/wp\/v2\/media\/1996"}],"wp:attachment":[{"href":"http:\/\/forever.sklep.pl\/index.php?rest_route=%2Fwp%2Fv2%2Fmedia&parent=1995"}],"wp:term":[{"taxonomy":"product_cat","embeddable":true,"href":"http:\/\/forever.sklep.pl\/index.php?rest_route=%2Fwp%2Fv2%2Fproduct_cat&post=1995"},{"taxonomy":"product_tag","embeddable":true,"href":"http:\/\/forever.sklep.pl\/index.php?rest_route=%2Fwp%2Fv2%2Fproduct_tag&post=1995"}],"curies":[{"name":"wp","href":"https:\/\/api.w.org\/{rel}","templated":true}]}}