{"id":1990,"date":"2022-02-15T11:29:10","date_gmt":"2022-02-15T11:29:10","guid":{"rendered":"http:\/\/forever.sklep.pl\/?post_type=product&#038;p=1990"},"modified":"2022-02-15T11:43:53","modified_gmt":"2022-02-15T11:43:53","slug":"forever-b12-plus-witamina-b12-kwas-foliowy-60-tabl","status":"publish","type":"product","link":"http:\/\/forever.sklep.pl\/?product=forever-b12-plus-witamina-b12-kwas-foliowy-60-tabl","title":{"rendered":"Forever B12 Plus witamina B12 kwas foliowy 60 tabl"},"content":{"rendered":"<p><b>Forever B12 Plus<\/b>\u00a0jest suplementem diety zawieraj\u0105cym\u00a0<b>po\u0142\u0105czenie witaminy B12 z kwasem foliowym<\/b>\u00a0czyli dw\u00f3ch podstawowych substancji od\u017cywczych, kt\u00f3re\u00a0<b>wp\u0142ywaj\u0105 na prawid\u0142owe funkcjonowanie organizmu<\/b>.\u00a0<b>Witamina B12<\/b>\u00a0wp\u0142ywa na produkcj\u0119 czerwonych krwinek, a\u00a0<b>kwas foliowy<\/b>\u00a0\u2013 na produkcj\u0119 krwi. Obydwa sk\u0142adniki odgrywaj\u0105 r\u00f3wnie\u017c wa\u017cn\u0105 rol\u0119 w procesie podzia\u0142u kom\u00f3rek w naszym organizmie i s\u0105\u00a0<b>niezb\u0119dne do utrzymania prawid\u0142owego metabolizmu homocysteiny<\/b>. Forever B12 Plus jest bardzo dobrze przyswajalny i doskonale uzupe\u0142nia niedobory w organizmie.<\/p>\n<p>&nbsp;<\/p>\n<p><b>Sk\u0142adniki:<\/b><\/p>\n<p>Glukoza, witamina B12 (cyjanokobalamina), substancja zag\u0119szczaj\u0105ca \u2013 hydroksypropylometyloceluloza, emulgator \u2013 celuloza mikrokrystaliczna, substancja przeciwpieni\u00e0ca \u2013 kwasy t\u0142uszczowe, substancja glazuruj\u0105ca \u2013 dwutlenek krzemu, stabilizator \u2013 sole magnezowe kwas\u00f3w t\u0142uszczowych, kwas foliowy (kwas pteroilomonoglutaminowy).<\/p>\n<p><b>Zawarto\u015b\u0107 sk\u0142adnika porcji dziennej (1 tabletka)<\/b><\/p>\n<p>Kwas foliowy 400 mcg (200%)*<\/p>\n<p>Witamina B12 500 mcg (20 000%)*<\/p>\n<p>* &#8211; % zalecanego dziennego spo\u017cycia<\/p>\n","protected":false},"excerpt":{"rendered":"<p>Forever B12 Plus\u00a0jest suplementem diety zawieraj\u0105cym\u00a0po\u0142\u0105czenie witaminy B12 z kwasem foliowym\u00a0czyli dw\u00f3ch podstawowych substancji od\u017cywczych, kt\u00f3re\u00a0wp\u0142ywaj\u0105 na prawid\u0142owe funkcjonowanie organizmu.\u00a0Witamina B12\u00a0wp\u0142ywa na produkcj\u0119 czerwonych krwinek, a\u00a0kwas foliowy\u00a0\u2013 na produkcj\u0119 krwi. Obydwa sk\u0142adniki odgrywaj\u0105 r\u00f3wnie\u017c wa\u017cn\u0105 rol\u0119 w procesie podzia\u0142u kom\u00f3rek&hellip; <\/p>\n","protected":false},"featured_media":1991,"comment_status":"closed","ping_status":"closed","template":"","meta":[],"product_cat":[29],"product_tag":[],"_links":{"self":[{"href":"http:\/\/forever.sklep.pl\/index.php?rest_route=\/wp\/v2\/product\/1990"}],"collection":[{"href":"http:\/\/forever.sklep.pl\/index.php?rest_route=\/wp\/v2\/product"}],"about":[{"href":"http:\/\/forever.sklep.pl\/index.php?rest_route=\/wp\/v2\/types\/product"}],"replies":[{"embeddable":true,"href":"http:\/\/forever.sklep.pl\/index.php?rest_route=%2Fwp%2Fv2%2Fcomments&post=1990"}],"wp:featuredmedia":[{"embeddable":true,"href":"http:\/\/forever.sklep.pl\/index.php?rest_route=\/wp\/v2\/media\/1991"}],"wp:attachment":[{"href":"http:\/\/forever.sklep.pl\/index.php?rest_route=%2Fwp%2Fv2%2Fmedia&parent=1990"}],"wp:term":[{"taxonomy":"product_cat","embeddable":true,"href":"http:\/\/forever.sklep.pl\/index.php?rest_route=%2Fwp%2Fv2%2Fproduct_cat&post=1990"},{"taxonomy":"product_tag","embeddable":true,"href":"http:\/\/forever.sklep.pl\/index.php?rest_route=%2Fwp%2Fv2%2Fproduct_tag&post=1990"}],"curies":[{"name":"wp","href":"https:\/\/api.w.org\/{rel}","templated":true}]}}