{"id":1988,"date":"2022-02-15T11:21:46","date_gmt":"2022-02-15T11:21:46","guid":{"rendered":"http:\/\/forever.sklep.pl\/?post_type=product&#038;p=1988"},"modified":"2022-02-15T11:44:57","modified_gmt":"2022-02-15T11:44:57","slug":"forever-fiber-naturalny-blonnik-odchudzanie-30-szt","status":"publish","type":"product","link":"http:\/\/forever.sklep.pl\/?product=forever-fiber-naturalny-blonnik-odchudzanie-30-szt","title":{"rendered":"Forever FIBER naturalny b\u0142onnik odchudzanie 30 szt"},"content":{"rendered":"<p>Suplement dostarcza\u00a0<b>5 gram\u00f3w szybko rozpuszczaj\u0105cego si\u0119 b\u0142onnika,<\/b>\u00a0w por\u0119cznej saszetce, by wspiera\u0107 prawid\u0142ow\u0105 poda\u017c b\u0142onnika w codziennej diecie.<\/p>\n<p>Forever Fiber\u2122\u00a0 to mieszanka czterech rodzaj\u00f3w b\u0142onnika oraz por\u0119czny spos\u00f3b na wzbogacenie diety w b\u0142onnik \u2013 przez posypywanie potraw, rozpuszczanie w ulubionym napoju z dodatkiem mi\u0105\u017cszu aloe vera lub dodawanie do butelki wody, kt\u00f3r\u0105 zabierasz w drog\u0119!<\/p>\n<ul>\n<li>5 gram\u00f3w b\u0142onnika w ka\u017cdej saszetce<\/li>\n<li>Opracowany jako wygodny spos\u00f3b wspierania optymalnej ilo\u015bci b\u0142onnika w diecie<\/li>\n<li>\u0141atwo rozpuszczalny w wodzie lub innym napoju \u2013 tak\u017ce z dodatkiem mi\u0105\u017cszu aloe vera<\/li>\n<li>Szybko si\u0119 rozpuszcza, ma \u0142agodny smak, nie ma grudek i jest bezglutenowy<\/li>\n<\/ul>\n<p>Suplement diety Forever Fiber\u2122, kt\u00f3ry dostarcza 5 gram\u00f3w rozpuszczalnego b\u0142onnika w ka\u017cdej saszetce, to por\u0119czna porcja z wysok\u0105 zawarto\u015bci\u0105 b\u0142onnika. Ilo\u015b\u0107 ta odpowiada prawie 1\u00bd fili\u017canki br\u0105zowego ry\u017cu lub 2 kromkom pe\u0142noziarnistego chleba. Forever Fiber\u2122 to \u015bwietny spos\u00f3b na zwi\u0119kszenie codziennej porcji b\u0142onnika.<\/p>\n","protected":false},"excerpt":{"rendered":"<p><b>1 saszetka b\u0142onnika dziennie<\/b>. Zawarto\u015b\u0107 saszetki rozpu\u015bci\u0107 w szklance wody lub ulubionego napoju. Zaleca si\u0119 pi\u0107 z dodatkiem mi\u0105\u017cszu aloe vera.<\/p>\n","protected":false},"featured_media":1989,"comment_status":"closed","ping_status":"closed","template":"","meta":[],"product_cat":[18,28],"product_tag":[],"_links":{"self":[{"href":"http:\/\/forever.sklep.pl\/index.php?rest_route=\/wp\/v2\/product\/1988"}],"collection":[{"href":"http:\/\/forever.sklep.pl\/index.php?rest_route=\/wp\/v2\/product"}],"about":[{"href":"http:\/\/forever.sklep.pl\/index.php?rest_route=\/wp\/v2\/types\/product"}],"replies":[{"embeddable":true,"href":"http:\/\/forever.sklep.pl\/index.php?rest_route=%2Fwp%2Fv2%2Fcomments&post=1988"}],"wp:featuredmedia":[{"embeddable":true,"href":"http:\/\/forever.sklep.pl\/index.php?rest_route=\/wp\/v2\/media\/1989"}],"wp:attachment":[{"href":"http:\/\/forever.sklep.pl\/index.php?rest_route=%2Fwp%2Fv2%2Fmedia&parent=1988"}],"wp:term":[{"taxonomy":"product_cat","embeddable":true,"href":"http:\/\/forever.sklep.pl\/index.php?rest_route=%2Fwp%2Fv2%2Fproduct_cat&post=1988"},{"taxonomy":"product_tag","embeddable":true,"href":"http:\/\/forever.sklep.pl\/index.php?rest_route=%2Fwp%2Fv2%2Fproduct_tag&post=1988"}],"curies":[{"name":"wp","href":"https:\/\/api.w.org\/{rel}","templated":true}]}}