{"id":1985,"date":"2022-02-15T10:35:08","date_gmt":"2022-02-15T10:35:08","guid":{"rendered":"http:\/\/forever.sklep.pl\/?post_type=product&#038;p=1985"},"modified":"2022-02-15T11:45:56","modified_gmt":"2022-02-15T11:45:56","slug":"forever-supergreens-30-sasz-po-44-g","status":"publish","type":"product","link":"http:\/\/forever.sklep.pl\/?product=forever-supergreens-30-sasz-po-44-g","title":{"rendered":"Forever Supergreens- 30 sasz. po 4,4 g"},"content":{"rendered":"<p><strong>Forever Supergreens<\/strong> dost\u0119pny w Polsce, czyli mieszanka ponad 20 zielonych owoc\u00f3w i warzyw w rozpuszczalnych saszetkach, podobnych do Argi+. Moc witamin i minera\u0142\u00f3w. Produkt dzia\u0142a od\u017cywczo, regeneruje organizm, dzia\u0142a pozytywnie na nasze jelita i uk\u0142ad trawienny. Warzywa zawieraj\u0105 chlorofil ????, kt\u00f3ry wzmacnia odporno\u015b\u0107 organizmu, chroni przed szkodliwym dzia\u0142aniem wolnych rodnik\u00f3w, wp\u0142ywa na czerwone krwinki. Idealny produkt r\u00f3wnie\u017c dla pa\u0144 w ci\u0105\u017cy<\/p>\n<p>Wy\u015bmienita mieszanka ponad 20 warzyw i owoc\u00f3w oraz aloesu w proszku i innych cenionych surowc\u00f3w ro\u015blinnych.<br \/>\n\u0179r\u00f3d\u0142o witamin C i E o w\u0142a\u015bciwo\u015bciach przeciwutleniaj\u0105cych oraz magnezu<br \/>\nMagnez wspiera utrzymanie r\u00f3wnowagi elektrolitowej oraz tak jak witamina C przyczynia si\u0119 do zmniejszenia uczucia zm\u0119czenia i znu\u017cenia. Dzi\u0119ki witaminie C wspieramy te\u017c swoj\u0105 odporno\u015b\u0107.<\/p>\n","protected":false},"excerpt":{"rendered":"<p><strong>Spos\u00f3b u\u017cycia<\/strong>:<\/p>\n<p>1 saszetk\u0119 rozpu\u015bci\u0107 w szklance wody lub innym napoju. Dok\u0142adnie wymiesza\u0107, pi\u0107 jeden raz dziennie<\/p>\n","protected":false},"featured_media":1987,"comment_status":"closed","ping_status":"closed","template":"","meta":[],"product_cat":[35,18,28,25],"product_tag":[],"_links":{"self":[{"href":"http:\/\/forever.sklep.pl\/index.php?rest_route=\/wp\/v2\/product\/1985"}],"collection":[{"href":"http:\/\/forever.sklep.pl\/index.php?rest_route=\/wp\/v2\/product"}],"about":[{"href":"http:\/\/forever.sklep.pl\/index.php?rest_route=\/wp\/v2\/types\/product"}],"replies":[{"embeddable":true,"href":"http:\/\/forever.sklep.pl\/index.php?rest_route=%2Fwp%2Fv2%2Fcomments&post=1985"}],"wp:featuredmedia":[{"embeddable":true,"href":"http:\/\/forever.sklep.pl\/index.php?rest_route=\/wp\/v2\/media\/1987"}],"wp:attachment":[{"href":"http:\/\/forever.sklep.pl\/index.php?rest_route=%2Fwp%2Fv2%2Fmedia&parent=1985"}],"wp:term":[{"taxonomy":"product_cat","embeddable":true,"href":"http:\/\/forever.sklep.pl\/index.php?rest_route=%2Fwp%2Fv2%2Fproduct_cat&post=1985"},{"taxonomy":"product_tag","embeddable":true,"href":"http:\/\/forever.sklep.pl\/index.php?rest_route=%2Fwp%2Fv2%2Fproduct_tag&post=1985"}],"curies":[{"name":"wp","href":"https:\/\/api.w.org\/{rel}","templated":true}]}}