{"id":1980,"date":"2022-02-11T12:07:08","date_gmt":"2022-02-11T12:07:08","guid":{"rendered":"http:\/\/forever.sklep.pl\/?post_type=product&#038;p=1980"},"modified":"2022-02-15T12:27:17","modified_gmt":"2022-02-15T12:27:17","slug":"forever-active-pro-b","status":"publish","type":"product","link":"http:\/\/forever.sklep.pl\/?product=forever-active-pro-b","title":{"rendered":"Forever Active Pro-B"},"content":{"rendered":"<p><strong>Forever Active Pro-B<\/strong> to propozycja skutecznego wsparcia naturalnej flory bakteryjnej jelit. Poznaj rewelacyjn\u0105 formu\u0142\u0119 Forever, kt\u00f3ra \u0142\u0105czy szczepy bakterii mlekowych, b\u0142onnik i cynk \u2013 dla zdrowia uk\u0142adu pokarmowego i wzmocnienia Twojej odporno\u015bci.<\/p>\n<p><strong>Spos\u00f3b u\u017cycia:<\/strong><\/p>\n<p>1 kapsu\u0142ka dziennie, 30 minut przed posi\u0142kiem, popijaj\u0105c wod\u0105.<\/p>\n<p>&nbsp;<\/p>\n","protected":false},"excerpt":{"rendered":"<p>Forever Active Pro-B to propozycja skutecznego wsparcia naturalnej flory bakteryjnej jelit. Poznaj rewelacyjn\u0105 formu\u0142\u0119 Forever, kt\u00f3ra \u0142\u0105czy szczepy bakterii mlekowych, b\u0142onnik i cynk \u2013 dla zdrowia uk\u0142adu pokarmowego i wzmocnienia Twojej odporno\u015bci. Spos\u00f3b u\u017cycia: 1 kapsu\u0142ka dziennie, 30 minut przed&hellip; <\/p>\n","protected":false},"featured_media":1981,"comment_status":"closed","ping_status":"closed","template":"","meta":[],"product_cat":[39,35,28,29],"product_tag":[],"_links":{"self":[{"href":"http:\/\/forever.sklep.pl\/index.php?rest_route=\/wp\/v2\/product\/1980"}],"collection":[{"href":"http:\/\/forever.sklep.pl\/index.php?rest_route=\/wp\/v2\/product"}],"about":[{"href":"http:\/\/forever.sklep.pl\/index.php?rest_route=\/wp\/v2\/types\/product"}],"replies":[{"embeddable":true,"href":"http:\/\/forever.sklep.pl\/index.php?rest_route=%2Fwp%2Fv2%2Fcomments&post=1980"}],"wp:featuredmedia":[{"embeddable":true,"href":"http:\/\/forever.sklep.pl\/index.php?rest_route=\/wp\/v2\/media\/1981"}],"wp:attachment":[{"href":"http:\/\/forever.sklep.pl\/index.php?rest_route=%2Fwp%2Fv2%2Fmedia&parent=1980"}],"wp:term":[{"taxonomy":"product_cat","embeddable":true,"href":"http:\/\/forever.sklep.pl\/index.php?rest_route=%2Fwp%2Fv2%2Fproduct_cat&post=1980"},{"taxonomy":"product_tag","embeddable":true,"href":"http:\/\/forever.sklep.pl\/index.php?rest_route=%2Fwp%2Fv2%2Fproduct_tag&post=1980"}],"curies":[{"name":"wp","href":"https:\/\/api.w.org\/{rel}","templated":true}]}}