{"id":1698,"date":"2016-04-24T09:05:40","date_gmt":"2016-04-24T09:05:40","guid":{"rendered":"http:\/\/forever.sklep.pl\/?post_type=product&#038;p=1698"},"modified":"2022-02-10T13:50:49","modified_gmt":"2022-02-10T13:50:49","slug":"forever-therm-z-zielona-herbata","status":"publish","type":"product","link":"http:\/\/forever.sklep.pl\/?product=forever-therm-z-zielona-herbata","title":{"rendered":"Forever Therm &#8211; z zielon\u0105 herbat\u0105"},"content":{"rendered":"<p>&nbsp;<\/p>\n<p>Suplement diety <strong>Forever Therm\u2122<\/strong> to nowa receptura, kt\u00f3ra \u2013 dzi\u0119ki zawarto\u015bci <strong>zielonej herbaty<\/strong> \u2013 wspomaga w utrzymaniu wysokiego poziomu energii oraz wspiera metabolizm t\u0142uszcz\u00f3w. U\u0142atwia doj\u015bcie do szczuplejszej figury. W programie odchudzania niezb\u0119dne s\u0105 oczywi\u015bcie dwa podstawowe czynniki: zestaw codziennych \u0107wicze\u0144 oraz odpowiednio dobrana dieta, cz\u0119sto jest to dlugotrwa\u0142y proces kt\u00f3ry mo\u017cna dodatkowo wesprze\u0107 poprzez dodatkowe dzia\u0142ania. W tym celu zosta\u0142 stworzony suplement diety Forever Therm\u2122 kt\u00f3ry wspiera wysi\u0142ki zwi\u0105zane z utrat\u0105 wagi, tak aby szybciej dostrzec efekty i osi\u0105gn\u0105\u0107 po\u017c\u0105dan\u0105 figur\u0119. Preparat<strong> Forever Therm\u2122<\/strong> zawiera kombinacj\u0119 ekstrakt\u00f3w ro\u015blinnych \u2013 z zielonej herbaty, guarany i odpowiednio dobranych witamin kt\u00f3re wp\u0142ywaj\u0105 pozytywnie na przemian\u0119 materii. Wyci\u0105g z zielonej herbaty poprawia metabolizm t\u0142uszcz\u00f3w, u\u0142atwiaj\u0105c kontrol\u0119 masy cia\u0142a. Dzi\u0119ki temu wp\u0142ywa na proces termogenezy i wytwarzania energii w kom\u00f3rkach. Ponadto zielona herbata przyczynia si\u0119 do zwi\u0119kszenia koncentracji i czujno\u015bci. Forever Therm\u2122 to r\u00f3wnie\u017c \u017ar\u00f3d\u0142o kofeiny \u2013 alkaloidu pochodz\u0105cego z wyci\u0105gu z nasion guarany, by zachowa\u0107 wymagany poziom energii podczas \u0107wicze\u0144 lub zabieganego dnia. Wyci\u0105g z nasion zielonej kawy dostarcza wyj\u0105tkowych sk\u0142adnik\u00f3w \u2013 kwas\u00f3w chlorogenowych \u2013 kt\u00f3rych poziom w palonych ziarnach nie jest zbyt wysoki. Zawiera r\u00f3wnie\u017c polifenole. Doskona\u0142ymi towarzyszami tego tercetu sk\u0142adnik\u00f3w jest komplet witamin z grupy B (B1, B2, B6, B12, niacyna, kwasy pantotenowy i foliowy) oraz witamina C. Zar\u00f3wno witaminy B, jak i witamina C maj\u0105 kluczowe znaczenie dla metabolizmu w\u0119glowodan\u00f3w, bia\u0142ek i t\u0142uszczy. Poniewa\u017c wysi\u0142ek fizyczny mo\u017ce powodowa\u0107 szybki ich ubytek z organizmu, du\u017ce znaczenie ma bie\u017c\u0105ce ich uzupe\u0142nianie. Oczywi\u015bcie podstaw\u0105 ka\u017cdego skutecznego programu kontroli wagi jest przestrzeganie zdrowej diety i odpowiednia aktywno\u015b\u0107 fizyczna. Forever Therm\u2122 dostarcza mieszank\u0119 substancji ro\u015blinnych i od\u017cywczych \u2013 witamin, by wspiera\u0107 energi\u0119 i metabolizm, i pom\u00f3c ci w osi\u0105gni\u0119ciu postawionego sobie celu.<\/p>\n<p>\u2022 Wysokie dawki witamin wp\u0142ywaj\u0105cych na metabolizm, by w po\u0142\u0105czeniu ze zdrow\u0105 diet\u0105 i \u0107wiczeniami pom\u00f3c Ci w realizacji cel\u00f3w zwi\u0105zanych z kontrol\u0105 wagi.<br \/>\n\u2022 \u0179r\u00f3d\u0142o substancji pochodzenia ro\u015blinnego wspieraj\u0105cych proces odchudzania.<\/p>\n<p><strong>Opakowanie: 60 tabletek<\/strong><\/p>\n<p><strong>\u00a0<\/strong><\/p>\n<p><strong>ZALECANE SPO\u017bCIE:<\/strong><br \/>\n2 tabletki dziennie \u2013 jednorazowo lub dwa razy dziennie po jednej tabletce.<br \/>\nNie nale\u017cy przekracza\u0107 zalecanej porcji do spo\u017cycia w ci\u0105gu dnia.<br \/>\nZawiera kofein\u0119 (87-91 mg w zalecanej<br \/>\nporcji do spo\u017ccia w ci\u0105gu dnia). Nie zaleca si\u0119 stosowania u dzieci i kobiet w ci\u0105\u017cy oraz karmi\u0105cych piersi\u0105.<br \/>\n<strong>SK\u0141ADNIKI:<\/strong><br \/>\nStabilizator \u2013 celuloza mikrokrystaliczna;<br \/>\nekstrakt z li\u015bci zielonej herbaty (Camellia sinensis);<br \/>\nekstrakt z nasion guarany (Paullinia cupana);<br \/>\nekstrakt z ziaren zielonej kawy (Coffea robusta);<br \/>\nwitamina C (kwas L-askorbinowy);<br \/>\nsubstancje przeciwzbrylaj\u0105ce \u2013 kwas t\u0142uszczowy, s\u00f3l sodowa<br \/>\nkarboksymetylocelulozy usieciowana,<br \/>\ndwutlenek krzemu;<br \/>\nniacyna (amid kwasumnikotynowego); kwas pantotenowy<br \/>\n(D-pantotenian wapnia); dekstryna;<br \/>\nglukozam(zmpszenicy); witamina B6 (chlorowodorek pirydoksyny);<br \/>\nwitamina B2 (ryboflawina);<br \/>\nwitamina B1(chlorowodorek tiaminy);<br \/>\nwitamina B12 (cyjanokobalamina);<br \/>\nkwas foliowy (kwas pteroilomonoglutaminowy);<br \/>\nsubstancje glazuruj\u0105ce \u2013 karboksymetyloceluloza,<br \/>\nkwasy t\u0142uszczowe, cytrynian sodu<\/p>\n","protected":false},"excerpt":{"rendered":"<p>Forever Therm\u2122 kt\u00f3ry wspiera wysi\u0142ki zwi\u0105zane z utrat\u0105 wagi, tak aby szybciej dostrzec efekty i osi\u0105gn\u0105\u0107 po\u017c\u0105dan\u0105 figur\u0119. Preparat<strong> Forever Therm\u2122<\/strong> zawiera kombinacj\u0119 ekstrakt\u00f3w ro\u015blinnych \u2013 z zielonej herbaty, guarany i odpowiednio dobranych witamin kt\u00f3re wp\u0142ywaj\u0105 pozytywnie na przemian\u0119 materii. Wyci\u0105g z zielonej herbaty poprawia metabolizm t\u0142uszcz\u00f3w, u\u0142atwiaj\u0105c kontrol\u0119 masy cia\u0142a.<\/p>\n","protected":false},"featured_media":1699,"comment_status":"closed","ping_status":"closed","template":"","meta":[],"product_cat":[39,18],"product_tag":[],"_links":{"self":[{"href":"http:\/\/forever.sklep.pl\/index.php?rest_route=\/wp\/v2\/product\/1698"}],"collection":[{"href":"http:\/\/forever.sklep.pl\/index.php?rest_route=\/wp\/v2\/product"}],"about":[{"href":"http:\/\/forever.sklep.pl\/index.php?rest_route=\/wp\/v2\/types\/product"}],"replies":[{"embeddable":true,"href":"http:\/\/forever.sklep.pl\/index.php?rest_route=%2Fwp%2Fv2%2Fcomments&post=1698"}],"wp:featuredmedia":[{"embeddable":true,"href":"http:\/\/forever.sklep.pl\/index.php?rest_route=\/wp\/v2\/media\/1699"}],"wp:attachment":[{"href":"http:\/\/forever.sklep.pl\/index.php?rest_route=%2Fwp%2Fv2%2Fmedia&parent=1698"}],"wp:term":[{"taxonomy":"product_cat","embeddable":true,"href":"http:\/\/forever.sklep.pl\/index.php?rest_route=%2Fwp%2Fv2%2Fproduct_cat&post=1698"},{"taxonomy":"product_tag","embeddable":true,"href":"http:\/\/forever.sklep.pl\/index.php?rest_route=%2Fwp%2Fv2%2Fproduct_tag&post=1698"}],"curies":[{"name":"wp","href":"https:\/\/api.w.org\/{rel}","templated":true}]}}