{"id":1622,"date":"2016-04-07T08:59:44","date_gmt":"2016-04-07T08:59:44","guid":{"rendered":"http:\/\/forever.sklep.pl\/?post_type=product&#038;p=1622"},"modified":"2022-02-11T11:29:17","modified_gmt":"2022-02-11T11:29:17","slug":"aloes-forever-living-aloe-berry-nectar-1-litr","status":"publish","type":"product","link":"http:\/\/forever.sklep.pl\/?product=aloes-forever-living-aloe-berry-nectar-1-litr","title":{"rendered":"Aloes Forever Living: Aloe Berry Nectar &#8211; 1 litr"},"content":{"rendered":"<h3 style=\"text-align: center;\"><span style=\"color: #339966;\">Pe\u0142ny opis <strong>Aloes Forever Living: Aloe Berry Nectar &#8211; 1 litr<\/strong><\/span><\/h3>\n<p>&nbsp;<\/p>\n<p><strong>Wsp\u00f3lne dzia\u0142anie tych naturalnych substancji razem z mi\u0105\u017cszem aloesu mo\u017ce poprawi\u0107 prac\u0119 jelit, sprzyja\u0107 prawid\u0142owemu przebiegowi trawienia.<\/strong><\/p>\n<p>\u017burawiny zawieraj\u0105 wiele cennych dla naszego organizmu sk\u0142adnik\u00f3w od\u017cywczych. W medycynie ludowej narod\u00f3w p\u00f3\u0142nocnej i wschodniej Europy u\u017cywano \u017curawiny jako elementu ochrony przed cz\u0119stymi infekcjami bakteryjnymi, np. dr\u00f3g moczowych.<\/p>\n<p>Prowadzone obecnie badania wykaza\u0142y, \u017ce zawarte w \u017curawinie sk\u0142adniki wspieraj\u0105 dzia\u0142anie systemu odporno\u015bciowego. Warto o tym pami\u0119ta\u0107 zw\u0142aszcza w ch\u0142odniejszych porach roku, gdy wzrasta zagro\u017cenie infekcjami wirusowymi.<\/p>\n<p><strong>Jakie w\u0142a\u015bciwo\u015bci lecznicze ma \u017curawina?<\/strong><em> (\u017ar\u00f3d\u0142o: www.aktywni.pl)<\/em><strong><br \/>\n<\/strong><br \/>\n\u017burawina ma wiele potwierdzonych naukowo leczniczych w\u0142a\u015bciwo\u015bci:<br \/>\n&#8211; Zmniejsza ilo\u015b\u0107 bakterii E. coli, kt\u00f3ra wywo\u0142uje infekcje dr\u00f3g moczowych, a przy tym os\u0142ania drogi moczowe, by E. cola nie osadza\u0142a si\u0119 na nich. Owoc pomaga tak\u017ce osobom, kt\u00f3re maj\u0105 problemy z cz\u0119stym oddawaniem moczu i niewypr\u00f3\u017cnianiem p\u0119cherza do ko\u0144ca,<br \/>\n&#8211; Zapobiega pr\u00f3chnicy i chorobom dzi\u0105se\u0142. Dzia\u0142a tu ten sam mechanizm, co w przypadku chor\u00f3b p\u0119cherza \u2013 bakterie nie przyczepiaj\u0105 si\u0119 do tkanek. Naukowcy planuj\u0105 dodawanie wyci\u0105gu z \u017curawin do past do z\u0119b\u00f3w,<br \/>\n&#8211; Zmniejsza ryzyko zawa\u0142u; sok \u017curawinowy dzia\u0142a podobnie jak czerwone wino: ju\u017c picie szklanki soku dziennie podnosi poziom dobrego cholesterolu, zapobiega zatykaniu si\u0119 naczy\u0144 krwiono\u015bnych,<br \/>\n&#8211; Chroni przed wrzodami \u017co\u0142\u0105dka, zwalczaj\u0105c bakterie Helicobacter pylori, kt\u00f3re s\u0105 ich przyczyn\u0105,<br \/>\n&#8211; Usuwa wolne rodniki, dzi\u0119ki czemu znacznie zmniejsza ryzyko wielu powa\u017cnych chor\u00f3b, m.in. nowotwor\u00f3w, za\u0107my, choroby Parkinsona, Alzheimera oraz reumatyzmu.<\/p>\n<p><strong>Korzy\u015bci ze spo\u017cycia Aloe Berry Nectar Forever:<\/strong><\/p>\n<p>&#8211; gwiazda w\u015br\u00f3d ro\u015blinnych substancji aktywnych<\/p>\n<p>&#8211; skarbiec sk\u0142adnik\u00f3w regeneruj\u0105cych, minera\u0142\u00f3w, enzym\u00f3w, aminokwas\u00f3w i witamin<\/p>\n<p>&#8211; znakomicie oczyszcza organizm, znakomicie neutralizuje wolne rodniki<\/p>\n<p>&#8211; mi\u0105\u017csz aloesowy dzia\u0142a bakteriostatycznie i chroni przed infekcjami grzybiczymi<\/p>\n<p>&#8211; znakomity jako tonik do cery z problemami: ropne zapalenia, sucho\u015b\u0107 sk\u00f3ry, oparzenia\u00a0\u00a0\u00a0 pos\u0142oneczne, itp.<\/p>\n<p>&#8211; mi\u0105\u017csz aloe vera poprawia dotlenienie i ukrwienie sk\u00f3ry<\/p>\n<p>&#8211; \u0142agodzi objawy alergii, pomocny w leczeniu cukrzycy, opatentowana stabilizacja, przechowywa\u0107 w lod\u00f3wce<\/p>\n<p>&#8211; pojemnik na mi\u0105\u017csz jest wyprodukowany ze sprasowanej kukurydzy<\/p>\n<p>&#8211; pomaga w leczeniu cukrzycy \u2013 obni\u017ca poziom cukru we krwi<\/p>\n<p>&#8211; dzia\u0142a przeciwmia\u017cd\u017cycowo<\/p>\n<p>&#8211; obni\u017ca stan z\u0142ego cholesterolu (LDL) i podwy\u017csza poziom dobrego (HDL)<\/p>\n<p>&#8211; normuje prac\u0119 systemu odporno\u015bciowego<\/p>\n<p>&#8211; \u0142agodzi objawy \u0142uszczycy, egzemy, alergii (chor\u00f3b o pod\u0142o\u017cu immunologicznym)<\/p>\n<p>&#8211; usprawnia przemian\u0119 materii i dzia\u0142a odtruwaj\u0105co<\/p>\n<p><b>Przechowywanie:<\/b><\/p>\n<p>Przechowywa\u0107 w ch\u0142odnym, suchym miejscu, niedost\u0119pnym dla ma\u0142ych dzieci. Nie nale\u017cy u\u017cywa\u0107, gdy uszkodzone jest zabezpieczenie pod nakr\u0119tk\u0105.<\/p>\n<p><b>Kraj pochodzenia:<\/b><\/p>\n<p>USA. Importer: Forever Living Products Poland, Sp. z o.o. 00-807 Warszawa, Al. Jerozolimskie 92<\/p>\n<p><b>Kod produktu:\u00a0<\/b><b>34<\/b><\/p>\n<p><a href=\"https:\/\/youtu.be\/Eq3CxcKgT9Q\">https:\/\/youtu.be\/Eq3CxcKgT9Q<\/a><\/p>\n","protected":false},"excerpt":{"rendered":"<p><strong><strong><a href=\"http:\/\/forever.sklep.pl\/?p=1627\"><strong>\u00a0<\/strong><\/a>Rabat 15% FBO<\/strong><br \/>\n<\/strong><\/p>\n<p>Sprzyja prawid\u0142owym procesom trawienia i poprawia prac\u0119 jelit, stanowi bogate \u017ar\u00f3d\u0142o witaminy C, wspomaga oczyszczanie organizmu z toksyn i odpad\u00f3w przemiany materii, wzmacnia prac\u0119 serca i nerek, zapobiega infekcjom dr\u00f3g moczowych.<\/p>\n","protected":false},"featured_media":1887,"comment_status":"closed","ping_status":"closed","template":"","meta":[],"product_cat":[21,35,18,22],"product_tag":[],"_links":{"self":[{"href":"http:\/\/forever.sklep.pl\/index.php?rest_route=\/wp\/v2\/product\/1622"}],"collection":[{"href":"http:\/\/forever.sklep.pl\/index.php?rest_route=\/wp\/v2\/product"}],"about":[{"href":"http:\/\/forever.sklep.pl\/index.php?rest_route=\/wp\/v2\/types\/product"}],"replies":[{"embeddable":true,"href":"http:\/\/forever.sklep.pl\/index.php?rest_route=%2Fwp%2Fv2%2Fcomments&post=1622"}],"wp:featuredmedia":[{"embeddable":true,"href":"http:\/\/forever.sklep.pl\/index.php?rest_route=\/wp\/v2\/media\/1887"}],"wp:attachment":[{"href":"http:\/\/forever.sklep.pl\/index.php?rest_route=%2Fwp%2Fv2%2Fmedia&parent=1622"}],"wp:term":[{"taxonomy":"product_cat","embeddable":true,"href":"http:\/\/forever.sklep.pl\/index.php?rest_route=%2Fwp%2Fv2%2Fproduct_cat&post=1622"},{"taxonomy":"product_tag","embeddable":true,"href":"http:\/\/forever.sklep.pl\/index.php?rest_route=%2Fwp%2Fv2%2Fproduct_tag&post=1622"}],"curies":[{"name":"wp","href":"https:\/\/api.w.org\/{rel}","templated":true}]}}