{"id":1498,"date":"2015-02-22T20:00:21","date_gmt":"2015-02-22T20:00:21","guid":{"rendered":"http:\/\/forever.sklep.pl\/?post_type=product&#038;p=1498"},"modified":"2022-02-10T14:20:33","modified_gmt":"2022-02-10T14:20:33","slug":"forever-freedom","status":"publish","type":"product","link":"http:\/\/forever.sklep.pl\/?product=forever-freedom","title":{"rendered":"Forever Freedom"},"content":{"rendered":"<p>&nbsp;<\/p>\n<h1 align=\"center\">Aloes w trosce o stawy<\/h1>\n<h1 align=\"center\"><\/h1>\n<h1 align=\"center\"><span style=\"color: #008000;\">Dla kogo jest Aloe Vera Forever Freedom\u00a0 ?<\/span><\/h1>\n<p align=\"justify\">Nasz nap\u00f3j aloesowy Forever Freedom stanowi na polskim rynku suplement\u00f3w dietetycznych absolutn\u0105, niekwestionowan\u0105 nowo\u015b\u0107.<\/p>\n<p align=\"justify\">Po raz pierwszy ci wszyscy, kt\u00f3rzy nabrali dobrych nawyk\u00f3w codziennej dba\u0142o\u015bci o stan swojego zdrowia, b\u0119d\u0105 mogli wreszcie jak nale\u017cy chroni\u0107 i piel\u0119gnowa\u0107 swoje&#8230; <strong>chrz\u0105stki<\/strong>. I to wszystkie naraz! Zar\u00f3wno te w stawach kolanowych, biodrowych, barkowych i innych, jak i te bardzo delikatne odpowiadaj\u0105ce za gi\u0119tko\u015b\u0107 i ruchliwo\u015b\u0107 poszczeg\u00f3lnych kr\u0119g\u00f3w <strong>kr\u0119gos\u0142upa<\/strong>.<\/p>\n<p align=\"justify\">Tam, gdzie s\u0105 <strong>chrz\u0105stki<\/strong> w naszym organizmie &#8211; tam rodzi si\u0119 wszelki ruch. I tak jak to coraz cz\u0119\u015bciej bywa we wsp\u00f3\u0142czesnym \u015bwiecie &#8211; gdy chrz\u0105stki zaczynaj\u0105 cierpie\u0107 z powodu niedobor\u00f3w budulca &#8211; tam zaczynaj\u0105 si\u0119 dolegliwo\u015bci i schorzenia narz\u0105d\u00f3w ruchu. Zapomnijmy wreszcie o bol\u0105cych korzonkach, przesta\u0144my reagowa\u0107 b\u00f3lem na zmian\u0119 pogody, zacznijmy ju\u017c od dzi\u015b piel\u0119gnowa\u0107 nasz <strong>kr\u0119gos\u0142up<\/strong> tak, jak on na to zas\u0142uguje!<\/p>\n<p align=\"justify\">Mamy Forever Freedom &#8211; najnowocze\u015bniejszy, ca\u0142kowicie naturalny produkt, od\u017cywiaj\u0105cy tkank\u0119 <strong>chrz\u0119stn\u0105<\/strong>. Opr\u00f3cz sporej zawarto\u015bci <strong>mi\u0105\u017cszu aloesowego\u00a0<\/strong> (89%) <strong>Forever Freedom<\/strong> zawiera naturalne substancje, bezcenne z punktu widzenia od\u017cywienia ludzkiej chrz\u0105stki:<\/p>\n<p><span style=\"color: #008000;\"><strong>MSM &#8211; czyli biosiarka organiczna<\/strong>,<\/span>\u00a0 znana ju\u017c nam dobrze z coraz bardziej rozchwytywanego <strong>aloe MSM Gel<\/strong> . Zadaniem MSM-u podanego doustnie w towarzystwie aloesu, jest g\u0142\u0119bokie uzupe\u0142nienie niedobor\u00f3w biosiarki w ca\u0142ym organizmie.<\/p>\n<p align=\"justify\"><strong>Glukozamina<\/strong> (w postaci siarczanu),\u00a0 jest to biologiczny surowiec konieczny do odbudowy i regeneracji chrz\u0105stek naszych staw\u00f3w i kr\u0119gos\u0142upa. Z glukozaminy powstaj\u0105 tzw. proteoglikany, czyli &#8222;cegie\u0142ki budulcowe&#8221; chrz\u0105stki.<\/p>\n<p align=\"justify\"><strong>Chondroityna<\/strong> (tak\u017ce w postaci siarczanu),\u00a0 z niej powstaj\u0105 glikozaminoglikany &#8211; podstawowe elementy budulcowe mi\u0119kkich cz\u0119\u015bci staw\u00f3w i po\u0142\u0105cze\u0144 kr\u0119gos\u0142upa.<\/p>\n<p align=\"justify\">Wi\u0119kszo\u015b\u0107 dolegliwo\u015bci i chor\u00f3b narz\u0105d\u00f3w ruchu bierze sw\u00f3j pocz\u0105tek w niedostatecznym wytwarzaniu glikozaminoglikan\u00f3w przez organizm. Jest rzecz\u0105 niepokoj\u0105c\u0105, \u017ce nieprawid\u0142owo\u015bci te staj\u0105 si\u0119 ostatnio udzia\u0142em ludzi coraz m\u0142odszych!<br \/>\nPo wst\u0119pnym zapoznaniu si\u0119 ze sk\u0142adem <strong>Forever Freedom<\/strong> , ka\u017cdy zapewne domy\u015bla si\u0119 ju\u017c, komu nale\u017cy czym pr\u0119dzej zaproponowa\u0107 nasz rewelacyjny, najnowszy produkt:<\/p>\n<p align=\"justify\">\u00a0<strong>m\u0142odzie\u017cy intensywnie uprawiaj\u0105cej sport<\/strong><\/p>\n<p align=\"justify\">\u00a0&#8211; \u017ceby ci pe\u0142ni energii m\u0142odzi ludzie nie obawiali si\u0119 kontuzji w obr\u0119bie narz\u0105du ruchu oraz tego, \u017ce b\u0119d\u0105 by\u0107 mo\u017ce zmuszeni odej\u015b\u0107 kiedy\u015b od uprawiania sportu z ca\u0142kowicie zniszczonymi stawami i kr\u0119gos\u0142upem<\/p>\n<p align=\"justify\"><strong>osobom wchodz\u0105cym w wiek dojrza\u0142y<\/strong><\/p>\n<p align=\"justify\">&#8211; \u017ceby poranna sztywno\u015b\u0107 kr\u0119gos\u0142upa i obola\u0142e na deszcz kolana nie zak\u0142\u00f3ca\u0142y im docenienia urok\u00f3w dojrza\u0142o\u015bci<\/p>\n<p align=\"justify\"><strong>ludziom (i nie tylko&#8230;) wchodz\u0105cym w wiek podesz\u0142y<\/strong><\/p>\n<p align=\"justify\">&#8211; \u017ceby tak bardzo nie obawia\u0107 si\u0119 unieruchomienia i zniewolenia przez kt\u00f3r\u0105\u015b z powa\u017cnych chor\u00f3b staw\u00f3w lub kr\u0119gos\u0142upa<\/p>\n<p align=\"justify\"><strong>wszystkim cierpi\u0105cym z powodu dolegliwo\u015bci b\u00f3lowych narz\u0105du ruchu<\/strong><\/p>\n<p align=\"justify\">&#8211; \u017ceby razem z prowadzon\u0105 przez lekarzy terapi\u0105 mogli lepiej znosi\u0107 dokuczliwe objawy swojego schorzenia<\/p>\n<p align=\"justify\"><strong>i w og\u00f3le wszystkim<\/strong><\/p>\n<p align=\"justify\">obdarzonym wyobra\u017ani\u0105 na tyle, aby pragn\u0105\u0107 przez ca\u0142e \u017cycie cieszy\u0107 si\u0119<\/p>\n<p align=\"justify\">wolno\u015bci\u0105 ruchu &#8211; niezale\u017cnie od wieku!<\/p>\n<p align=\"justify\">Zgodnie ze swoj\u0105 nazw\u0105 <strong>Aloe Vera<\/strong> <strong>Forever Freedom<\/strong> niesie nam wszystkim bardzo cenny rodzaj wolno\u015bci &#8211; prawo do swobodnego i pe\u0142nego ruchu w ka\u017cdym wieku.<\/p>\n<p align=\"justify\"><strong>Forever Freedom<\/strong> to m\u0142odzie\u0144cze i gi\u0119tkie stawy, to rado\u015b\u0107 p\u0142yn\u0105ca z nieograniczonej swobody poruszania si\u0119 tak, jakby dla naszych ko\u0144czyn i dla naszego kr\u0119gos\u0142upa nie istnia\u0142 up\u0142yw czasu i si\u0142a grawitacji ziemskiej.<\/p>\n<p align=\"justify\">dr El\u017cbieta Olejnik<br \/>\nProduct Manager FLPP<\/p>\n","protected":false},"excerpt":{"rendered":"<p><a href=\"http:\/\/forever.sklep.pl\/?p=1627\"><strong>\u00a0<\/strong><\/a>Rabat 15% FBO<\/p>\n<p><strong>Glukozamina, chondroityna, witamina C i MSM<\/strong> \u2013 wszystkie te substancje po\u0142\u0105czone razem to doskona\u0142a pierwsza linia frontu walki o zachowanie zdrowia ko\u015bci i staw\u00f3w!<br \/>\nTak jak w przypadku wszystkich innych produkt\u00f3w FLP, r\u00f3wnie\u017c i te substancje od\u017cywcze pozyskiwane s\u0105 z naturalnych \u017ar\u00f3de\u0142.15% rabatu dla FBO<\/p>\n<p><span style=\"font-size: xx-small;\"><span style=\"color: #ff0000;\"><span style=\"color: #000000;\"><span style=\"font-family: Verdana;\"><strong>\u00a0<\/strong><\/span><\/span><\/span><\/span><\/p>\n","protected":false},"featured_media":1963,"comment_status":"open","ping_status":"closed","template":"","meta":[],"product_cat":[21],"product_tag":[],"_links":{"self":[{"href":"http:\/\/forever.sklep.pl\/index.php?rest_route=\/wp\/v2\/product\/1498"}],"collection":[{"href":"http:\/\/forever.sklep.pl\/index.php?rest_route=\/wp\/v2\/product"}],"about":[{"href":"http:\/\/forever.sklep.pl\/index.php?rest_route=\/wp\/v2\/types\/product"}],"replies":[{"embeddable":true,"href":"http:\/\/forever.sklep.pl\/index.php?rest_route=%2Fwp%2Fv2%2Fcomments&post=1498"}],"wp:featuredmedia":[{"embeddable":true,"href":"http:\/\/forever.sklep.pl\/index.php?rest_route=\/wp\/v2\/media\/1963"}],"wp:attachment":[{"href":"http:\/\/forever.sklep.pl\/index.php?rest_route=%2Fwp%2Fv2%2Fmedia&parent=1498"}],"wp:term":[{"taxonomy":"product_cat","embeddable":true,"href":"http:\/\/forever.sklep.pl\/index.php?rest_route=%2Fwp%2Fv2%2Fproduct_cat&post=1498"},{"taxonomy":"product_tag","embeddable":true,"href":"http:\/\/forever.sklep.pl\/index.php?rest_route=%2Fwp%2Fv2%2Fproduct_tag&post=1498"}],"curies":[{"name":"wp","href":"https:\/\/api.w.org\/{rel}","templated":true}]}}