{"id":794,"date":"2014-10-07T10:49:09","date_gmt":"2014-10-07T10:49:09","guid":{"rendered":"http:\/\/forever.sklep.pl\/?page_id=794"},"modified":"2022-02-11T10:39:42","modified_gmt":"2022-02-11T10:39:42","slug":"praca","status":"publish","type":"page","link":"http:\/\/forever.sklep.pl\/?page_id=794","title":{"rendered":"Wsp\u00f3\u0142pracuj i zarabiaj!"},"content":{"rendered":"<p><b>Je\u017celi: <\/b><\/p>\n<ul>\n<li><a title=\"biznes\" href=\"http:\/\/flpbiznes.com.pl\">potrzebujesz dodatkowego dochodu<\/a>?<\/li>\n<li>praca nie daje Ci satysfakcji i chcesz j\u0105 zmieni\u0107?<\/li>\n<li>nie chcesz zmienia\u0107 pracy, ale my\u015blisz o dodatkowym zaj\u0119ciu?<\/li>\n<li>jeste\u015b emerytem ale chcesz by\u0107 nadal aktywny?<\/li>\n<li>jeste\u015b studentem i wci\u0105\u017c brakuje Ci got\u00f3wki?<\/li>\n<li>w Twojej okolicy trudno znale\u017a\u0107 zatrudnienie?<\/li>\n<\/ul>\n<p><b><a title=\"biznes\" href=\"http:\/\/flpbiznes.com.pl\">Interesuje Ci\u0119 praca: \u00a0 <\/a>\u00a0 \u00a0 \u00a0 \u00a0 \u00a0<a href=\"http:\/\/forever.sklep.pl\/wp-content\/uploads\/2014\/10\/marzenia.jpg\"><img decoding=\"async\" loading=\"lazy\" class=\"size-medium wp-image-1301 alignright\" src=\"http:\/\/forever.sklep.pl\/wp-content\/uploads\/2014\/10\/marzenia-300x200.jpg\" alt=\"marzenia\" width=\"300\" height=\"200\" srcset=\"http:\/\/forever.sklep.pl\/wp-content\/uploads\/2014\/10\/marzenia-300x200.jpg 300w, http:\/\/forever.sklep.pl\/wp-content\/uploads\/2014\/10\/marzenia.jpg 1024w\" sizes=\"(max-width: 300px) 100vw, 300px\" \/><\/a><br \/>\n<\/b><\/p>\n<ul>\n<li>na w\u0142asny rachunek?<\/li>\n<li>bez zobowi\u0105za\u0144 i bez szefa?<\/li>\n<li>umo\u017cliwiaj\u0105ca nawi\u0105zanie szerokich kontakt\u00f3w?<\/li>\n<li>w dogodnym dla Ciebie rytmie i w sympatycznym otoczeniu?<\/li>\n<li>\u0142\u0105cz\u0105ca wysi\u0142ek z przyjemno\u015bci\u0105?<\/li>\n<li>pozwalaj\u0105ca po\u015bwi\u0119ca\u0107 du\u017co czasu rodzinie?<\/li>\n<li>daj\u0105ca mo\u017cliwo\u015b\u0107 podr\u00f3\u017cowania po \u015bwiecie?<\/li>\n<li>wynagradzana odpowiednio do w\u0142o\u017conego wysi\u0142ku?<\/li>\n<li>umo\u017cliwiaj\u0105ca otrzymanie samochodu lub jego zmian\u0119 na lepszy?<\/li>\n<li>oraz mo\u017cliwo\u015b\u0107 kupna nowego domu dla Ciebie i rodziny?<\/li>\n<\/ul>\n<p><b>je\u015bli tak&#8230;<\/b><\/p>\n<p>podejmij wsp\u00f3\u0142prac\u0119 ze mn\u0105!<\/p>\n<p>Wsp\u00f3\u0142praca z Forever Living Products Poland umo\u017cliwi Ci prowadzenie w\u0142asnej niezale\u017cnej dzia\u0142alno\u015bci biznesowej, pozwalaj\u0105cej bezkonfliktowo \u0142\u0105czy\u0107 \u017cycie zawodowe i rodzinne. Rozpoczynaj\u0105c wsp\u00f3\u0142prac\u0119 z Forever nic nie ryzykujesz, nie inwestujesz finansowo i nie podejmujesz zobowi\u0105za\u0144.<\/p>\n<p><b>Oferujemy: <\/b><\/p>\n<ul>\n<li>ka\u017cdemu &#8211; mo\u017cliwo\u015b\u0107 podj\u0119cia wsp\u00f3\u0142pracy jako dystrybutor<\/li>\n<li>ambitnym &#8211; mo\u017cliwo\u015b\u0107 zbudowania w\u0142asnego grona wsp\u00f3\u0142pracownik\u00f3w i stworzenia bardzo dochodowego biznesu<\/li>\n<li>wszystkim &#8211; motywuj\u0105cy i satysfakcjonuj\u0105cy schemat wynagrodzenia<\/li>\n<li>pracowitym &#8211; dodatkowe nagrody w postaci zagranicznych podr\u00f3\u017cy i sfinansowania zakupu samochodu<\/li>\n<li>pocz\u0105tkuj\u0105cym &#8211; bezp\u0142atne przeszkolenie i wszechstronn\u0105 pomoc<\/li>\n<li>\u017c\u0105dnym wiedzy &#8211; szeroki zakres wyk\u0142ad\u00f3w i trening\u00f3w motywacyjnych oraz opracowany specjalnie, odpowiednio do ka\u017cdego etapu wsp\u00f3\u0142pracy, cykl szkoleniowy<\/li>\n<\/ul>\n<p align=\"center\"><span style=\"color: #008000;\"><b>JESTE\u015a NA TAK?! \u2013 wype\u0142nij poni\u017cszy formularz kontaktowy lub skontaktuj si\u0119 z nami pod nr tel.: tel. 608 453 610\u00a0<\/b><\/span><\/p>\n<p align=\"center\"><div class=\"wpcf7 no-js\" id=\"wpcf7-f58-o1\" lang=\"pl-PL\" dir=\"ltr\">\n<div class=\"screen-reader-response\"><p role=\"status\" aria-live=\"polite\" aria-atomic=\"true\"><\/p> <ul><\/ul><\/div>\n<form action=\"\/index.php?rest_route=%2Fwp%2Fv2%2Fpages%2F794#wpcf7-f58-o1\" method=\"post\" class=\"wpcf7-form init\" aria-label=\"Formularz kontaktowy\" novalidate=\"novalidate\" data-status=\"init\">\n<div style=\"display: none;\">\n<input type=\"hidden\" name=\"_wpcf7\" value=\"58\" \/>\n<input type=\"hidden\" name=\"_wpcf7_version\" value=\"5.7.2\" \/>\n<input type=\"hidden\" name=\"_wpcf7_locale\" value=\"pl_PL\" \/>\n<input type=\"hidden\" name=\"_wpcf7_unit_tag\" value=\"wpcf7-f58-o1\" \/>\n<input type=\"hidden\" name=\"_wpcf7_container_post\" value=\"0\" \/>\n<input type=\"hidden\" name=\"_wpcf7_posted_data_hash\" value=\"\" \/>\n<\/div>\n<p>Imi\u0119 i nazwisko (wymagane)\n<\/p>\n<p><span class=\"wpcf7-form-control-wrap\" data-name=\"your-name\"><input size=\"40\" class=\"wpcf7-form-control wpcf7-text wpcf7-validates-as-required\" aria-required=\"true\" aria-invalid=\"false\" value=\"\" type=\"text\" name=\"your-name\" \/><\/span>\n<\/p>\n<p>Adres email (wymagane)\n<\/p>\n<p><span class=\"wpcf7-form-control-wrap\" data-name=\"your-email\"><input size=\"40\" class=\"wpcf7-form-control wpcf7-text wpcf7-email wpcf7-validates-as-required wpcf7-validates-as-email\" aria-required=\"true\" aria-invalid=\"false\" value=\"\" type=\"email\" name=\"your-email\" \/><\/span>\n<\/p>\n<p>Temat\n<\/p>\n<p><span class=\"wpcf7-form-control-wrap\" data-name=\"your-subject\"><input size=\"40\" class=\"wpcf7-form-control wpcf7-text\" aria-invalid=\"false\" value=\"\" type=\"text\" name=\"your-subject\" \/><\/span>\n<\/p>\n<p>Tre\u015b\u0107 wiadomo\u015bci\n<\/p>\n<p><span class=\"wpcf7-form-control-wrap\" data-name=\"your-message\"><textarea cols=\"40\" rows=\"10\" class=\"wpcf7-form-control wpcf7-textarea\" aria-invalid=\"false\" name=\"your-message\"><\/textarea><\/span>\n<\/p>\n<p><input class=\"wpcf7-form-control has-spinner wpcf7-submit\" type=\"submit\" value=\"Wy\u015blij\" \/>\n<\/p><p style=\"display: none !important;\" class=\"akismet-fields-container\" data-prefix=\"_wpcf7_ak_\"><label>&#916;<textarea name=\"_wpcf7_ak_hp_textarea\" cols=\"45\" rows=\"8\" maxlength=\"100\"><\/textarea><\/label><input type=\"hidden\" id=\"ak_js_1\" name=\"_wpcf7_ak_js\" value=\"213\"\/><script>document.getElementById( \"ak_js_1\" ).setAttribute( \"value\", ( new Date() ).getTime() );<\/script><\/p><div class=\"wpcf7-response-output\" aria-hidden=\"true\"><\/div><\/form><\/div><\/p>\n<p style=\"text-align: center;\" align=\"center\">\n","protected":false},"excerpt":{"rendered":"<p>Je\u017celi: potrzebujesz dodatkowego dochodu? praca nie daje Ci satysfakcji i chcesz j\u0105 zmieni\u0107? nie chcesz zmienia\u0107 pracy, ale my\u015blisz o dodatkowym zaj\u0119ciu? jeste\u015b emerytem ale chcesz by\u0107 nadal aktywny? jeste\u015b studentem i wci\u0105\u017c brakuje Ci got\u00f3wki? w Twojej okolicy trudno&hellip; <\/p>\n","protected":false},"author":1,"featured_media":1076,"parent":0,"menu_order":0,"comment_status":"closed","ping_status":"open","template":"","meta":[],"_links":{"self":[{"href":"http:\/\/forever.sklep.pl\/index.php?rest_route=\/wp\/v2\/pages\/794"}],"collection":[{"href":"http:\/\/forever.sklep.pl\/index.php?rest_route=\/wp\/v2\/pages"}],"about":[{"href":"http:\/\/forever.sklep.pl\/index.php?rest_route=\/wp\/v2\/types\/page"}],"author":[{"embeddable":true,"href":"http:\/\/forever.sklep.pl\/index.php?rest_route=\/wp\/v2\/users\/1"}],"replies":[{"embeddable":true,"href":"http:\/\/forever.sklep.pl\/index.php?rest_route=%2Fwp%2Fv2%2Fcomments&post=794"}],"version-history":[{"count":12,"href":"http:\/\/forever.sklep.pl\/index.php?rest_route=\/wp\/v2\/pages\/794\/revisions"}],"predecessor-version":[{"id":1977,"href":"http:\/\/forever.sklep.pl\/index.php?rest_route=\/wp\/v2\/pages\/794\/revisions\/1977"}],"wp:featuredmedia":[{"embeddable":true,"href":"http:\/\/forever.sklep.pl\/index.php?rest_route=\/wp\/v2\/media\/1076"}],"wp:attachment":[{"href":"http:\/\/forever.sklep.pl\/index.php?rest_route=%2Fwp%2Fv2%2Fmedia&parent=794"}],"curies":[{"name":"wp","href":"https:\/\/api.w.org\/{rel}","templated":true}]}}